{"id":3573,"date":"2021-06-24T21:12:48","date_gmt":"2021-06-24T21:12:48","guid":{"rendered":"https:\/\/sourcenaturelle.eu\/product\/marias-huile-noix-de-coco-et-jojoba-bio-100-ml\/"},"modified":"2021-06-24T21:12:48","modified_gmt":"2021-06-24T21:12:48","slug":"marias-huile-noix-de-coco-et-jojoba-bio-100-ml","status":"publish","type":"product","link":"https:\/\/sourcenaturelle.eu\/fr\/produit\/marias-huile-noix-de-coco-et-jojoba-bio-100-ml\/","title":{"rendered":"MARIAS Huile Noix de coco et Jojoba Bio, 100 ml."},"content":{"rendered":"<p>Cette combinaison unique de deux huiles v\u00e9g\u00e9tales au parfum envo\u00fbtant r\u00e9gule l&rsquo;hydratation de la peau, la rend douce et souple et p\u00e9n\u00e8tre rapidement.<br \/>\nPeut \u00e9galement \u00eatre utilis\u00e9 pour soigner les pointes des cheveux!<\/p>\n<p>L&rsquo;huile peut devenir solide \u00e0 basse temp\u00e9rature ; pour la rendre \u00e0 nouveau liquide, il suffit de la placer bri\u00e8vement dans un verre d&rsquo;eau chaude.<\/p>\n","protected":false},"excerpt":{"rendered":"<p>Pour toutes les peaux et cheveux.<\/p>\n","protected":false},"featured_media":3570,"template":"","meta":{"_kad_post_transparent":"","_kad_post_title":"","_kad_post_layout":"","_kad_post_sidebar_id":"","_kad_post_content_style":"","_kad_post_vertical_padding":"","_kad_post_feature":"","_kad_post_feature_position":"","_kad_post_header":false,"_kad_post_footer":false,"_kad_post_classname":""},"product_brand":[],"product_cat":[105,75,126,215,194,203,93],"product_tag":[],"class_list":{"0":"post-3573","1":"product","2":"type-product","3":"status-publish","4":"has-post-thumbnail","6":"product_cat-cheveux","7":"product_cat-corps","8":"product_cat-marias-fr","9":"product_cat-soins-des-cheveux","10":"product_cat-soins-hydratants","11":"product_cat-soins-hydratants-visage","12":"product_cat-visage","14":"first","15":"instock","16":"shipping-taxable","17":"purchasable","18":"product-type-simple","19":"entry","20":"content-bg","21":"loop-entry"},"_links":{"self":[{"href":"https:\/\/sourcenaturelle.eu\/fr\/wp-json\/wp\/v2\/product\/3573","targetHints":{"allow":["GET"]}}],"collection":[{"href":"https:\/\/sourcenaturelle.eu\/fr\/wp-json\/wp\/v2\/product"}],"about":[{"href":"https:\/\/sourcenaturelle.eu\/fr\/wp-json\/wp\/v2\/types\/product"}],"wp:featuredmedia":[{"embeddable":true,"href":"https:\/\/sourcenaturelle.eu\/fr\/wp-json\/wp\/v2\/media\/3570"}],"wp:attachment":[{"href":"https:\/\/sourcenaturelle.eu\/fr\/wp-json\/wp\/v2\/media?parent=3573"}],"wp:term":[{"taxonomy":"product_brand","embeddable":true,"href":"https:\/\/sourcenaturelle.eu\/fr\/wp-json\/wp\/v2\/product_brand?post=3573"},{"taxonomy":"product_cat","embeddable":true,"href":"https:\/\/sourcenaturelle.eu\/fr\/wp-json\/wp\/v2\/product_cat?post=3573"},{"taxonomy":"product_tag","embeddable":true,"href":"https:\/\/sourcenaturelle.eu\/fr\/wp-json\/wp\/v2\/product_tag?post=3573"}],"curies":[{"name":"wp","href":"https:\/\/api.w.org\/{rel}","templated":true}]}}