{"id":3565,"date":"2021-06-24T20:12:22","date_gmt":"2021-06-24T20:12:22","guid":{"rendered":"https:\/\/sourcenaturelle.eu\/product\/marias-beurre-corporel-mangue-bio-piece-100g\/"},"modified":"2021-06-24T20:12:22","modified_gmt":"2021-06-24T20:12:22","slug":"marias-beurre-corporel-mangue-bio-piece-100g","status":"publish","type":"product","link":"https:\/\/sourcenaturelle.eu\/fr\/produit\/marias-beurre-corporel-mangue-bio-piece-100g\/","title":{"rendered":"MARIAS Beurre Corporel Mangue Bio, pi\u00e8ce, 100g"},"content":{"rendered":"<p>Soins intensifs d&rsquo;\u00e9t\u00e9 sans eau:<\/p>\n<p>Le d\u00e9licieux fruit tropical fournit une mati\u00e8re grasse pr\u00e9cieuse \u00e0 partir de son noyau, le \u00ab\u00a0beurre de mangue\u00a0\u00bb.<br \/>\nNous avons ajout\u00e9 l&rsquo;huile rouge-orange de la baie d&rsquo;argousier et des huiles d&rsquo;agrumes fruit\u00e9es. Le r\u00e9sultat est un d\u00e9licieux \u00ab\u00a0beurre d&rsquo;\u00e9t\u00e9\u00a0\u00bb qui donne \u00e0 la peau un teint sain tout en stimulant la production de m\u00e9lanine.<br \/>\nLa peau est nourrie de mani\u00e8re optimale, elle est douce et souple. Particuli\u00e8rement recommand\u00e9 pour les peaux s\u00e8ches.<\/p>\n<p>Conseil :<br \/>\nSoigne et apaise les irritations et les rougeurs de la peau apr\u00e8s un bain de soleil, en association avec le gel hydratant MAR\u00edAS\u00ae Bio PUR Aloe Vera. Id\u00e9al \u00e9galement pour pr\u00e9parer la peau aux bains de soleil, car il favorise la formation de m\u00e9lanine.<\/p>\n<p>Application<br \/>\nFaites glisser un morceau de beurre ou un b\u00e2tonnet sur la peau nettoy\u00e9e et faites p\u00e9n\u00e9trer le beurre en le faisant fondre sur la peau chaude. Ou : coupez un morceau de beurre, laissez-le fondre dans vos mains, massez-le.<\/p>\n","protected":false},"excerpt":{"rendered":"<p>Pour toutes les peaux.<br \/>\nPour les peaux s\u00e8ches.<\/p>\n","protected":false},"featured_media":3562,"template":"","meta":{"_kad_post_transparent":"","_kad_post_title":"","_kad_post_layout":"","_kad_post_sidebar_id":"","_kad_post_content_style":"","_kad_post_vertical_padding":"","_kad_post_feature":"","_kad_post_feature_position":"","_kad_post_header":false,"_kad_post_footer":false,"_kad_post_classname":""},"product_brand":[],"product_cat":[75,126,194],"product_tag":[],"class_list":{"0":"post-3565","1":"product","2":"type-product","3":"status-publish","4":"has-post-thumbnail","6":"product_cat-corps","7":"product_cat-marias-fr","8":"product_cat-soins-hydratants","10":"first","11":"instock","12":"shipping-taxable","13":"purchasable","14":"product-type-simple","15":"entry","16":"content-bg","17":"loop-entry"},"_links":{"self":[{"href":"https:\/\/sourcenaturelle.eu\/fr\/wp-json\/wp\/v2\/product\/3565","targetHints":{"allow":["GET"]}}],"collection":[{"href":"https:\/\/sourcenaturelle.eu\/fr\/wp-json\/wp\/v2\/product"}],"about":[{"href":"https:\/\/sourcenaturelle.eu\/fr\/wp-json\/wp\/v2\/types\/product"}],"wp:featuredmedia":[{"embeddable":true,"href":"https:\/\/sourcenaturelle.eu\/fr\/wp-json\/wp\/v2\/media\/3562"}],"wp:attachment":[{"href":"https:\/\/sourcenaturelle.eu\/fr\/wp-json\/wp\/v2\/media?parent=3565"}],"wp:term":[{"taxonomy":"product_brand","embeddable":true,"href":"https:\/\/sourcenaturelle.eu\/fr\/wp-json\/wp\/v2\/product_brand?post=3565"},{"taxonomy":"product_cat","embeddable":true,"href":"https:\/\/sourcenaturelle.eu\/fr\/wp-json\/wp\/v2\/product_cat?post=3565"},{"taxonomy":"product_tag","embeddable":true,"href":"https:\/\/sourcenaturelle.eu\/fr\/wp-json\/wp\/v2\/product_tag?post=3565"}],"curies":[{"name":"wp","href":"https:\/\/api.w.org\/{rel}","templated":true}]}}