{"id":3557,"date":"2021-06-24T19:46:18","date_gmt":"2021-06-24T19:46:18","guid":{"rendered":"https:\/\/sourcenaturelle.eu\/product\/marias-schaumi-mousse-nettoyante-bio-100-ml\/"},"modified":"2021-06-24T19:46:18","modified_gmt":"2021-06-24T19:46:18","slug":"marias-schaumi-mousse-nettoyante-bio-100-ml","status":"publish","type":"product","link":"https:\/\/sourcenaturelle.eu\/fr\/produit\/marias-schaumi-mousse-nettoyante-bio-100-ml\/","title":{"rendered":"MARIAS Schaumi Mousse Nettoyante Bio, 100 ml"},"content":{"rendered":"<p>Laver les mains ? C&rsquo;est amusant !<\/p>\n<p>Avec Schaumi, le b\u00e9b\u00e9 \u00e9l\u00e9phant parfum\u00e9, le nettoyage en profondeur de la peau et des cheveux devient un jeu d&rsquo;enfant !<br \/>\nSchaumi est un produit de nettoyage unique tout-en-un pour les enfants, adapt\u00e9 au lavage des mains, \u00e0 la douche et au lavage des cheveux. La formule extra-douce nettoie en douceur mais en profondeur la peau des enfants, cr\u00e9ant une mousse douce que les enfants adorent.  Un merveilleux compagnon de tous les jours !<\/p>\n<p>Schaumi est<br \/>\n&#8211; durable avec recharge : il existe un concentr\u00e9 bon march\u00e9 (250 ml) \u00e0 recharger &#8211; cela suffit pour 5 recharges !<br \/>\n&#8211; \u00c9conomique \u00e0 utiliser : une pompe suffit pour se laver les mains !<br \/>\n&#8211; avec un merveilleux parfum fruit\u00e9 de mandarine<\/p>\n","protected":false},"excerpt":{"rendered":"<p>Laver les mains ? C&rsquo;est amusant ! Avec Schaumi, le b\u00e9b\u00e9 \u00e9l\u00e9phant parfum\u00e9, le nettoyage en profondeur de la peau et des cheveux devient un jeu d&rsquo;enfant ! Schaumi est un produit de nettoyage unique tout-en-un pour les enfants, adapt\u00e9 au lavage des mains, \u00e0 la douche et au lavage des cheveux. La formule extra-douce&#8230;<\/p>\n","protected":false},"featured_media":3554,"template":"","meta":{"_kad_post_transparent":"","_kad_post_title":"","_kad_post_layout":"","_kad_post_sidebar_id":"","_kad_post_content_style":"","_kad_post_vertical_padding":"","_kad_post_feature":"","_kad_post_feature_position":"","_kad_post_header":false,"_kad_post_footer":false,"_kad_post_classname":""},"product_brand":[],"product_cat":[188,75,123,117,126],"product_tag":[],"class_list":{"0":"post-3557","1":"product","2":"type-product","3":"status-publish","4":"has-post-thumbnail","6":"product_cat-bain-douche","7":"product_cat-corps","8":"product_cat-douche-shampoing","9":"product_cat-enfants","10":"product_cat-marias-fr","12":"first","13":"instock","14":"shipping-taxable","15":"purchasable","16":"product-type-simple","17":"entry","18":"content-bg","19":"loop-entry"},"_links":{"self":[{"href":"https:\/\/sourcenaturelle.eu\/fr\/wp-json\/wp\/v2\/product\/3557","targetHints":{"allow":["GET"]}}],"collection":[{"href":"https:\/\/sourcenaturelle.eu\/fr\/wp-json\/wp\/v2\/product"}],"about":[{"href":"https:\/\/sourcenaturelle.eu\/fr\/wp-json\/wp\/v2\/types\/product"}],"wp:featuredmedia":[{"embeddable":true,"href":"https:\/\/sourcenaturelle.eu\/fr\/wp-json\/wp\/v2\/media\/3554"}],"wp:attachment":[{"href":"https:\/\/sourcenaturelle.eu\/fr\/wp-json\/wp\/v2\/media?parent=3557"}],"wp:term":[{"taxonomy":"product_brand","embeddable":true,"href":"https:\/\/sourcenaturelle.eu\/fr\/wp-json\/wp\/v2\/product_brand?post=3557"},{"taxonomy":"product_cat","embeddable":true,"href":"https:\/\/sourcenaturelle.eu\/fr\/wp-json\/wp\/v2\/product_cat?post=3557"},{"taxonomy":"product_tag","embeddable":true,"href":"https:\/\/sourcenaturelle.eu\/fr\/wp-json\/wp\/v2\/product_tag?post=3557"}],"curies":[{"name":"wp","href":"https:\/\/api.w.org\/{rel}","templated":true}]}}