{"id":3547,"date":"2021-06-24T14:38:23","date_gmt":"2021-06-24T14:38:23","guid":{"rendered":"https:\/\/sourcenaturelle.eu\/product\/marias-protection-pour-les-cheveux-aloe-et-proteine-de-ble-125-ml\/"},"modified":"2021-06-24T14:38:23","modified_gmt":"2021-06-24T14:38:23","slug":"marias-protection-pour-les-cheveux-aloe-et-proteine-de-ble-125-ml","status":"publish","type":"product","link":"https:\/\/sourcenaturelle.eu\/fr\/produit\/marias-protection-pour-les-cheveux-aloe-et-proteine-de-ble-125-ml\/","title":{"rendered":"MARIAS Protection pour les Cheveux Aloe et Prot\u00e9ine de bl\u00e9, 125 ml."},"content":{"rendered":"<p>Renforcement de la structure des cheveux ab\u00eem\u00e9s : la structure des cheveux ab\u00eem\u00e9s est efficacement renforc\u00e9e et construite par l&rsquo;aloe vera et les prot\u00e9ines de bl\u00e9, l&rsquo;hydrolat de fleurs de camomille et les extraits de plantes nourrissent, le vinaigre a un effet \u00e9quilibrant. Particuli\u00e8rement adapt\u00e9 au changement de cheveux trait\u00e9s chimiquement.<\/p>\n<p>Application<br \/>\nApr\u00e8s le shampooing, vaporisez sur les cheveux essor\u00e9s \u00e0 la serviette comme un traitement rapide et coiffez comme d&rsquo;habitude. Ou comme soin suppl\u00e9mentaire entre les deux : Brossez les cheveux, vaporisez le spray sur les cheveux et le cuir chevelu secs, laissez s\u00e9cher.<\/p>\n","protected":false},"excerpt":{"rendered":"<p>Pour les cheveux secs et abim\u00e9s<\/p>\n","protected":false},"featured_media":4914,"template":"","meta":{"_kad_post_transparent":"","_kad_post_title":"","_kad_post_layout":"","_kad_post_sidebar_id":"","_kad_post_content_style":"","_kad_post_vertical_padding":"","_kad_post_feature":"","_kad_post_feature_position":"","_kad_post_header":false,"_kad_post_footer":false,"_kad_post_classname":""},"product_brand":[],"product_cat":[105,126,215],"product_tag":[],"class_list":{"0":"post-3547","1":"product","2":"type-product","3":"status-publish","4":"has-post-thumbnail","6":"product_cat-cheveux","7":"product_cat-marias-fr","8":"product_cat-soins-des-cheveux","10":"first","11":"instock","12":"shipping-taxable","13":"purchasable","14":"product-type-simple","15":"entry","16":"content-bg","17":"loop-entry"},"_links":{"self":[{"href":"https:\/\/sourcenaturelle.eu\/fr\/wp-json\/wp\/v2\/product\/3547","targetHints":{"allow":["GET"]}}],"collection":[{"href":"https:\/\/sourcenaturelle.eu\/fr\/wp-json\/wp\/v2\/product"}],"about":[{"href":"https:\/\/sourcenaturelle.eu\/fr\/wp-json\/wp\/v2\/types\/product"}],"wp:featuredmedia":[{"embeddable":true,"href":"https:\/\/sourcenaturelle.eu\/fr\/wp-json\/wp\/v2\/media\/4914"}],"wp:attachment":[{"href":"https:\/\/sourcenaturelle.eu\/fr\/wp-json\/wp\/v2\/media?parent=3547"}],"wp:term":[{"taxonomy":"product_brand","embeddable":true,"href":"https:\/\/sourcenaturelle.eu\/fr\/wp-json\/wp\/v2\/product_brand?post=3547"},{"taxonomy":"product_cat","embeddable":true,"href":"https:\/\/sourcenaturelle.eu\/fr\/wp-json\/wp\/v2\/product_cat?post=3547"},{"taxonomy":"product_tag","embeddable":true,"href":"https:\/\/sourcenaturelle.eu\/fr\/wp-json\/wp\/v2\/product_tag?post=3547"}],"curies":[{"name":"wp","href":"https:\/\/api.w.org\/{rel}","templated":true}]}}