{"id":3539,"date":"2021-06-24T12:47:23","date_gmt":"2021-06-24T12:47:23","guid":{"rendered":"https:\/\/sourcenaturelle.eu\/product\/marias-masque-capillaire-bio-reparation-intensive-150-ml\/"},"modified":"2021-06-24T12:47:23","modified_gmt":"2021-06-24T12:47:23","slug":"marias-masque-capillaire-bio-reparation-intensive-150-ml","status":"publish","type":"product","link":"https:\/\/sourcenaturelle.eu\/fr\/produit\/marias-masque-capillaire-bio-reparation-intensive-150-ml\/","title":{"rendered":"MARIAS Masque Capillaire Bio, R\u00e9paration Intensive, 150 ml"},"content":{"rendered":"<p>Soin intensif \u00e0 l&rsquo;huile de jojoba, \u00e0 l&rsquo;huile d&rsquo;amande et au beurre de karit\u00e9, des racines aux pointes. Sp\u00e9cialement pour les cheveux endommag\u00e9s, fragiles et secs. Le r\u00e9sultat est des cheveux souple, soyeux et d&rsquo;une brillance saine.<\/p>\n<p>R\u00e9partir sur les longueurs des cheveux, laisser agir pendant 10 minutes, rincer \u00e0 l&rsquo;eau fra\u00eeche. L&rsquo;effet est intensifi\u00e9 par une chaleur suppl\u00e9mentaire (par exemple sous un film alimentaire). Nous recommandons l&rsquo;application une fois par semaine.<\/p>\n","protected":false},"excerpt":{"rendered":"<p>Pour les cheveux endommag\u00e9s, fragiles et secs<\/p>\n","protected":false},"featured_media":4918,"template":"","meta":{"_kad_post_transparent":"","_kad_post_title":"","_kad_post_layout":"","_kad_post_sidebar_id":"","_kad_post_content_style":"","_kad_post_vertical_padding":"","_kad_post_feature":"","_kad_post_feature_position":"","_kad_post_header":false,"_kad_post_footer":false,"_kad_post_classname":""},"product_brand":[],"product_cat":[105,126,209,215],"product_tag":[],"class_list":{"0":"post-3539","1":"product","2":"type-product","3":"status-publish","4":"has-post-thumbnail","6":"product_cat-cheveux","7":"product_cat-marias-fr","8":"product_cat-shampoings-apres-shampoings","9":"product_cat-soins-des-cheveux","11":"first","12":"instock","13":"shipping-taxable","14":"purchasable","15":"product-type-simple","16":"entry","17":"content-bg","18":"loop-entry"},"_links":{"self":[{"href":"https:\/\/sourcenaturelle.eu\/fr\/wp-json\/wp\/v2\/product\/3539","targetHints":{"allow":["GET"]}}],"collection":[{"href":"https:\/\/sourcenaturelle.eu\/fr\/wp-json\/wp\/v2\/product"}],"about":[{"href":"https:\/\/sourcenaturelle.eu\/fr\/wp-json\/wp\/v2\/types\/product"}],"wp:featuredmedia":[{"embeddable":true,"href":"https:\/\/sourcenaturelle.eu\/fr\/wp-json\/wp\/v2\/media\/4918"}],"wp:attachment":[{"href":"https:\/\/sourcenaturelle.eu\/fr\/wp-json\/wp\/v2\/media?parent=3539"}],"wp:term":[{"taxonomy":"product_brand","embeddable":true,"href":"https:\/\/sourcenaturelle.eu\/fr\/wp-json\/wp\/v2\/product_brand?post=3539"},{"taxonomy":"product_cat","embeddable":true,"href":"https:\/\/sourcenaturelle.eu\/fr\/wp-json\/wp\/v2\/product_cat?post=3539"},{"taxonomy":"product_tag","embeddable":true,"href":"https:\/\/sourcenaturelle.eu\/fr\/wp-json\/wp\/v2\/product_tag?post=3539"}],"curies":[{"name":"wp","href":"https:\/\/api.w.org\/{rel}","templated":true}]}}