{"id":3531,"date":"2021-06-24T12:31:50","date_gmt":"2021-06-24T12:31:50","guid":{"rendered":"https:\/\/sourcenaturelle.eu\/product\/marias-baume-pour-les-cheveux-soins-sensibles-bio-150-ml\/"},"modified":"2021-06-24T12:31:50","modified_gmt":"2021-06-24T12:31:50","slug":"marias-baume-pour-les-cheveux-soins-sensibles-bio-150-ml","status":"publish","type":"product","link":"https:\/\/sourcenaturelle.eu\/fr\/produit\/marias-baume-pour-les-cheveux-soins-sensibles-bio-150-ml\/","title":{"rendered":"MARIAS Baume pour les Cheveux, soins sensibles bio, 150 ml"},"content":{"rendered":"<p>Des ingr\u00e9dients tr\u00e8s efficaces comme l&rsquo;huile de s\u00e9same, les extraits de plantes et le jus d&rsquo;aloe vera am\u00e9liorent la structure des cheveux et les rendent souples et faciles \u00e0 coiffer sans les alourdir. Le soin suppl\u00e9mentaire apr\u00e8s chaque lavage de cheveux.<\/p>\n<p>Application<br \/>\nAppliquer sur les cheveux mouill\u00e9s comme un apr\u00e8s-shampooing et rincer sans laisser de traces. Il peut \u00e9galement \u00eatre appliqu\u00e9 sur les cheveux avant le rin\u00e7age du shampooing. Pour les cheveux particuli\u00e8rement secs ou cassants, on peut laisser une petite quantit\u00e9 de baume dans les cheveux.<\/p>\n","protected":false},"excerpt":{"rendered":"<p>Pour toutes les cheveux.<\/p>\n","protected":false},"featured_media":4922,"template":"","meta":{"_kad_post_transparent":"","_kad_post_title":"","_kad_post_layout":"","_kad_post_sidebar_id":"","_kad_post_content_style":"","_kad_post_vertical_padding":"","_kad_post_feature":"","_kad_post_feature_position":"","_kad_post_header":false,"_kad_post_footer":false,"_kad_post_classname":""},"product_brand":[],"product_cat":[105,126,209],"product_tag":[],"class_list":{"0":"post-3531","1":"product","2":"type-product","3":"status-publish","4":"has-post-thumbnail","6":"product_cat-cheveux","7":"product_cat-marias-fr","8":"product_cat-shampoings-apres-shampoings","10":"first","11":"instock","12":"shipping-taxable","13":"purchasable","14":"product-type-simple","15":"entry","16":"content-bg","17":"loop-entry"},"_links":{"self":[{"href":"https:\/\/sourcenaturelle.eu\/fr\/wp-json\/wp\/v2\/product\/3531","targetHints":{"allow":["GET"]}}],"collection":[{"href":"https:\/\/sourcenaturelle.eu\/fr\/wp-json\/wp\/v2\/product"}],"about":[{"href":"https:\/\/sourcenaturelle.eu\/fr\/wp-json\/wp\/v2\/types\/product"}],"wp:featuredmedia":[{"embeddable":true,"href":"https:\/\/sourcenaturelle.eu\/fr\/wp-json\/wp\/v2\/media\/4922"}],"wp:attachment":[{"href":"https:\/\/sourcenaturelle.eu\/fr\/wp-json\/wp\/v2\/media?parent=3531"}],"wp:term":[{"taxonomy":"product_brand","embeddable":true,"href":"https:\/\/sourcenaturelle.eu\/fr\/wp-json\/wp\/v2\/product_brand?post=3531"},{"taxonomy":"product_cat","embeddable":true,"href":"https:\/\/sourcenaturelle.eu\/fr\/wp-json\/wp\/v2\/product_cat?post=3531"},{"taxonomy":"product_tag","embeddable":true,"href":"https:\/\/sourcenaturelle.eu\/fr\/wp-json\/wp\/v2\/product_tag?post=3531"}],"curies":[{"name":"wp","href":"https:\/\/api.w.org\/{rel}","templated":true}]}}