{"id":3491,"date":"2021-06-23T08:51:14","date_gmt":"2021-06-23T08:51:14","guid":{"rendered":"https:\/\/sourcenaturelle.eu\/product\/marias-shampooing-au-chanvre-bio-250-ml\/"},"modified":"2021-06-23T08:51:14","modified_gmt":"2021-06-23T08:51:14","slug":"marias-shampooing-au-chanvre-bio-250-ml","status":"publish","type":"product","link":"https:\/\/sourcenaturelle.eu\/fr\/produit\/marias-shampooing-au-chanvre-bio-250-ml\/","title":{"rendered":"MARIAS Shampooing au Chanvre bio, 250 ml"},"content":{"rendered":"<p>Ce shampooing est particuli\u00e8rement recommand\u00e9 pour les cheveux stress\u00e9s par des facteurs externes ou internes. Avec de l&rsquo;huile de chanvre biologique, des prot\u00e9ines de bl\u00e9 et de l&rsquo;hamam\u00e9lis comme pr\u00e9cieuses substances de soin naturelles, il a un effet \u00e9quilibrant sur la structure, soigne le cuir chevelu et a un effet r\u00e9gulateur sur toute forme de desquamation. Avec un parfum fin et acidul\u00e9 de fleurs de chanvre, de c\u00e8dre, de bois de rose et de bergamote.<\/p>\n","protected":false},"excerpt":{"rendered":"<p>Pour les cheveux stress\u00e9s<\/p>\n","protected":false},"featured_media":3488,"template":"","meta":{"_kad_post_transparent":"","_kad_post_title":"","_kad_post_layout":"","_kad_post_sidebar_id":"","_kad_post_content_style":"","_kad_post_vertical_padding":"","_kad_post_feature":"","_kad_post_feature_position":"","_kad_post_header":false,"_kad_post_footer":false,"_kad_post_classname":""},"product_brand":[],"product_cat":[105,126,209],"product_tag":[],"class_list":{"0":"post-3491","1":"product","2":"type-product","3":"status-publish","4":"has-post-thumbnail","6":"product_cat-cheveux","7":"product_cat-marias-fr","8":"product_cat-shampoings-apres-shampoings","10":"first","11":"instock","12":"shipping-taxable","13":"purchasable","14":"product-type-simple","15":"entry","16":"content-bg","17":"loop-entry"},"_links":{"self":[{"href":"https:\/\/sourcenaturelle.eu\/fr\/wp-json\/wp\/v2\/product\/3491","targetHints":{"allow":["GET"]}}],"collection":[{"href":"https:\/\/sourcenaturelle.eu\/fr\/wp-json\/wp\/v2\/product"}],"about":[{"href":"https:\/\/sourcenaturelle.eu\/fr\/wp-json\/wp\/v2\/types\/product"}],"wp:featuredmedia":[{"embeddable":true,"href":"https:\/\/sourcenaturelle.eu\/fr\/wp-json\/wp\/v2\/media\/3488"}],"wp:attachment":[{"href":"https:\/\/sourcenaturelle.eu\/fr\/wp-json\/wp\/v2\/media?parent=3491"}],"wp:term":[{"taxonomy":"product_brand","embeddable":true,"href":"https:\/\/sourcenaturelle.eu\/fr\/wp-json\/wp\/v2\/product_brand?post=3491"},{"taxonomy":"product_cat","embeddable":true,"href":"https:\/\/sourcenaturelle.eu\/fr\/wp-json\/wp\/v2\/product_cat?post=3491"},{"taxonomy":"product_tag","embeddable":true,"href":"https:\/\/sourcenaturelle.eu\/fr\/wp-json\/wp\/v2\/product_tag?post=3491"}],"curies":[{"name":"wp","href":"https:\/\/api.w.org\/{rel}","templated":true}]}}