{"id":3483,"date":"2021-06-23T08:42:14","date_gmt":"2021-06-23T08:42:14","guid":{"rendered":"https:\/\/sourcenaturelle.eu\/product\/marias-shampooing-a-largile-verte-pour-equilibrer-les-cheveux-bio-250-ml\/"},"modified":"2021-06-23T08:42:14","modified_gmt":"2021-06-23T08:42:14","slug":"marias-shampooing-a-largile-verte-pour-equilibrer-les-cheveux-bio-250-ml","status":"publish","type":"product","link":"https:\/\/sourcenaturelle.eu\/fr\/produit\/marias-shampooing-a-largile-verte-pour-equilibrer-les-cheveux-bio-250-ml\/","title":{"rendered":"MARIAS Shampooing \u00e0 l&rsquo;Argile Verte pour \u00e9quilibrer les cheveux bio, 250 ml"},"content":{"rendered":"<p>Le shampooing pour les cuirs chevelus gras ou agit\u00e9s : L&rsquo;effet min\u00e9ralisant alcalin de l&rsquo;argile verte combin\u00e9 aux extraits d&rsquo;ortie, d&rsquo;\u00e9corce de margousier et de racine de bardane \u00e9quilibrent la peau et les cheveux. Associ\u00e9 \u00e0 un massage intensif du cuir chevelu, le parfum rafra\u00eechissant et terreux a un effet apaisant sur les sens et l&rsquo;esprit.<\/p>\n","protected":false},"excerpt":{"rendered":"<p>Pour les cuirs chevelus gras ou agit\u00e9s<\/p>\n","protected":false},"featured_media":3480,"template":"","meta":{"_kad_post_transparent":"","_kad_post_title":"","_kad_post_layout":"","_kad_post_sidebar_id":"","_kad_post_content_style":"","_kad_post_vertical_padding":"","_kad_post_feature":"","_kad_post_feature_position":"","_kad_post_header":false,"_kad_post_footer":false,"_kad_post_classname":""},"product_brand":[],"product_cat":[105,126,209],"product_tag":[],"class_list":{"0":"post-3483","1":"product","2":"type-product","3":"status-publish","4":"has-post-thumbnail","6":"product_cat-cheveux","7":"product_cat-marias-fr","8":"product_cat-shampoings-apres-shampoings","10":"first","11":"instock","12":"shipping-taxable","13":"purchasable","14":"product-type-simple","15":"entry","16":"content-bg","17":"loop-entry"},"_links":{"self":[{"href":"https:\/\/sourcenaturelle.eu\/fr\/wp-json\/wp\/v2\/product\/3483","targetHints":{"allow":["GET"]}}],"collection":[{"href":"https:\/\/sourcenaturelle.eu\/fr\/wp-json\/wp\/v2\/product"}],"about":[{"href":"https:\/\/sourcenaturelle.eu\/fr\/wp-json\/wp\/v2\/types\/product"}],"wp:featuredmedia":[{"embeddable":true,"href":"https:\/\/sourcenaturelle.eu\/fr\/wp-json\/wp\/v2\/media\/3480"}],"wp:attachment":[{"href":"https:\/\/sourcenaturelle.eu\/fr\/wp-json\/wp\/v2\/media?parent=3483"}],"wp:term":[{"taxonomy":"product_brand","embeddable":true,"href":"https:\/\/sourcenaturelle.eu\/fr\/wp-json\/wp\/v2\/product_brand?post=3483"},{"taxonomy":"product_cat","embeddable":true,"href":"https:\/\/sourcenaturelle.eu\/fr\/wp-json\/wp\/v2\/product_cat?post=3483"},{"taxonomy":"product_tag","embeddable":true,"href":"https:\/\/sourcenaturelle.eu\/fr\/wp-json\/wp\/v2\/product_tag?post=3483"}],"curies":[{"name":"wp","href":"https:\/\/api.w.org\/{rel}","templated":true}]}}