{"id":3467,"date":"2021-06-23T08:20:48","date_gmt":"2021-06-23T08:20:48","guid":{"rendered":"https:\/\/sourcenaturelle.eu\/product\/marias-shampooing-olive-everyday-hair-body-bio-250-ml\/"},"modified":"2021-06-30T22:16:58","modified_gmt":"2021-06-30T22:16:58","slug":"marias-shampooing-olive-everyday-hair-body-bio-250-ml","status":"publish","type":"product","link":"https:\/\/sourcenaturelle.eu\/fr\/produit\/marias-shampooing-olive-everyday-hair-body-bio-250-ml\/","title":{"rendered":"MARIAS Shampooing Olive Everyday Hair &#038; Body Bio, 250 ml"},"content":{"rendered":"<p>Ce shampooing \u00e0 forte teneur en huile d&rsquo;olive biologique, en extraits de feuilles d&rsquo;olivier et en jus d&rsquo;aloe vera convient \u00e0 toutes les peaux et \u00e0 tous les cheveux, mais il est particuli\u00e8rement recommand\u00e9 aux hommes qui se douchent et se lavent les cheveux quotidiennement. Profitez du parfum des oliveraies grecques : avec des huiles essentielles de cypr\u00e8s, myrte, ciste, lavande, basilic et petit grain<\/p>\n","protected":false},"excerpt":{"rendered":"<p>Pour toutes les peaux et tous les cheveux<\/p>\n","protected":false},"featured_media":3464,"template":"","meta":{"_kad_post_transparent":"","_kad_post_title":"","_kad_post_layout":"","_kad_post_sidebar_id":"","_kad_post_content_style":"","_kad_post_vertical_padding":"","_kad_post_feature":"","_kad_post_feature_position":"","_kad_post_header":false,"_kad_post_footer":false,"_kad_post_classname":""},"product_brand":[],"product_cat":[188,105,75,126,209],"product_tag":[],"class_list":{"0":"post-3467","1":"product","2":"type-product","3":"status-publish","4":"has-post-thumbnail","6":"product_cat-bain-douche","7":"product_cat-cheveux","8":"product_cat-corps","9":"product_cat-marias-fr","10":"product_cat-shampoings-apres-shampoings","12":"first","13":"instock","14":"shipping-taxable","15":"purchasable","16":"product-type-simple","17":"entry","18":"content-bg","19":"loop-entry"},"_links":{"self":[{"href":"https:\/\/sourcenaturelle.eu\/fr\/wp-json\/wp\/v2\/product\/3467","targetHints":{"allow":["GET"]}}],"collection":[{"href":"https:\/\/sourcenaturelle.eu\/fr\/wp-json\/wp\/v2\/product"}],"about":[{"href":"https:\/\/sourcenaturelle.eu\/fr\/wp-json\/wp\/v2\/types\/product"}],"wp:featuredmedia":[{"embeddable":true,"href":"https:\/\/sourcenaturelle.eu\/fr\/wp-json\/wp\/v2\/media\/3464"}],"wp:attachment":[{"href":"https:\/\/sourcenaturelle.eu\/fr\/wp-json\/wp\/v2\/media?parent=3467"}],"wp:term":[{"taxonomy":"product_brand","embeddable":true,"href":"https:\/\/sourcenaturelle.eu\/fr\/wp-json\/wp\/v2\/product_brand?post=3467"},{"taxonomy":"product_cat","embeddable":true,"href":"https:\/\/sourcenaturelle.eu\/fr\/wp-json\/wp\/v2\/product_cat?post=3467"},{"taxonomy":"product_tag","embeddable":true,"href":"https:\/\/sourcenaturelle.eu\/fr\/wp-json\/wp\/v2\/product_tag?post=3467"}],"curies":[{"name":"wp","href":"https:\/\/api.w.org\/{rel}","templated":true}]}}