{"id":3459,"date":"2021-06-23T08:12:30","date_gmt":"2021-06-23T08:12:30","guid":{"rendered":"https:\/\/sourcenaturelle.eu\/product\/marias-shampooing-biere-et-miel-soin-volume-bio-250-ml\/"},"modified":"2021-06-23T08:12:30","modified_gmt":"2021-06-23T08:12:30","slug":"marias-shampooing-biere-et-miel-soin-volume-bio-250-ml","status":"publish","type":"product","link":"https:\/\/sourcenaturelle.eu\/fr\/produit\/marias-shampooing-biere-et-miel-soin-volume-bio-250-ml\/","title":{"rendered":"MARIAS Shampooing Bi\u00e8re et Miel Soin Volume bio, 250 ml"},"content":{"rendered":"<p>Ce shampooing aux propri\u00e9t\u00e9s de soutien de la bi\u00e8re, du miel, des prot\u00e9ines de bl\u00e9 et des extraits d&rsquo;ortie est particuli\u00e8rement recommand\u00e9 pour les cheveux fins et faibles : Il renforce les cheveux et leur donne de l&rsquo;ampleur et de la brillance. Avec un parfum frais et fruit\u00e9 d&rsquo;orange, de citron vert et autres.<\/p>\n","protected":false},"excerpt":{"rendered":"<p>Pour les cheveux fins et faible<\/p>\n","protected":false},"featured_media":3456,"template":"","meta":{"_kad_post_transparent":"","_kad_post_title":"","_kad_post_layout":"","_kad_post_sidebar_id":"","_kad_post_content_style":"","_kad_post_vertical_padding":"","_kad_post_feature":"","_kad_post_feature_position":"","_kad_post_header":false,"_kad_post_footer":false,"_kad_post_classname":""},"product_brand":[],"product_cat":[105,126,209],"product_tag":[],"class_list":{"0":"post-3459","1":"product","2":"type-product","3":"status-publish","4":"has-post-thumbnail","6":"product_cat-cheveux","7":"product_cat-marias-fr","8":"product_cat-shampoings-apres-shampoings","10":"first","11":"instock","12":"shipping-taxable","13":"purchasable","14":"product-type-simple","15":"entry","16":"content-bg","17":"loop-entry"},"_links":{"self":[{"href":"https:\/\/sourcenaturelle.eu\/fr\/wp-json\/wp\/v2\/product\/3459","targetHints":{"allow":["GET"]}}],"collection":[{"href":"https:\/\/sourcenaturelle.eu\/fr\/wp-json\/wp\/v2\/product"}],"about":[{"href":"https:\/\/sourcenaturelle.eu\/fr\/wp-json\/wp\/v2\/types\/product"}],"wp:featuredmedia":[{"embeddable":true,"href":"https:\/\/sourcenaturelle.eu\/fr\/wp-json\/wp\/v2\/media\/3456"}],"wp:attachment":[{"href":"https:\/\/sourcenaturelle.eu\/fr\/wp-json\/wp\/v2\/media?parent=3459"}],"wp:term":[{"taxonomy":"product_brand","embeddable":true,"href":"https:\/\/sourcenaturelle.eu\/fr\/wp-json\/wp\/v2\/product_brand?post=3459"},{"taxonomy":"product_cat","embeddable":true,"href":"https:\/\/sourcenaturelle.eu\/fr\/wp-json\/wp\/v2\/product_cat?post=3459"},{"taxonomy":"product_tag","embeddable":true,"href":"https:\/\/sourcenaturelle.eu\/fr\/wp-json\/wp\/v2\/product_tag?post=3459"}],"curies":[{"name":"wp","href":"https:\/\/api.w.org\/{rel}","templated":true}]}}