{"id":3451,"date":"2021-06-23T08:04:05","date_gmt":"2021-06-23T08:04:05","guid":{"rendered":"https:\/\/sourcenaturelle.eu\/product\/marias-shampooing-sensible-au-tilleul-bio-250-ml\/"},"modified":"2021-06-23T08:04:05","modified_gmt":"2021-06-23T08:04:05","slug":"marias-shampooing-sensible-au-tilleul-bio-250-ml","status":"publish","type":"product","link":"https:\/\/sourcenaturelle.eu\/fr\/produit\/marias-shampooing-sensible-au-tilleul-bio-250-ml\/","title":{"rendered":"MARIAS Shampooing Sensible au tilleul bio, 250 ml"},"content":{"rendered":"<p>Pour tous les types des cheveux, en particulier pour les cheveux secs et le cuir chevelu sensible. L&rsquo;huile de jojoba, les extraits de tilleul et le jus d&rsquo;aloe vera nettoient particuli\u00e8rement en douceur et prot\u00e8gent la structure de la peau et des cheveux. Parfum d\u00e9licat et fleuri d&rsquo;huiles essentielles pr\u00e9cieuses comme le jasmin, le bois de santal, l&rsquo;ylang ylang et le bois de rose.<\/p>\n","protected":false},"excerpt":{"rendered":"<p>Pour tous les types des cheveux, en particulier pour les cheveux secs et le cuir chevelu sensible.<\/p>\n","protected":false},"featured_media":3448,"template":"","meta":{"_kad_post_transparent":"","_kad_post_title":"","_kad_post_layout":"","_kad_post_sidebar_id":"","_kad_post_content_style":"","_kad_post_vertical_padding":"","_kad_post_feature":"","_kad_post_feature_position":"","_kad_post_header":false,"_kad_post_footer":false,"_kad_post_classname":""},"product_brand":[],"product_cat":[105,126,209],"product_tag":[],"class_list":{"0":"post-3451","1":"product","2":"type-product","3":"status-publish","4":"has-post-thumbnail","6":"product_cat-cheveux","7":"product_cat-marias-fr","8":"product_cat-shampoings-apres-shampoings","10":"first","11":"instock","12":"shipping-taxable","13":"purchasable","14":"product-type-simple","15":"entry","16":"content-bg","17":"loop-entry"},"_links":{"self":[{"href":"https:\/\/sourcenaturelle.eu\/fr\/wp-json\/wp\/v2\/product\/3451","targetHints":{"allow":["GET"]}}],"collection":[{"href":"https:\/\/sourcenaturelle.eu\/fr\/wp-json\/wp\/v2\/product"}],"about":[{"href":"https:\/\/sourcenaturelle.eu\/fr\/wp-json\/wp\/v2\/types\/product"}],"wp:featuredmedia":[{"embeddable":true,"href":"https:\/\/sourcenaturelle.eu\/fr\/wp-json\/wp\/v2\/media\/3448"}],"wp:attachment":[{"href":"https:\/\/sourcenaturelle.eu\/fr\/wp-json\/wp\/v2\/media?parent=3451"}],"wp:term":[{"taxonomy":"product_brand","embeddable":true,"href":"https:\/\/sourcenaturelle.eu\/fr\/wp-json\/wp\/v2\/product_brand?post=3451"},{"taxonomy":"product_cat","embeddable":true,"href":"https:\/\/sourcenaturelle.eu\/fr\/wp-json\/wp\/v2\/product_cat?post=3451"},{"taxonomy":"product_tag","embeddable":true,"href":"https:\/\/sourcenaturelle.eu\/fr\/wp-json\/wp\/v2\/product_tag?post=3451"}],"curies":[{"name":"wp","href":"https:\/\/api.w.org\/{rel}","templated":true}]}}