{"id":3443,"date":"2021-06-23T07:55:20","date_gmt":"2021-06-23T07:55:20","guid":{"rendered":"https:\/\/sourcenaturelle.eu\/product\/marias-bio-shampoo-rosmarin-clear-shine-250-ml\/"},"modified":"2021-06-23T07:55:20","modified_gmt":"2021-06-23T07:55:20","slug":"marias-bio-shampoo-rosmarin-clear-shine-250-ml","status":"publish","type":"product","link":"https:\/\/sourcenaturelle.eu\/fr\/produit\/marias-bio-shampoo-rosmarin-clear-shine-250-ml\/","title":{"rendered":"MARIAS Bio Shampoo Rosmarin Clear &#038; Shine, 250 ml"},"content":{"rendered":"<p>Des extraits de romarin, d&rsquo;ortie, d&rsquo;\u00e9corce de margousier, d&rsquo;\u00e9corce de ch\u00eane, de racine de bois de senteur et de sauge fournissent le spectre de principes actifs pour le soin des cheveux et du cuir chevelu rapidement gras et pour les pellicules. Agr\u00e9able parfum frais et herbac\u00e9 de romarin, geni\u00e8vre, sauge, basilic et autres.<\/p>\n","protected":false},"excerpt":{"rendered":"<p>Pour le cuir chevelu gras et contre pellicules.<\/p>\n","protected":false},"featured_media":3440,"template":"","meta":{"_kad_post_transparent":"","_kad_post_title":"","_kad_post_layout":"","_kad_post_sidebar_id":"","_kad_post_content_style":"","_kad_post_vertical_padding":"","_kad_post_feature":"","_kad_post_feature_position":"","_kad_post_header":false,"_kad_post_footer":false,"_kad_post_classname":""},"product_brand":[],"product_cat":[105,126,209],"product_tag":[],"class_list":{"0":"post-3443","1":"product","2":"type-product","3":"status-publish","4":"has-post-thumbnail","6":"product_cat-cheveux","7":"product_cat-marias-fr","8":"product_cat-shampoings-apres-shampoings","10":"first","11":"instock","12":"shipping-taxable","13":"purchasable","14":"product-type-simple","15":"entry","16":"content-bg","17":"loop-entry"},"_links":{"self":[{"href":"https:\/\/sourcenaturelle.eu\/fr\/wp-json\/wp\/v2\/product\/3443","targetHints":{"allow":["GET"]}}],"collection":[{"href":"https:\/\/sourcenaturelle.eu\/fr\/wp-json\/wp\/v2\/product"}],"about":[{"href":"https:\/\/sourcenaturelle.eu\/fr\/wp-json\/wp\/v2\/types\/product"}],"wp:featuredmedia":[{"embeddable":true,"href":"https:\/\/sourcenaturelle.eu\/fr\/wp-json\/wp\/v2\/media\/3440"}],"wp:attachment":[{"href":"https:\/\/sourcenaturelle.eu\/fr\/wp-json\/wp\/v2\/media?parent=3443"}],"wp:term":[{"taxonomy":"product_brand","embeddable":true,"href":"https:\/\/sourcenaturelle.eu\/fr\/wp-json\/wp\/v2\/product_brand?post=3443"},{"taxonomy":"product_cat","embeddable":true,"href":"https:\/\/sourcenaturelle.eu\/fr\/wp-json\/wp\/v2\/product_cat?post=3443"},{"taxonomy":"product_tag","embeddable":true,"href":"https:\/\/sourcenaturelle.eu\/fr\/wp-json\/wp\/v2\/product_tag?post=3443"}],"curies":[{"name":"wp","href":"https:\/\/api.w.org\/{rel}","templated":true}]}}