{"id":3427,"date":"2021-06-22T23:42:23","date_gmt":"2021-06-22T23:42:23","guid":{"rendered":"https:\/\/sourcenaturelle.eu\/product\/marias-baume-a-levres-a-largousier-bio-46-g\/"},"modified":"2021-06-22T23:42:23","modified_gmt":"2021-06-22T23:42:23","slug":"marias-baume-a-levres-a-largousier-bio-46-g","status":"publish","type":"product","link":"https:\/\/sourcenaturelle.eu\/fr\/produit\/marias-baume-a-levres-a-largousier-bio-46-g\/","title":{"rendered":"MARIAS Baume \u00e0 L\u00e8vres \u00e0 l&rsquo;argousier Bio, 4,6 g"},"content":{"rendered":"<p>Prot\u00e9gez et soignez vos l\u00e8vres avec des huiles et des cires naturelles de haute qualit\u00e9 telles que l&rsquo;huile de noix de coco, la cire d&rsquo;abeille, la lanoline, l&rsquo;huile de jojoba et le beurre de karit\u00e9 ; l&rsquo;huile d&rsquo;argousier offre une protection v\u00e9g\u00e9tale contre la lumi\u00e8re. A bon go\u00fbt, ne rend pas vos l\u00e8vres d\u00e9pendantes et les maintient douces et souples. Convient \u00e9galement aux enfants.<\/p>\n","protected":false},"excerpt":{"rendered":"<p>Prot\u00e9gez et soignez vos l\u00e8vres avec des huiles et des cires naturelles de haute qualit\u00e9 telles que l&rsquo;huile de noix de coco, la cire d&rsquo;abeille, la lanoline, l&rsquo;huile de jojoba et le beurre de karit\u00e9 ; l&rsquo;huile d&rsquo;argousier offre une protection v\u00e9g\u00e9tale contre la lumi\u00e8re. A bon go\u00fbt, ne rend pas vos l\u00e8vres d\u00e9pendantes et&#8230;<\/p>\n","protected":false},"featured_media":3424,"template":"","meta":{"_kad_post_transparent":"","_kad_post_title":"","_kad_post_layout":"","_kad_post_sidebar_id":"","_kad_post_content_style":"","_kad_post_vertical_padding":"","_kad_post_feature":"","_kad_post_feature_position":"","_kad_post_header":false,"_kad_post_footer":false,"_kad_post_classname":""},"product_brand":[],"product_cat":[117,126,120,93,200],"product_tag":[],"class_list":{"0":"post-3427","1":"product","2":"type-product","3":"status-publish","4":"has-post-thumbnail","6":"product_cat-enfants","7":"product_cat-marias-fr","8":"product_cat-soin-du-corps","9":"product_cat-visage","10":"product_cat-yeuxlevres","12":"first","13":"instock","14":"shipping-taxable","15":"purchasable","16":"product-type-simple","17":"entry","18":"content-bg","19":"loop-entry"},"_links":{"self":[{"href":"https:\/\/sourcenaturelle.eu\/fr\/wp-json\/wp\/v2\/product\/3427","targetHints":{"allow":["GET"]}}],"collection":[{"href":"https:\/\/sourcenaturelle.eu\/fr\/wp-json\/wp\/v2\/product"}],"about":[{"href":"https:\/\/sourcenaturelle.eu\/fr\/wp-json\/wp\/v2\/types\/product"}],"wp:featuredmedia":[{"embeddable":true,"href":"https:\/\/sourcenaturelle.eu\/fr\/wp-json\/wp\/v2\/media\/3424"}],"wp:attachment":[{"href":"https:\/\/sourcenaturelle.eu\/fr\/wp-json\/wp\/v2\/media?parent=3427"}],"wp:term":[{"taxonomy":"product_brand","embeddable":true,"href":"https:\/\/sourcenaturelle.eu\/fr\/wp-json\/wp\/v2\/product_brand?post=3427"},{"taxonomy":"product_cat","embeddable":true,"href":"https:\/\/sourcenaturelle.eu\/fr\/wp-json\/wp\/v2\/product_cat?post=3427"},{"taxonomy":"product_tag","embeddable":true,"href":"https:\/\/sourcenaturelle.eu\/fr\/wp-json\/wp\/v2\/product_tag?post=3427"}],"curies":[{"name":"wp","href":"https:\/\/api.w.org\/{rel}","templated":true}]}}