{"id":3419,"date":"2021-06-22T23:35:08","date_gmt":"2021-06-22T23:35:08","guid":{"rendered":"https:\/\/sourcenaturelle.eu\/product\/marias-dentifrice-a-la-menthe-salvia-bio-80-ml\/"},"modified":"2021-06-22T23:35:08","modified_gmt":"2021-06-22T23:35:08","slug":"marias-dentifrice-a-la-menthe-salvia-bio-80-ml","status":"publish","type":"product","link":"https:\/\/sourcenaturelle.eu\/fr\/produit\/marias-dentifrice-a-la-menthe-salvia-bio-80-ml\/","title":{"rendered":"MARIAS Dentifrice \u00e0 la Menthe Salvia Bio, 80 ml"},"content":{"rendered":"<p>Nettoie en douceur les dents gr\u00e2ce \u00e0 des agents nettoyants naturels qui prot\u00e8gent l&rsquo;\u00e9mail, et soigne et renforce les gencives gr\u00e2ce \u00e0 des extraits de plantes. Sans sucre, sans fluor.<\/p>\n","protected":false},"excerpt":{"rendered":"<p>Nettoie en douceur les dents gr\u00e2ce \u00e0 des agents nettoyants naturels qui prot\u00e8gent l&rsquo;\u00e9mail, et soigne et renforce les gencives gr\u00e2ce \u00e0 des extraits de plantes. Sans sucre, sans fluor.<\/p>\n","protected":false},"featured_media":3416,"template":"","meta":{"_kad_post_transparent":"","_kad_post_title":"","_kad_post_layout":"","_kad_post_sidebar_id":"","_kad_post_content_style":"","_kad_post_vertical_padding":"","_kad_post_feature":"","_kad_post_feature_position":"","_kad_post_header":false,"_kad_post_footer":false,"_kad_post_classname":""},"product_brand":[],"product_cat":[126,206,93],"product_tag":[],"class_list":{"0":"post-3419","1":"product","2":"type-product","3":"status-publish","4":"has-post-thumbnail","6":"product_cat-marias-fr","7":"product_cat-soins-bucco-dentaires","8":"product_cat-visage","10":"first","11":"instock","12":"shipping-taxable","13":"purchasable","14":"product-type-simple","15":"entry","16":"content-bg","17":"loop-entry"},"_links":{"self":[{"href":"https:\/\/sourcenaturelle.eu\/fr\/wp-json\/wp\/v2\/product\/3419","targetHints":{"allow":["GET"]}}],"collection":[{"href":"https:\/\/sourcenaturelle.eu\/fr\/wp-json\/wp\/v2\/product"}],"about":[{"href":"https:\/\/sourcenaturelle.eu\/fr\/wp-json\/wp\/v2\/types\/product"}],"wp:featuredmedia":[{"embeddable":true,"href":"https:\/\/sourcenaturelle.eu\/fr\/wp-json\/wp\/v2\/media\/3416"}],"wp:attachment":[{"href":"https:\/\/sourcenaturelle.eu\/fr\/wp-json\/wp\/v2\/media?parent=3419"}],"wp:term":[{"taxonomy":"product_brand","embeddable":true,"href":"https:\/\/sourcenaturelle.eu\/fr\/wp-json\/wp\/v2\/product_brand?post=3419"},{"taxonomy":"product_cat","embeddable":true,"href":"https:\/\/sourcenaturelle.eu\/fr\/wp-json\/wp\/v2\/product_cat?post=3419"},{"taxonomy":"product_tag","embeddable":true,"href":"https:\/\/sourcenaturelle.eu\/fr\/wp-json\/wp\/v2\/product_tag?post=3419"}],"curies":[{"name":"wp","href":"https:\/\/api.w.org\/{rel}","templated":true}]}}