{"id":3403,"date":"2021-06-22T23:15:48","date_gmt":"2021-06-22T23:15:48","guid":{"rendered":"https:\/\/sourcenaturelle.eu\/product\/marias-spray-deodorant-bio-50-ml\/"},"modified":"2021-06-22T23:15:48","modified_gmt":"2021-06-22T23:15:48","slug":"marias-spray-deodorant-bio-50-ml","status":"publish","type":"product","link":"https:\/\/sourcenaturelle.eu\/fr\/produit\/marias-spray-deodorant-bio-50-ml\/","title":{"rendered":"MARIAS Spray d\u00e9odorant Bio, 50 ml"},"content":{"rendered":"<p>Fra\u00eecheur naturelle : le sel gemme indig\u00e8ne dissous dans l&rsquo;hydrolat de sauge, les huiles essentielles odorantes et le micro-argent r\u00e9duisent la transpiration et pr\u00e9viennent les odeurs corporelles.<br \/>\nSans aluminium !<\/p>\n","protected":false},"excerpt":{"rendered":"<p>Fra\u00eecheur naturelle : le sel gemme indig\u00e8ne dissous dans l&rsquo;hydrolat de sauge, les huiles essentielles odorantes et le micro-argent r\u00e9duisent la transpiration et pr\u00e9viennent les odeurs corporelles. Sans aluminium !<\/p>\n","protected":false},"featured_media":3400,"template":"","meta":{"_kad_post_transparent":"","_kad_post_title":"","_kad_post_layout":"","_kad_post_sidebar_id":"","_kad_post_content_style":"","_kad_post_vertical_padding":"","_kad_post_feature":"","_kad_post_feature_position":"","_kad_post_header":false,"_kad_post_footer":false,"_kad_post_classname":""},"product_brand":[],"product_cat":[75,191,126],"product_tag":[],"class_list":{"0":"post-3403","1":"product","2":"type-product","3":"status-publish","4":"has-post-thumbnail","6":"product_cat-corps","7":"product_cat-deodorants-fr","8":"product_cat-marias-fr","10":"first","11":"instock","12":"shipping-taxable","13":"purchasable","14":"product-type-simple","15":"entry","16":"content-bg","17":"loop-entry"},"_links":{"self":[{"href":"https:\/\/sourcenaturelle.eu\/fr\/wp-json\/wp\/v2\/product\/3403","targetHints":{"allow":["GET"]}}],"collection":[{"href":"https:\/\/sourcenaturelle.eu\/fr\/wp-json\/wp\/v2\/product"}],"about":[{"href":"https:\/\/sourcenaturelle.eu\/fr\/wp-json\/wp\/v2\/types\/product"}],"wp:featuredmedia":[{"embeddable":true,"href":"https:\/\/sourcenaturelle.eu\/fr\/wp-json\/wp\/v2\/media\/3400"}],"wp:attachment":[{"href":"https:\/\/sourcenaturelle.eu\/fr\/wp-json\/wp\/v2\/media?parent=3403"}],"wp:term":[{"taxonomy":"product_brand","embeddable":true,"href":"https:\/\/sourcenaturelle.eu\/fr\/wp-json\/wp\/v2\/product_brand?post=3403"},{"taxonomy":"product_cat","embeddable":true,"href":"https:\/\/sourcenaturelle.eu\/fr\/wp-json\/wp\/v2\/product_cat?post=3403"},{"taxonomy":"product_tag","embeddable":true,"href":"https:\/\/sourcenaturelle.eu\/fr\/wp-json\/wp\/v2\/product_tag?post=3403"}],"curies":[{"name":"wp","href":"https:\/\/api.w.org\/{rel}","templated":true}]}}