{"id":3395,"date":"2021-06-22T23:00:13","date_gmt":"2021-06-22T23:00:13","guid":{"rendered":"https:\/\/sourcenaturelle.eu\/product\/marias-gommage-sucre-noix-de-coco-et-la-vanille-450-g\/"},"modified":"2021-06-22T23:00:13","modified_gmt":"2021-06-22T23:00:13","slug":"marias-gommage-sucre-noix-de-coco-et-la-vanille-450-g","status":"publish","type":"product","link":"https:\/\/sourcenaturelle.eu\/fr\/produit\/marias-gommage-sucre-noix-de-coco-et-la-vanille-450-g\/","title":{"rendered":"MARIAS Gommage Sucre Noix de Coco et la Vanille, 450 g"},"content":{"rendered":"<p>Le peeling au sucre de vanille et de noix de coco biologique est un soin particulier pour votre peau :<br \/>\nLe sucre \u00e9limine en douceur les cellules mortes de la peau, la farine de noix de coco nettoie en profondeur les pores, les huiles de noix de coco et de jojoba rendent la peau velout\u00e9e. L&rsquo;huile \u00e9nerg\u00e9tique blanche en combinaison avec la vanille renforce l&rsquo;esprit et laisse un parfum sp\u00e9cial.<\/p>\n<p><strong>Application<\/strong><br \/>\nComme un peeling ou un pack pour la douche :<br \/>\nAppliquez sur la peau humide par des mouvements circulaires. Prenez une douche chaude ou enveloppez-vous dans un drap et laissez-le pendant 20 minutes, puis retirez-le sous la douche. <\/p>\n<p>Comme le sucre de bain :<br \/>\nAjoutez 1 \u00e0 2 cuill\u00e8res \u00e0 soupe dans la baignoire et faites couler l&rsquo;eau chaude. Apr\u00e8s le bain, s\u00e9chez soigneusement la peau pour pr\u00e9server le film gras nourrissant. <\/p>\n","protected":false},"excerpt":{"rendered":"<p>Pour toutes les peaux.<\/p>\n","protected":false},"featured_media":3392,"template":"","meta":{"_kad_post_transparent":"","_kad_post_title":"","_kad_post_layout":"","_kad_post_sidebar_id":"","_kad_post_content_style":"","_kad_post_vertical_padding":"","_kad_post_feature":"","_kad_post_feature_position":"","_kad_post_header":false,"_kad_post_footer":false,"_kad_post_classname":""},"product_brand":[],"product_cat":[188,75,126],"product_tag":[],"class_list":{"0":"post-3395","1":"product","2":"type-product","3":"status-publish","4":"has-post-thumbnail","6":"product_cat-bain-douche","7":"product_cat-corps","8":"product_cat-marias-fr","10":"first","11":"instock","12":"shipping-taxable","13":"purchasable","14":"product-type-simple","15":"entry","16":"content-bg","17":"loop-entry"},"_links":{"self":[{"href":"https:\/\/sourcenaturelle.eu\/fr\/wp-json\/wp\/v2\/product\/3395","targetHints":{"allow":["GET"]}}],"collection":[{"href":"https:\/\/sourcenaturelle.eu\/fr\/wp-json\/wp\/v2\/product"}],"about":[{"href":"https:\/\/sourcenaturelle.eu\/fr\/wp-json\/wp\/v2\/types\/product"}],"wp:featuredmedia":[{"embeddable":true,"href":"https:\/\/sourcenaturelle.eu\/fr\/wp-json\/wp\/v2\/media\/3392"}],"wp:attachment":[{"href":"https:\/\/sourcenaturelle.eu\/fr\/wp-json\/wp\/v2\/media?parent=3395"}],"wp:term":[{"taxonomy":"product_brand","embeddable":true,"href":"https:\/\/sourcenaturelle.eu\/fr\/wp-json\/wp\/v2\/product_brand?post=3395"},{"taxonomy":"product_cat","embeddable":true,"href":"https:\/\/sourcenaturelle.eu\/fr\/wp-json\/wp\/v2\/product_cat?post=3395"},{"taxonomy":"product_tag","embeddable":true,"href":"https:\/\/sourcenaturelle.eu\/fr\/wp-json\/wp\/v2\/product_tag?post=3395"}],"curies":[{"name":"wp","href":"https:\/\/api.w.org\/{rel}","templated":true}]}}