{"id":3387,"date":"2021-06-22T22:49:23","date_gmt":"2021-06-22T22:49:23","guid":{"rendered":"https:\/\/sourcenaturelle.eu\/product\/marias-creme-pour-les-mains-bio-50-ml\/"},"modified":"2021-06-22T22:49:23","modified_gmt":"2021-06-22T22:49:23","slug":"marias-creme-pour-les-mains-bio-50-ml","status":"publish","type":"product","link":"https:\/\/sourcenaturelle.eu\/fr\/produit\/marias-creme-pour-les-mains-bio-50-ml\/","title":{"rendered":"MARIAS Cr\u00e8me pour les Mains bio, 50 ml"},"content":{"rendered":"<p>Une cr\u00e8me l\u00e9g\u00e8re qui est facilement absorb\u00e9e et apporte ainsi les principes actifs du calendula, de la camomille et de la lavande rapidement \u00ab\u00a0sous la peau\u00a0\u00bb ! Cette cr\u00e8me ne laisse pas de film gras, bien qu&rsquo;elle contienne suffisamment d&rsquo;huiles nourrissantes telles que l&rsquo;huile de carthame, l&rsquo;huile d&rsquo;olive, l&rsquo;huile de p\u00e9pins de raisin et le beurre de karit\u00e9.<\/p>\n","protected":false},"excerpt":{"rendered":"<p>Pour toutes les peaux.<\/p>\n","protected":false},"featured_media":3384,"template":"","meta":{"_kad_post_transparent":"","_kad_post_title":"","_kad_post_layout":"","_kad_post_sidebar_id":"","_kad_post_content_style":"","_kad_post_vertical_padding":"","_kad_post_feature":"","_kad_post_feature_position":"","_kad_post_header":false,"_kad_post_footer":false,"_kad_post_classname":""},"product_brand":[],"product_cat":[75,126,194],"product_tag":[],"class_list":{"0":"post-3387","1":"product","2":"type-product","3":"status-publish","4":"has-post-thumbnail","6":"product_cat-corps","7":"product_cat-marias-fr","8":"product_cat-soins-hydratants","10":"first","11":"instock","12":"shipping-taxable","13":"purchasable","14":"product-type-simple","15":"entry","16":"content-bg","17":"loop-entry"},"_links":{"self":[{"href":"https:\/\/sourcenaturelle.eu\/fr\/wp-json\/wp\/v2\/product\/3387","targetHints":{"allow":["GET"]}}],"collection":[{"href":"https:\/\/sourcenaturelle.eu\/fr\/wp-json\/wp\/v2\/product"}],"about":[{"href":"https:\/\/sourcenaturelle.eu\/fr\/wp-json\/wp\/v2\/types\/product"}],"wp:featuredmedia":[{"embeddable":true,"href":"https:\/\/sourcenaturelle.eu\/fr\/wp-json\/wp\/v2\/media\/3384"}],"wp:attachment":[{"href":"https:\/\/sourcenaturelle.eu\/fr\/wp-json\/wp\/v2\/media?parent=3387"}],"wp:term":[{"taxonomy":"product_brand","embeddable":true,"href":"https:\/\/sourcenaturelle.eu\/fr\/wp-json\/wp\/v2\/product_brand?post=3387"},{"taxonomy":"product_cat","embeddable":true,"href":"https:\/\/sourcenaturelle.eu\/fr\/wp-json\/wp\/v2\/product_cat?post=3387"},{"taxonomy":"product_tag","embeddable":true,"href":"https:\/\/sourcenaturelle.eu\/fr\/wp-json\/wp\/v2\/product_tag?post=3387"}],"curies":[{"name":"wp","href":"https:\/\/api.w.org\/{rel}","templated":true}]}}