{"id":3379,"date":"2021-06-22T22:39:47","date_gmt":"2021-06-22T22:39:47","guid":{"rendered":"https:\/\/sourcenaturelle.eu\/product\/marias-creme-pour-les-pieds-50-ml\/"},"modified":"2021-06-22T22:39:47","modified_gmt":"2021-06-22T22:39:47","slug":"marias-creme-pour-les-pieds-50-ml","status":"publish","type":"product","link":"https:\/\/sourcenaturelle.eu\/fr\/produit\/marias-creme-pour-les-pieds-50-ml\/","title":{"rendered":"MARIAS Cr\u00e8me pour les Pieds, 50 ml"},"content":{"rendered":"<p>Le soin optimal pour vos pieds: l&rsquo;huile d&rsquo;olive, l&rsquo;huile de millepertuis et le beurre de karit\u00e9 p\u00e9n\u00e8trent bien dans la peau et la rendent douce et souple. Les extraits de feuilles de vigne rouge et de marron d&rsquo;Inde agissent contre la sensation de lourdeur et de tension et les troubles circulatoires. L&rsquo;eau de sauge et d&rsquo;hamam\u00e9lis aide \u00e0 lutter contre la transpiration excessive, la propolis a un effet antibact\u00e9rien et donc contre la formation d&rsquo;odeurs.<\/p>\n","protected":false},"excerpt":{"rendered":"<p>Pour toutes les peaux.<\/p>\n","protected":false},"featured_media":3376,"template":"","meta":{"_kad_post_transparent":"","_kad_post_title":"","_kad_post_layout":"","_kad_post_sidebar_id":"","_kad_post_content_style":"","_kad_post_vertical_padding":"","_kad_post_feature":"","_kad_post_feature_position":"","_kad_post_header":false,"_kad_post_footer":false,"_kad_post_classname":""},"product_brand":[],"product_cat":[75,126,194],"product_tag":[],"class_list":{"0":"post-3379","1":"product","2":"type-product","3":"status-publish","4":"has-post-thumbnail","6":"product_cat-corps","7":"product_cat-marias-fr","8":"product_cat-soins-hydratants","10":"first","11":"instock","12":"shipping-taxable","13":"purchasable","14":"product-type-simple","15":"entry","16":"content-bg","17":"loop-entry"},"_links":{"self":[{"href":"https:\/\/sourcenaturelle.eu\/fr\/wp-json\/wp\/v2\/product\/3379","targetHints":{"allow":["GET"]}}],"collection":[{"href":"https:\/\/sourcenaturelle.eu\/fr\/wp-json\/wp\/v2\/product"}],"about":[{"href":"https:\/\/sourcenaturelle.eu\/fr\/wp-json\/wp\/v2\/types\/product"}],"wp:featuredmedia":[{"embeddable":true,"href":"https:\/\/sourcenaturelle.eu\/fr\/wp-json\/wp\/v2\/media\/3376"}],"wp:attachment":[{"href":"https:\/\/sourcenaturelle.eu\/fr\/wp-json\/wp\/v2\/media?parent=3379"}],"wp:term":[{"taxonomy":"product_brand","embeddable":true,"href":"https:\/\/sourcenaturelle.eu\/fr\/wp-json\/wp\/v2\/product_brand?post=3379"},{"taxonomy":"product_cat","embeddable":true,"href":"https:\/\/sourcenaturelle.eu\/fr\/wp-json\/wp\/v2\/product_cat?post=3379"},{"taxonomy":"product_tag","embeddable":true,"href":"https:\/\/sourcenaturelle.eu\/fr\/wp-json\/wp\/v2\/product_tag?post=3379"}],"curies":[{"name":"wp","href":"https:\/\/api.w.org\/{rel}","templated":true}]}}