{"id":3371,"date":"2021-06-22T22:23:33","date_gmt":"2021-06-22T22:23:33","guid":{"rendered":"https:\/\/sourcenaturelle.eu\/product\/marias-serum-clear-skin-bio-15-ml\/"},"modified":"2021-06-22T22:23:33","modified_gmt":"2021-06-22T22:23:33","slug":"marias-serum-clear-skin-bio-15-ml","status":"publish","type":"product","link":"https:\/\/sourcenaturelle.eu\/fr\/produit\/marias-serum-clear-skin-bio-15-ml\/","title":{"rendered":"MARIAS S\u00e9rum Clear Skin Bio, 15 ml"},"content":{"rendered":"<p>Sp\u00e9cialement pour les peaux impures : Un gel l\u00e9ger, fra\u00eechement parfum\u00e9, avec des hydrolats clarifiants de menthe poivr\u00e9e et de romarin, de la propolis antibact\u00e9rienne et de l&rsquo;huile de th\u00e9ier. Contient de l&rsquo;azul\u00e8ne apaisant et cicatrisant, un ingr\u00e9dient actif de la camomille.<\/p>\n<p><strong>Application<\/strong><br \/>\nApr\u00e8s avoir nettoy\u00e9 la peau (par exemple avec la cr\u00e8me lavante aux amandes et aux sables marins bio) et \u00e9ventuellement un masque ou un masque clarifiant, appliquez le s\u00e9rum bio sur les zones enflamm\u00e9es de la peau ; \u00e9vitez le contour des yeux.<\/p>\n","protected":false},"excerpt":{"rendered":"<p>Toutes les peaux.<\/p>\n","protected":false},"featured_media":3368,"template":"","meta":{"_kad_post_transparent":"","_kad_post_title":"","_kad_post_layout":"","_kad_post_sidebar_id":"","_kad_post_content_style":"","_kad_post_vertical_padding":"","_kad_post_feature":"","_kad_post_feature_position":"","_kad_post_header":false,"_kad_post_footer":false,"_kad_post_classname":""},"product_brand":[],"product_cat":[126,197,93],"product_tag":[],"class_list":{"0":"post-3371","1":"product","2":"type-product","3":"status-publish","4":"has-post-thumbnail","6":"product_cat-marias-fr","7":"product_cat-soins-nettoyants","8":"product_cat-visage","10":"first","11":"instock","12":"shipping-taxable","13":"purchasable","14":"product-type-simple","15":"entry","16":"content-bg","17":"loop-entry"},"_links":{"self":[{"href":"https:\/\/sourcenaturelle.eu\/fr\/wp-json\/wp\/v2\/product\/3371","targetHints":{"allow":["GET"]}}],"collection":[{"href":"https:\/\/sourcenaturelle.eu\/fr\/wp-json\/wp\/v2\/product"}],"about":[{"href":"https:\/\/sourcenaturelle.eu\/fr\/wp-json\/wp\/v2\/types\/product"}],"wp:featuredmedia":[{"embeddable":true,"href":"https:\/\/sourcenaturelle.eu\/fr\/wp-json\/wp\/v2\/media\/3368"}],"wp:attachment":[{"href":"https:\/\/sourcenaturelle.eu\/fr\/wp-json\/wp\/v2\/media?parent=3371"}],"wp:term":[{"taxonomy":"product_brand","embeddable":true,"href":"https:\/\/sourcenaturelle.eu\/fr\/wp-json\/wp\/v2\/product_brand?post=3371"},{"taxonomy":"product_cat","embeddable":true,"href":"https:\/\/sourcenaturelle.eu\/fr\/wp-json\/wp\/v2\/product_cat?post=3371"},{"taxonomy":"product_tag","embeddable":true,"href":"https:\/\/sourcenaturelle.eu\/fr\/wp-json\/wp\/v2\/product_tag?post=3371"}],"curies":[{"name":"wp","href":"https:\/\/api.w.org\/{rel}","templated":true}]}}