{"id":3363,"date":"2021-06-22T22:12:00","date_gmt":"2021-06-22T22:12:00","guid":{"rendered":"https:\/\/sourcenaturelle.eu\/product\/marias-masque-visage-the-vert-matcha-bio-80-ml\/"},"modified":"2022-11-29T22:06:20","modified_gmt":"2022-11-29T22:06:20","slug":"marias-masque-visage-the-vert-matcha-bio-80-ml","status":"publish","type":"product","link":"https:\/\/sourcenaturelle.eu\/fr\/produit\/marias-masque-visage-the-vert-matcha-bio-80-ml\/","title":{"rendered":"MARIAS Masque Visage Th\u00e9 vert Matcha, Bio 80 ml"},"content":{"rendered":"<p>Ce masque pour le visage associe les propri\u00e9t\u00e9s soignantes de l&rsquo;aloe vera, de l&rsquo;huile de jojoba, de l&rsquo;huile d&rsquo;amande et des graines de grenade aux substances actives hautement efficaces du th\u00e9 vert.<br \/>\nIl revitalise, r\u00e9g\u00e9n\u00e8re et fait rayonner la peau : L&rsquo;association du th\u00e9 vert matcha stimulant et de l&rsquo;aloe vera apaisant et hydratant avec le pr\u00e9cieux acide hyaluronique micromol\u00e9culaire et macromol\u00e9culaire rend ce masque si efficace. De plus, les huiles v\u00e9g\u00e9tales de haute qualit\u00e9 utilis\u00e9es am\u00e9liorent le m\u00e9tabolisme lipidique de la peau.<\/p>\n<p><strong>Application<\/strong><br \/>\nAppliquer sur la peau nettoy\u00e9e (visage, cou et d\u00e9collet\u00e9) en \u00e9vitant le contour des yeux. Laisser agir 15-20 minutes, retirer \u00e0 l&rsquo;eau chaude ou avec des compresses chaudes. Nous recommandons de l&rsquo;utiliser 1 \u00e0 2 fois par semaine.<\/p>\n","protected":false},"excerpt":{"rendered":"<p>Toutes les peaux.<br \/>\nPeau mature.<\/p>\n","protected":false},"featured_media":4927,"template":"","meta":{"_kad_post_transparent":"","_kad_post_title":"","_kad_post_layout":"","_kad_post_sidebar_id":"","_kad_post_content_style":"","_kad_post_vertical_padding":"","_kad_post_feature":"","_kad_post_feature_position":"","_kad_post_header":false,"_kad_post_footer":false,"_kad_post_classname":""},"product_brand":[],"product_cat":[126,203,93],"product_tag":[],"class_list":{"0":"post-3363","1":"product","2":"type-product","3":"status-publish","4":"has-post-thumbnail","6":"product_cat-marias-fr","7":"product_cat-soins-hydratants-visage","8":"product_cat-visage","10":"first","11":"instock","12":"shipping-taxable","13":"purchasable","14":"product-type-simple","15":"entry","16":"content-bg","17":"loop-entry"},"_links":{"self":[{"href":"https:\/\/sourcenaturelle.eu\/fr\/wp-json\/wp\/v2\/product\/3363","targetHints":{"allow":["GET"]}}],"collection":[{"href":"https:\/\/sourcenaturelle.eu\/fr\/wp-json\/wp\/v2\/product"}],"about":[{"href":"https:\/\/sourcenaturelle.eu\/fr\/wp-json\/wp\/v2\/types\/product"}],"wp:featuredmedia":[{"embeddable":true,"href":"https:\/\/sourcenaturelle.eu\/fr\/wp-json\/wp\/v2\/media\/4927"}],"wp:attachment":[{"href":"https:\/\/sourcenaturelle.eu\/fr\/wp-json\/wp\/v2\/media?parent=3363"}],"wp:term":[{"taxonomy":"product_brand","embeddable":true,"href":"https:\/\/sourcenaturelle.eu\/fr\/wp-json\/wp\/v2\/product_brand?post=3363"},{"taxonomy":"product_cat","embeddable":true,"href":"https:\/\/sourcenaturelle.eu\/fr\/wp-json\/wp\/v2\/product_cat?post=3363"},{"taxonomy":"product_tag","embeddable":true,"href":"https:\/\/sourcenaturelle.eu\/fr\/wp-json\/wp\/v2\/product_tag?post=3363"}],"curies":[{"name":"wp","href":"https:\/\/api.w.org\/{rel}","templated":true}]}}