{"id":3355,"date":"2021-06-22T21:59:32","date_gmt":"2021-06-22T21:59:32","guid":{"rendered":"https:\/\/sourcenaturelle.eu\/product\/marias-creme-lavante-sable-marin-et-amandes-bio-80-ml\/"},"modified":"2021-06-22T21:59:32","modified_gmt":"2021-06-22T21:59:32","slug":"marias-creme-lavante-sable-marin-et-amandes-bio-80-ml","status":"publish","type":"product","link":"https:\/\/sourcenaturelle.eu\/fr\/produit\/marias-creme-lavante-sable-marin-et-amandes-bio-80-ml\/","title":{"rendered":"MARIAS Cr\u00e8me Lavante Sable Marin et Amandes Bio, 80 ml"},"content":{"rendered":"<p>Cr\u00e8me lavante de haute qualit\u00e9 avec un effet nettoyant profond mais doux et un l\u00e9ger effet peeling. Avec des hydrolats s\u00e9lectionn\u00e9s d&rsquo;hamam\u00e9lis, de sauge et de menthe poivr\u00e9e, de l&rsquo;huile d&rsquo;olive nourrissante et de la farine d&rsquo;amande. Une petite quantit\u00e9 de sable marin finement moulu et de son d&rsquo;amande permet de nettoyer les pores en profondeur. Un parfum fin, herbac\u00e9 et frais de menthe revigore la peau et les sens. R\u00e9gule les fonctions cutan\u00e9es, clarifie la peau et affine les pores.<\/p>\n<p>Appliquez une quantit\u00e9 de la taille d&rsquo;un petit pois de la cr\u00e8me lavante sur le visage, le cou et le d\u00e9collet\u00e9 humidifi\u00e9s. Masser en mouvements circulaires pour une exfoliation douce. Enlever avec de l&rsquo;eau propre ou une compresse humide.<\/p>\n","protected":false},"excerpt":{"rendered":"<p>Pour toutes les peaux.<\/p>\n","protected":false},"featured_media":3352,"template":"","meta":{"_kad_post_transparent":"","_kad_post_title":"","_kad_post_layout":"","_kad_post_sidebar_id":"","_kad_post_content_style":"","_kad_post_vertical_padding":"","_kad_post_feature":"","_kad_post_feature_position":"","_kad_post_header":false,"_kad_post_footer":false,"_kad_post_classname":""},"product_brand":[],"product_cat":[126,197,93],"product_tag":[],"class_list":{"0":"post-3355","1":"product","2":"type-product","3":"status-publish","4":"has-post-thumbnail","6":"product_cat-marias-fr","7":"product_cat-soins-nettoyants","8":"product_cat-visage","10":"first","11":"instock","12":"shipping-taxable","13":"purchasable","14":"product-type-simple","15":"entry","16":"content-bg","17":"loop-entry"},"_links":{"self":[{"href":"https:\/\/sourcenaturelle.eu\/fr\/wp-json\/wp\/v2\/product\/3355","targetHints":{"allow":["GET"]}}],"collection":[{"href":"https:\/\/sourcenaturelle.eu\/fr\/wp-json\/wp\/v2\/product"}],"about":[{"href":"https:\/\/sourcenaturelle.eu\/fr\/wp-json\/wp\/v2\/types\/product"}],"wp:featuredmedia":[{"embeddable":true,"href":"https:\/\/sourcenaturelle.eu\/fr\/wp-json\/wp\/v2\/media\/3352"}],"wp:attachment":[{"href":"https:\/\/sourcenaturelle.eu\/fr\/wp-json\/wp\/v2\/media?parent=3355"}],"wp:term":[{"taxonomy":"product_brand","embeddable":true,"href":"https:\/\/sourcenaturelle.eu\/fr\/wp-json\/wp\/v2\/product_brand?post=3355"},{"taxonomy":"product_cat","embeddable":true,"href":"https:\/\/sourcenaturelle.eu\/fr\/wp-json\/wp\/v2\/product_cat?post=3355"},{"taxonomy":"product_tag","embeddable":true,"href":"https:\/\/sourcenaturelle.eu\/fr\/wp-json\/wp\/v2\/product_tag?post=3355"}],"curies":[{"name":"wp","href":"https:\/\/api.w.org\/{rel}","templated":true}]}}