{"id":3338,"date":"2021-06-22T19:18:05","date_gmt":"2021-06-22T19:18:05","guid":{"rendered":"https:\/\/sourcenaturelle.eu\/product\/marias-gel-aloe-vera-pur-bio-80-ml\/"},"modified":"2021-06-22T21:37:24","modified_gmt":"2021-06-22T21:37:24","slug":"marias-gel-aloe-vera-pur-bio-80-ml","status":"publish","type":"product","link":"https:\/\/sourcenaturelle.eu\/fr\/produit\/marias-gel-aloe-vera-pur-bio-80-ml\/","title":{"rendered":"MARIAS Gel Aloe Vera PUR Bio, 80 ml"},"content":{"rendered":"<p>Le jus de plantes fra\u00eeches d&rsquo;Aloe Vera biologique, avec Hyaluron, transporte l&rsquo;humidit\u00e9 dans les couches profondes de la peau.<br \/>\nA utiliser dans les soins quotidiens comme base sous la cr\u00e8me, apr\u00e8s un bain de soleil, ou pour les hommes apr\u00e8s le rasage.<\/p>\n<p>Soin apr\u00e8s-soleil de haute qualit\u00e9 :<br \/>\nPour une r\u00e9g\u00e9n\u00e9ration optimale des cellules cutan\u00e9es irrit\u00e9es, m\u00e9langez le gel hydratant Bio PUR Aloe Vera et l&rsquo;huile solaire Bio Sea Buckthorn 1:1 entre vos mains et appliquez le m\u00e9lange sur la peau rougie. \u00c9vitez les rayons directs du soleil jusqu&rsquo;\u00e0 ce que les rougeurs aient disparu.<\/p>\n<p>Conseil : si vous conservez le gel au r\u00e9frig\u00e9rateur, il a un merveilleux effet rafra\u00eechissant sur la peau !<\/p>\n","protected":false},"excerpt":{"rendered":"<p>Pour toutes les peaux.<\/p>\n","protected":false},"featured_media":3335,"template":"","meta":{"_kad_post_transparent":"","_kad_post_title":"","_kad_post_layout":"","_kad_post_sidebar_id":"","_kad_post_content_style":"","_kad_post_vertical_padding":"","_kad_post_feature":"","_kad_post_feature_position":"","_kad_post_header":false,"_kad_post_footer":false,"_kad_post_classname":""},"product_brand":[],"product_cat":[75,126,194],"product_tag":[],"class_list":{"0":"post-3338","1":"product","2":"type-product","3":"status-publish","4":"has-post-thumbnail","6":"product_cat-corps","7":"product_cat-marias-fr","8":"product_cat-soins-hydratants","10":"first","11":"instock","12":"shipping-taxable","13":"purchasable","14":"product-type-simple","15":"entry","16":"content-bg","17":"loop-entry"},"_links":{"self":[{"href":"https:\/\/sourcenaturelle.eu\/fr\/wp-json\/wp\/v2\/product\/3338","targetHints":{"allow":["GET"]}}],"collection":[{"href":"https:\/\/sourcenaturelle.eu\/fr\/wp-json\/wp\/v2\/product"}],"about":[{"href":"https:\/\/sourcenaturelle.eu\/fr\/wp-json\/wp\/v2\/types\/product"}],"wp:featuredmedia":[{"embeddable":true,"href":"https:\/\/sourcenaturelle.eu\/fr\/wp-json\/wp\/v2\/media\/3335"}],"wp:attachment":[{"href":"https:\/\/sourcenaturelle.eu\/fr\/wp-json\/wp\/v2\/media?parent=3338"}],"wp:term":[{"taxonomy":"product_brand","embeddable":true,"href":"https:\/\/sourcenaturelle.eu\/fr\/wp-json\/wp\/v2\/product_brand?post=3338"},{"taxonomy":"product_cat","embeddable":true,"href":"https:\/\/sourcenaturelle.eu\/fr\/wp-json\/wp\/v2\/product_cat?post=3338"},{"taxonomy":"product_tag","embeddable":true,"href":"https:\/\/sourcenaturelle.eu\/fr\/wp-json\/wp\/v2\/product_tag?post=3338"}],"curies":[{"name":"wp","href":"https:\/\/api.w.org\/{rel}","templated":true}]}}