{"id":3330,"date":"2021-06-22T19:06:30","date_gmt":"2021-06-22T19:06:30","guid":{"rendered":"https:\/\/sourcenaturelle.eu\/product\/marias-lait-corporel-aloe-jojoba-pur-bio-200-ml\/"},"modified":"2021-06-22T21:37:59","modified_gmt":"2021-06-22T21:37:59","slug":"marias-lait-corporel-aloe-jojoba-pur-bio-200-ml","status":"publish","type":"product","link":"https:\/\/sourcenaturelle.eu\/fr\/produit\/marias-lait-corporel-aloe-jojoba-pur-bio-200-ml\/","title":{"rendered":"MARIAS Lait Corporel Aloe-Jojoba PUR Bio, 200 ml"},"content":{"rendered":"<p>Un soin suffisant et une hydratation abondante, est rapidement absorb\u00e9 et laisse une agr\u00e9able sensation de peau velout\u00e9e et douce. Pour une portion suppl\u00e9mentaire d&rsquo;hydratation ou pour la r\u00e9g\u00e9n\u00e9ration apr\u00e8s un bain de soleil, masser le gel hydratant Bio PUR Aloe sur la peau l\u00e9g\u00e8rement humide, puis appliquer le lait pour le corps.<\/p>\n<p><strong>CONSEIL<\/strong>: Un produit pour toute la famille &#8211; convient \u00e9galement parfaitement \u00e0 la peau des enfants et des hommes.<\/p>\n","protected":false},"excerpt":{"rendered":"<p>Pour toutes les peaux.<\/p>\n","protected":false},"featured_media":3327,"template":"","meta":{"_kad_post_transparent":"","_kad_post_title":"","_kad_post_layout":"","_kad_post_sidebar_id":"","_kad_post_content_style":"","_kad_post_vertical_padding":"","_kad_post_feature":"","_kad_post_feature_position":"","_kad_post_header":false,"_kad_post_footer":false,"_kad_post_classname":""},"product_brand":[],"product_cat":[75,126,194],"product_tag":[],"class_list":{"0":"post-3330","1":"product","2":"type-product","3":"status-publish","4":"has-post-thumbnail","6":"product_cat-corps","7":"product_cat-marias-fr","8":"product_cat-soins-hydratants","10":"first","11":"instock","12":"shipping-taxable","13":"purchasable","14":"product-type-simple","15":"entry","16":"content-bg","17":"loop-entry"},"_links":{"self":[{"href":"https:\/\/sourcenaturelle.eu\/fr\/wp-json\/wp\/v2\/product\/3330","targetHints":{"allow":["GET"]}}],"collection":[{"href":"https:\/\/sourcenaturelle.eu\/fr\/wp-json\/wp\/v2\/product"}],"about":[{"href":"https:\/\/sourcenaturelle.eu\/fr\/wp-json\/wp\/v2\/types\/product"}],"wp:featuredmedia":[{"embeddable":true,"href":"https:\/\/sourcenaturelle.eu\/fr\/wp-json\/wp\/v2\/media\/3327"}],"wp:attachment":[{"href":"https:\/\/sourcenaturelle.eu\/fr\/wp-json\/wp\/v2\/media?parent=3330"}],"wp:term":[{"taxonomy":"product_brand","embeddable":true,"href":"https:\/\/sourcenaturelle.eu\/fr\/wp-json\/wp\/v2\/product_brand?post=3330"},{"taxonomy":"product_cat","embeddable":true,"href":"https:\/\/sourcenaturelle.eu\/fr\/wp-json\/wp\/v2\/product_cat?post=3330"},{"taxonomy":"product_tag","embeddable":true,"href":"https:\/\/sourcenaturelle.eu\/fr\/wp-json\/wp\/v2\/product_tag?post=3330"}],"curies":[{"name":"wp","href":"https:\/\/api.w.org\/{rel}","templated":true}]}}