{"id":3322,"date":"2021-06-22T18:51:50","date_gmt":"2021-06-22T18:51:50","guid":{"rendered":"https:\/\/sourcenaturelle.eu\/product\/marias-lotion-nettoyante-pur-bio-150ml\/"},"modified":"2021-06-22T21:39:50","modified_gmt":"2021-06-22T21:39:50","slug":"marias-lotion-nettoyante-pur-bio-150ml","status":"publish","type":"product","link":"https:\/\/sourcenaturelle.eu\/fr\/produit\/marias-lotion-nettoyante-pur-bio-150ml\/","title":{"rendered":"MARIAS Lotion Nettoyante PUR Bio, 150ml"},"content":{"rendered":"<p>Un nettoyage en douceur est une condition pr\u00e9alable importante pour une peau saine. Notre \u00e9mulsion nettoyante neutre est sans tensioactifs et sans huiles essentielles. \u00c0 base d&rsquo;aloe et d&rsquo;olive, elle nettoie en douceur mais en profondeur sans dess\u00e9cher la peau. Massez d\u00e9licatement une petite quantit\u00e9 sur la peau matin et soir. Enlever avec de l&rsquo;eau ti\u00e8de ou un mouchoir en papier.                                                                                                                                                                               <\/p>\n<p><strong>CONSEIL<\/strong> : Pour un nettoyage en profondeur et en douceur des peaux grasses et mixtes ou pour le d\u00e9maquillage, ajoutez une goutte de Shampooing Bio PUR Aloe-Jojoba et m\u00e9langez les deux dans les paumes de votre main.<\/p>\n","protected":false},"excerpt":{"rendered":"<p>Pour toutes les peaux.<\/p>\n","protected":false},"featured_media":3319,"template":"","meta":{"_kad_post_transparent":"","_kad_post_title":"","_kad_post_layout":"","_kad_post_sidebar_id":"","_kad_post_content_style":"","_kad_post_vertical_padding":"","_kad_post_feature":"","_kad_post_feature_position":"","_kad_post_header":false,"_kad_post_footer":false,"_kad_post_classname":""},"product_brand":[],"product_cat":[126,197,93],"product_tag":[],"class_list":{"0":"post-3322","1":"product","2":"type-product","3":"status-publish","4":"has-post-thumbnail","6":"product_cat-marias-fr","7":"product_cat-soins-nettoyants","8":"product_cat-visage","10":"first","11":"instock","12":"shipping-taxable","13":"purchasable","14":"product-type-simple","15":"entry","16":"content-bg","17":"loop-entry"},"_links":{"self":[{"href":"https:\/\/sourcenaturelle.eu\/fr\/wp-json\/wp\/v2\/product\/3322","targetHints":{"allow":["GET"]}}],"collection":[{"href":"https:\/\/sourcenaturelle.eu\/fr\/wp-json\/wp\/v2\/product"}],"about":[{"href":"https:\/\/sourcenaturelle.eu\/fr\/wp-json\/wp\/v2\/types\/product"}],"wp:featuredmedia":[{"embeddable":true,"href":"https:\/\/sourcenaturelle.eu\/fr\/wp-json\/wp\/v2\/media\/3319"}],"wp:attachment":[{"href":"https:\/\/sourcenaturelle.eu\/fr\/wp-json\/wp\/v2\/media?parent=3322"}],"wp:term":[{"taxonomy":"product_brand","embeddable":true,"href":"https:\/\/sourcenaturelle.eu\/fr\/wp-json\/wp\/v2\/product_brand?post=3322"},{"taxonomy":"product_cat","embeddable":true,"href":"https:\/\/sourcenaturelle.eu\/fr\/wp-json\/wp\/v2\/product_cat?post=3322"},{"taxonomy":"product_tag","embeddable":true,"href":"https:\/\/sourcenaturelle.eu\/fr\/wp-json\/wp\/v2\/product_tag?post=3322"}],"curies":[{"name":"wp","href":"https:\/\/api.w.org\/{rel}","templated":true}]}}