{"id":3314,"date":"2021-06-22T18:28:04","date_gmt":"2021-06-22T18:28:04","guid":{"rendered":"https:\/\/sourcenaturelle.eu\/product\/marias-creme-de-douche-a-leglantier-bio-200-ml\/"},"modified":"2021-06-22T21:40:10","modified_gmt":"2021-06-22T21:40:10","slug":"marias-creme-de-douche-a-leglantier-bio-200-ml","status":"publish","type":"product","link":"https:\/\/sourcenaturelle.eu\/fr\/produit\/marias-creme-de-douche-a-leglantier-bio-200-ml\/","title":{"rendered":"MARIAS Cr\u00e8me de Douche \u00e0 l&rsquo;\u00c9glantier Bio, 200 ml"},"content":{"rendered":"<p>Une combinaison d&rsquo;un gel douche et d&rsquo;une lotion pour le corps: nettoyage et soin en un! Aucun autre soin n&rsquo;est n\u00e9cessaire apr\u00e8s la douche. La peau est nettoy\u00e9e en douceur et soign\u00e9e avec des huiles pr\u00e9cieuses.<br \/>\nUn d\u00e9licat parfum de rose et une agr\u00e9able sensation sur la peau vous accompagnent tout au long de la journ\u00e9e.<\/p>\n<p><strong>Conseil<\/strong> : peut \u00e9galement \u00eatre utilis\u00e9 pour le nettoyage du visage (par exemple pour le d\u00e9maquillage).<\/p>\n","protected":false},"excerpt":{"rendered":"<p>Pour toutes les peaux.<\/p>\n","protected":false},"featured_media":3311,"template":"","meta":{"_kad_post_transparent":"","_kad_post_title":"","_kad_post_layout":"","_kad_post_sidebar_id":"","_kad_post_content_style":"","_kad_post_vertical_padding":"","_kad_post_feature":"","_kad_post_feature_position":"","_kad_post_header":false,"_kad_post_footer":false,"_kad_post_classname":""},"product_brand":[],"product_cat":[188,75,126],"product_tag":[],"class_list":{"0":"post-3314","1":"product","2":"type-product","3":"status-publish","4":"has-post-thumbnail","6":"product_cat-bain-douche","7":"product_cat-corps","8":"product_cat-marias-fr","10":"first","11":"instock","12":"shipping-taxable","13":"purchasable","14":"product-type-simple","15":"entry","16":"content-bg","17":"loop-entry"},"_links":{"self":[{"href":"https:\/\/sourcenaturelle.eu\/fr\/wp-json\/wp\/v2\/product\/3314","targetHints":{"allow":["GET"]}}],"collection":[{"href":"https:\/\/sourcenaturelle.eu\/fr\/wp-json\/wp\/v2\/product"}],"about":[{"href":"https:\/\/sourcenaturelle.eu\/fr\/wp-json\/wp\/v2\/types\/product"}],"wp:featuredmedia":[{"embeddable":true,"href":"https:\/\/sourcenaturelle.eu\/fr\/wp-json\/wp\/v2\/media\/3311"}],"wp:attachment":[{"href":"https:\/\/sourcenaturelle.eu\/fr\/wp-json\/wp\/v2\/media?parent=3314"}],"wp:term":[{"taxonomy":"product_brand","embeddable":true,"href":"https:\/\/sourcenaturelle.eu\/fr\/wp-json\/wp\/v2\/product_brand?post=3314"},{"taxonomy":"product_cat","embeddable":true,"href":"https:\/\/sourcenaturelle.eu\/fr\/wp-json\/wp\/v2\/product_cat?post=3314"},{"taxonomy":"product_tag","embeddable":true,"href":"https:\/\/sourcenaturelle.eu\/fr\/wp-json\/wp\/v2\/product_tag?post=3314"}],"curies":[{"name":"wp","href":"https:\/\/api.w.org\/{rel}","templated":true}]}}