{"id":3306,"date":"2021-06-22T18:13:36","date_gmt":"2021-06-22T18:13:36","guid":{"rendered":"https:\/\/sourcenaturelle.eu\/product\/marias-beurre-corporel-biologique-a-la-rose-100-g\/"},"modified":"2021-06-22T21:41:58","modified_gmt":"2021-06-22T21:41:58","slug":"marias-beurre-corporel-a-leglantier-bio-100-g","status":"publish","type":"product","link":"https:\/\/sourcenaturelle.eu\/fr\/produit\/marias-beurre-corporel-a-leglantier-bio-100-g\/","title":{"rendered":"MARIAS Beurre Corporel \u00e0 l&rsquo;\u00c9glantier Bio, 100 g"},"content":{"rendered":"<p>Beurre corporel d\u00e9licatement fondant \u00e0 base de beurre de karit\u00e9 issu d&rsquo;un projet de femmes au Burkina Faso: il combine parfaitement avec la couche hydro-lipidique de la peau, lui donnant \u00e9lasticit\u00e9 et la rendant douce et souple. Pour tout le corps, pour toutes les peaux. Avec un parfum enchanteur d&rsquo;huile de rose v\u00e9ritable et de bois de santal.<\/p>\n<p><strong>Application<\/strong><\/p>\n<p>Faites glisser un morceau de beurre ou un b\u00e2tonnet sur la peau nettoy\u00e9e, faites p\u00e9n\u00e9trer le beurre en le faisant fondre sur la peau chaude. Ou : coupez un morceau de beurre, laissez-le fondre dans vos mains, massez-le.<\/p>\n","protected":false},"excerpt":{"rendered":"<p>Pour toutes les peaux.<\/p>\n","protected":false},"featured_media":3303,"template":"","meta":{"_kad_post_transparent":"","_kad_post_title":"","_kad_post_layout":"","_kad_post_sidebar_id":"","_kad_post_content_style":"","_kad_post_vertical_padding":"","_kad_post_feature":"","_kad_post_feature_position":"","_kad_post_header":false,"_kad_post_footer":false,"_kad_post_classname":""},"product_brand":[],"product_cat":[75,126,194],"product_tag":[],"class_list":{"0":"post-3306","1":"product","2":"type-product","3":"status-publish","4":"has-post-thumbnail","6":"product_cat-corps","7":"product_cat-marias-fr","8":"product_cat-soins-hydratants","10":"first","11":"instock","12":"shipping-taxable","13":"purchasable","14":"product-type-simple","15":"entry","16":"content-bg","17":"loop-entry"},"_links":{"self":[{"href":"https:\/\/sourcenaturelle.eu\/fr\/wp-json\/wp\/v2\/product\/3306","targetHints":{"allow":["GET"]}}],"collection":[{"href":"https:\/\/sourcenaturelle.eu\/fr\/wp-json\/wp\/v2\/product"}],"about":[{"href":"https:\/\/sourcenaturelle.eu\/fr\/wp-json\/wp\/v2\/types\/product"}],"wp:featuredmedia":[{"embeddable":true,"href":"https:\/\/sourcenaturelle.eu\/fr\/wp-json\/wp\/v2\/media\/3303"}],"wp:attachment":[{"href":"https:\/\/sourcenaturelle.eu\/fr\/wp-json\/wp\/v2\/media?parent=3306"}],"wp:term":[{"taxonomy":"product_brand","embeddable":true,"href":"https:\/\/sourcenaturelle.eu\/fr\/wp-json\/wp\/v2\/product_brand?post=3306"},{"taxonomy":"product_cat","embeddable":true,"href":"https:\/\/sourcenaturelle.eu\/fr\/wp-json\/wp\/v2\/product_cat?post=3306"},{"taxonomy":"product_tag","embeddable":true,"href":"https:\/\/sourcenaturelle.eu\/fr\/wp-json\/wp\/v2\/product_tag?post=3306"}],"curies":[{"name":"wp","href":"https:\/\/api.w.org\/{rel}","templated":true}]}}