{"id":3290,"date":"2021-06-22T17:41:09","date_gmt":"2021-06-22T17:41:09","guid":{"rendered":"https:\/\/sourcenaturelle.eu\/product\/marias-tonique-eglantier-bio\/"},"modified":"2021-06-22T21:46:34","modified_gmt":"2021-06-22T21:46:34","slug":"marias-tonique-eglantier-bio","status":"publish","type":"product","link":"https:\/\/sourcenaturelle.eu\/fr\/produit\/marias-tonique-eglantier-bio\/","title":{"rendered":"MARIAS Tonique \u00e0 l&rsquo;\u00c9glantier Bio, 125ml"},"content":{"rendered":"<p>Une hydratation pure et un d\u00e9licat parfum de rose : Une qualit\u00e9 sp\u00e9ciale d&rsquo;hydrolat de fleurs de rose avec une teneur \u00e9lev\u00e9e en ingr\u00e9dients pr\u00e9cieux rafra\u00eechit et hydrate la peau, a un effet astringent et antibact\u00e9rien. Comme hydratant sous la cr\u00e8me pour le visage, comme spray pour le corps, pour les hommes apr\u00e8s le rasage, pour les cheveux et partout o\u00f9 l&rsquo;on souhaite un ar\u00f4me de rose.<\/p>\n","protected":false},"excerpt":{"rendered":"<p>Pour toutes les peaux.<\/p>\n","protected":false},"featured_media":3287,"template":"","meta":{"_kad_post_transparent":"","_kad_post_title":"","_kad_post_layout":"","_kad_post_sidebar_id":"","_kad_post_content_style":"","_kad_post_vertical_padding":"","_kad_post_feature":"","_kad_post_feature_position":"","_kad_post_header":false,"_kad_post_footer":false,"_kad_post_classname":""},"product_brand":[],"product_cat":[126,203,93],"product_tag":[],"class_list":{"0":"post-3290","1":"product","2":"type-product","3":"status-publish","4":"has-post-thumbnail","6":"product_cat-marias-fr","7":"product_cat-soins-hydratants-visage","8":"product_cat-visage","10":"first","11":"instock","12":"shipping-taxable","13":"purchasable","14":"product-type-simple","15":"entry","16":"content-bg","17":"loop-entry"},"_links":{"self":[{"href":"https:\/\/sourcenaturelle.eu\/fr\/wp-json\/wp\/v2\/product\/3290","targetHints":{"allow":["GET"]}}],"collection":[{"href":"https:\/\/sourcenaturelle.eu\/fr\/wp-json\/wp\/v2\/product"}],"about":[{"href":"https:\/\/sourcenaturelle.eu\/fr\/wp-json\/wp\/v2\/types\/product"}],"wp:featuredmedia":[{"embeddable":true,"href":"https:\/\/sourcenaturelle.eu\/fr\/wp-json\/wp\/v2\/media\/3287"}],"wp:attachment":[{"href":"https:\/\/sourcenaturelle.eu\/fr\/wp-json\/wp\/v2\/media?parent=3290"}],"wp:term":[{"taxonomy":"product_brand","embeddable":true,"href":"https:\/\/sourcenaturelle.eu\/fr\/wp-json\/wp\/v2\/product_brand?post=3290"},{"taxonomy":"product_cat","embeddable":true,"href":"https:\/\/sourcenaturelle.eu\/fr\/wp-json\/wp\/v2\/product_cat?post=3290"},{"taxonomy":"product_tag","embeddable":true,"href":"https:\/\/sourcenaturelle.eu\/fr\/wp-json\/wp\/v2\/product_tag?post=3290"}],"curies":[{"name":"wp","href":"https:\/\/api.w.org\/{rel}","templated":true}]}}