{"id":3221,"date":"2021-06-22T11:42:12","date_gmt":"2021-06-22T11:42:12","guid":{"rendered":"https:\/\/sourcenaturelle.eu\/product\/marias-fluide-a-leglantier-avec-hyaluron-bio-30-ml\/"},"modified":"2021-06-22T21:46:58","modified_gmt":"2021-06-22T21:46:58","slug":"marias-fluide-a-leglantier-avec-hyaluron-bio-30-ml","status":"publish","type":"product","link":"https:\/\/sourcenaturelle.eu\/fr\/produit\/marias-fluide-a-leglantier-avec-hyaluron-bio-30-ml\/","title":{"rendered":"MARIAS Fluide \u00e0 l&rsquo;\u00c9glantier avec Hyaluron Bio, 30 ml"},"content":{"rendered":"<p>L&rsquo;acide hyaluronique de plus petite taille pr\u00e9serve l&rsquo;humidit\u00e9 dans les couches profondes de la peau &#8211; le r\u00e9sultat d&rsquo;une utilisation r\u00e9guli\u00e8re est une peau visiblement plus lisse et plus souple !<br \/>\nL&rsquo;hydrolat de p\u00e9tale de rose parfum\u00e9, le jus d&rsquo;aloe vera et un extrait de cynorhodon riche en vitamines activent les fonctions de la peau.<\/p>\n","protected":false},"excerpt":{"rendered":"<p>Pour toutes les peaux.<\/p>\n","protected":false},"featured_media":3218,"template":"","meta":{"_kad_post_transparent":"","_kad_post_title":"","_kad_post_layout":"","_kad_post_sidebar_id":"","_kad_post_content_style":"","_kad_post_vertical_padding":"","_kad_post_feature":"","_kad_post_feature_position":"","_kad_post_header":false,"_kad_post_footer":false,"_kad_post_classname":""},"product_brand":[],"product_cat":[126,203,93],"product_tag":[],"class_list":{"0":"post-3221","1":"product","2":"type-product","3":"status-publish","4":"has-post-thumbnail","6":"product_cat-marias-fr","7":"product_cat-soins-hydratants-visage","8":"product_cat-visage","10":"first","11":"instock","12":"shipping-taxable","13":"purchasable","14":"product-type-simple","15":"entry","16":"content-bg","17":"loop-entry"},"_links":{"self":[{"href":"https:\/\/sourcenaturelle.eu\/fr\/wp-json\/wp\/v2\/product\/3221","targetHints":{"allow":["GET"]}}],"collection":[{"href":"https:\/\/sourcenaturelle.eu\/fr\/wp-json\/wp\/v2\/product"}],"about":[{"href":"https:\/\/sourcenaturelle.eu\/fr\/wp-json\/wp\/v2\/types\/product"}],"wp:featuredmedia":[{"embeddable":true,"href":"https:\/\/sourcenaturelle.eu\/fr\/wp-json\/wp\/v2\/media\/3218"}],"wp:attachment":[{"href":"https:\/\/sourcenaturelle.eu\/fr\/wp-json\/wp\/v2\/media?parent=3221"}],"wp:term":[{"taxonomy":"product_brand","embeddable":true,"href":"https:\/\/sourcenaturelle.eu\/fr\/wp-json\/wp\/v2\/product_brand?post=3221"},{"taxonomy":"product_cat","embeddable":true,"href":"https:\/\/sourcenaturelle.eu\/fr\/wp-json\/wp\/v2\/product_cat?post=3221"},{"taxonomy":"product_tag","embeddable":true,"href":"https:\/\/sourcenaturelle.eu\/fr\/wp-json\/wp\/v2\/product_tag?post=3221"}],"curies":[{"name":"wp","href":"https:\/\/api.w.org\/{rel}","templated":true}]}}