{"id":3210,"date":"2021-06-22T10:59:39","date_gmt":"2021-06-22T10:59:39","guid":{"rendered":"https:\/\/sourcenaturelle.eu\/product\/marias-creme-visage-eglantier-riche-bio-50ml\/"},"modified":"2021-06-22T21:47:22","modified_gmt":"2021-06-22T21:47:22","slug":"marias-creme-visage-eglantier-riche-bio-50ml","status":"publish","type":"product","link":"https:\/\/sourcenaturelle.eu\/fr\/produit\/marias-creme-visage-eglantier-riche-bio-50ml\/","title":{"rendered":"MARIAS Cr\u00e8me Visage \u00c9glantier Riche Bio, 50ml"},"content":{"rendered":"<p>Gr\u00e2ce aux propri\u00e9t\u00e9s particuli\u00e8res de l&rsquo;\u00e9glantier, cette cr\u00e8me est le soin id\u00e9al pour les peaux normales, s\u00e8ches, ainsi que pour les peaux sensibles. Une combinaison \u00e9quilibr\u00e9e d&rsquo;huiles v\u00e9g\u00e9tales pr\u00e9cieuses, telles que l&rsquo;huile de graines d&rsquo;\u00e9glantier, l&rsquo;huile de jojoba, l&rsquo;huile d&rsquo;amande et l&rsquo;huile d&rsquo;avocat, nourrit, prot\u00e8ge et soigne la peau jour et nuit. Un extrait d&rsquo;edelweiss offre une protection v\u00e9g\u00e9tale pure contre les rayons UV, l&rsquo;acide hyaluronique pr\u00e9serve l&rsquo;humidit\u00e9 dans les couches profondes de la peau.<\/p>\n","protected":false},"excerpt":{"rendered":"<p>Pour les peaux normales, s\u00e8ches ou sensitives.<\/p>\n","protected":false},"featured_media":3207,"template":"","meta":{"_kad_post_transparent":"","_kad_post_title":"","_kad_post_layout":"","_kad_post_sidebar_id":"","_kad_post_content_style":"","_kad_post_vertical_padding":"","_kad_post_feature":"","_kad_post_feature_position":"","_kad_post_header":false,"_kad_post_footer":false,"_kad_post_classname":""},"product_brand":[],"product_cat":[126,203,93],"product_tag":[],"class_list":{"0":"post-3210","1":"product","2":"type-product","3":"status-publish","4":"has-post-thumbnail","6":"product_cat-marias-fr","7":"product_cat-soins-hydratants-visage","8":"product_cat-visage","10":"first","11":"instock","12":"shipping-taxable","13":"purchasable","14":"product-type-simple","15":"entry","16":"content-bg","17":"loop-entry"},"_links":{"self":[{"href":"https:\/\/sourcenaturelle.eu\/fr\/wp-json\/wp\/v2\/product\/3210","targetHints":{"allow":["GET"]}}],"collection":[{"href":"https:\/\/sourcenaturelle.eu\/fr\/wp-json\/wp\/v2\/product"}],"about":[{"href":"https:\/\/sourcenaturelle.eu\/fr\/wp-json\/wp\/v2\/types\/product"}],"wp:featuredmedia":[{"embeddable":true,"href":"https:\/\/sourcenaturelle.eu\/fr\/wp-json\/wp\/v2\/media\/3207"}],"wp:attachment":[{"href":"https:\/\/sourcenaturelle.eu\/fr\/wp-json\/wp\/v2\/media?parent=3210"}],"wp:term":[{"taxonomy":"product_brand","embeddable":true,"href":"https:\/\/sourcenaturelle.eu\/fr\/wp-json\/wp\/v2\/product_brand?post=3210"},{"taxonomy":"product_cat","embeddable":true,"href":"https:\/\/sourcenaturelle.eu\/fr\/wp-json\/wp\/v2\/product_cat?post=3210"},{"taxonomy":"product_tag","embeddable":true,"href":"https:\/\/sourcenaturelle.eu\/fr\/wp-json\/wp\/v2\/product_tag?post=3210"}],"curies":[{"name":"wp","href":"https:\/\/api.w.org\/{rel}","templated":true}]}}