{"id":3202,"date":"2021-06-22T10:44:13","date_gmt":"2021-06-22T10:44:13","guid":{"rendered":"https:\/\/sourcenaturelle.eu\/product\/marias-creme-visage-eglantier-legere-bio-50ml-fr\/"},"modified":"2021-06-22T21:47:42","modified_gmt":"2021-06-22T21:47:42","slug":"marias-creme-visage-eglantier-legere-bio-50ml-fr","status":"publish","type":"product","link":"https:\/\/sourcenaturelle.eu\/fr\/produit\/marias-creme-visage-eglantier-legere-bio-50ml-fr\/","title":{"rendered":"MARIAS Cr\u00e8me Visage \u00c9glantier L\u00e9g\u00e8re Bio, 50ml"},"content":{"rendered":"<p>La version l\u00e9g\u00e8re de la cr\u00e8me visage \u00e0 l\u2019\u00e9glantier pour les peaux jeunes, comme soin d&rsquo;\u00e9t\u00e9 ou comme base de maquillage. Une combinaison d&rsquo;huiles v\u00e9g\u00e9tales pr\u00e9cieuses telles que l&rsquo;huile de graines d&rsquo;\u00e9glantier, de jojoba, d&rsquo;amande et de lin nourrit votre peau de mani\u00e8re optimale, l&rsquo;acide hyaluronique pr\u00e9serve l&rsquo;humidit\u00e9 dans les couches profondes de la peau.<br \/>\nUTILISATION :<br \/>\nApr\u00e8s avoir nettoy\u00e9 et hydrat\u00e9 la peau, appliquer une quantit\u00e9 de la taille d&rsquo;un petit pois sur le visage, le cou et le d\u00e9collet\u00e9 en massant doucement.<\/p>\n","protected":false},"excerpt":{"rendered":"<p>Pour toutes les peaux.<\/p>\n","protected":false},"featured_media":3199,"template":"","meta":{"_kad_post_transparent":"","_kad_post_title":"","_kad_post_layout":"","_kad_post_sidebar_id":"","_kad_post_content_style":"","_kad_post_vertical_padding":"","_kad_post_feature":"","_kad_post_feature_position":"","_kad_post_header":false,"_kad_post_footer":false,"_kad_post_classname":""},"product_brand":[],"product_cat":[126,203,93],"product_tag":[],"class_list":{"0":"post-3202","1":"product","2":"type-product","3":"status-publish","4":"has-post-thumbnail","6":"product_cat-marias-fr","7":"product_cat-soins-hydratants-visage","8":"product_cat-visage","10":"first","11":"instock","12":"shipping-taxable","13":"purchasable","14":"product-type-simple","15":"entry","16":"content-bg","17":"loop-entry"},"_links":{"self":[{"href":"https:\/\/sourcenaturelle.eu\/fr\/wp-json\/wp\/v2\/product\/3202","targetHints":{"allow":["GET"]}}],"collection":[{"href":"https:\/\/sourcenaturelle.eu\/fr\/wp-json\/wp\/v2\/product"}],"about":[{"href":"https:\/\/sourcenaturelle.eu\/fr\/wp-json\/wp\/v2\/types\/product"}],"wp:featuredmedia":[{"embeddable":true,"href":"https:\/\/sourcenaturelle.eu\/fr\/wp-json\/wp\/v2\/media\/3199"}],"wp:attachment":[{"href":"https:\/\/sourcenaturelle.eu\/fr\/wp-json\/wp\/v2\/media?parent=3202"}],"wp:term":[{"taxonomy":"product_brand","embeddable":true,"href":"https:\/\/sourcenaturelle.eu\/fr\/wp-json\/wp\/v2\/product_brand?post=3202"},{"taxonomy":"product_cat","embeddable":true,"href":"https:\/\/sourcenaturelle.eu\/fr\/wp-json\/wp\/v2\/product_cat?post=3202"},{"taxonomy":"product_tag","embeddable":true,"href":"https:\/\/sourcenaturelle.eu\/fr\/wp-json\/wp\/v2\/product_tag?post=3202"}],"curies":[{"name":"wp","href":"https:\/\/api.w.org\/{rel}","templated":true}]}}