{"id":2359,"date":"2021-05-30T18:12:45","date_gmt":"2021-05-30T18:12:45","guid":{"rendered":"https:\/\/sourcenaturelle.eu\/product\/sanoll-creme-visage-amethyste-50ml\/"},"modified":"2021-06-07T10:42:18","modified_gmt":"2021-06-07T10:42:18","slug":"sanoll-creme-visage-amethyste-50ml","status":"publish","type":"product","link":"https:\/\/sourcenaturelle.eu\/fr\/produit\/sanoll-creme-visage-amethyste-50ml\/","title":{"rendered":"Sanoll Cr\u00e8me Visage Amethyste, 50ml"},"content":{"rendered":"<p>Pour les peaux mixtes<br \/>\nLe rouge stimulant s&rsquo;associe dans l&rsquo;am\u00e9thyste au bleu apaisant pour former un violet harmonieux. Selon la litt\u00e9rature sur les pierres pr\u00e9cieuses, l&rsquo;am\u00e9thyste peut activer le tissu conjonctif et aide ainsi la peau \u00e0 activer les m\u00e9canismes r\u00e9gulateurs d&rsquo;\u00e9quilibrage. L&rsquo;hydratation n\u00e9cessaire et le s\u00e9bum nourrissant du corps sont en \u00e9quilibre ! Le jus d&rsquo;Aloe vera, les essences de fleurs et de bourgeons et l&rsquo;huile d&rsquo;onagre apportent \u00e9galement \u00e0 la peau des ingr\u00e9dients biologiques pour l&rsquo;\u00e9quilibre entre les zones de peau s\u00e8che et grasse.<\/p>\n<p>Certifi\u00e9:<br \/>\n* Austria Bio Garantie (cosm\u00e9tique bio)<br \/>\n* Sans parfum, colorant ni conservateur issu de la chimie de synth\u00e8se<br \/>\n* Sans technologies g\u00e9n\u00e9tiques<br \/>\n* Der Gr\u00fcne Punkt<br \/>\n* Vier Pfoten (pas de tests sur animaux)<\/p>\n<p> Fabriqu\u00e9 en Autriche<\/p>\n","protected":false},"excerpt":{"rendered":"<p>Le rouge stimulant s&rsquo;associe dans l&rsquo;am\u00e9thyste au bleu apaisant pour former un violet harmonieux.<\/p>\n","protected":false},"featured_media":0,"template":"","meta":{"_kad_post_transparent":"","_kad_post_title":"","_kad_post_layout":"","_kad_post_sidebar_id":"","_kad_post_content_style":"","_kad_post_vertical_padding":"","_kad_post_feature":"","_kad_post_feature_position":"","_kad_post_header":false,"_kad_post_footer":false,"_kad_post_classname":""},"product_brand":[],"product_cat":[132,203,93],"product_tag":[],"class_list":{"0":"post-2359","1":"product","2":"type-product","3":"status-publish","5":"product_cat-sanoll-fr","6":"product_cat-soins-hydratants-visage","7":"product_cat-visage","9":"first","10":"instock","11":"shipping-taxable","12":"purchasable","13":"product-type-simple","14":"entry","15":"content-bg","16":"loop-entry"},"_links":{"self":[{"href":"https:\/\/sourcenaturelle.eu\/fr\/wp-json\/wp\/v2\/product\/2359","targetHints":{"allow":["GET"]}}],"collection":[{"href":"https:\/\/sourcenaturelle.eu\/fr\/wp-json\/wp\/v2\/product"}],"about":[{"href":"https:\/\/sourcenaturelle.eu\/fr\/wp-json\/wp\/v2\/types\/product"}],"wp:attachment":[{"href":"https:\/\/sourcenaturelle.eu\/fr\/wp-json\/wp\/v2\/media?parent=2359"}],"wp:term":[{"taxonomy":"product_brand","embeddable":true,"href":"https:\/\/sourcenaturelle.eu\/fr\/wp-json\/wp\/v2\/product_brand?post=2359"},{"taxonomy":"product_cat","embeddable":true,"href":"https:\/\/sourcenaturelle.eu\/fr\/wp-json\/wp\/v2\/product_cat?post=2359"},{"taxonomy":"product_tag","embeddable":true,"href":"https:\/\/sourcenaturelle.eu\/fr\/wp-json\/wp\/v2\/product_tag?post=2359"}],"curies":[{"name":"wp","href":"https:\/\/api.w.org\/{rel}","templated":true}]}}