{"id":2309,"date":"2021-05-30T18:15:12","date_gmt":"2021-05-30T18:15:12","guid":{"rendered":"https:\/\/sourcenaturelle.eu\/product\/eau-de-visage-cristal-de-roche-150ml\/"},"modified":"2021-06-11T17:12:47","modified_gmt":"2021-06-11T17:12:47","slug":"eau-de-visage-cristal-de-roche-150ml","status":"publish","type":"product","link":"https:\/\/sourcenaturelle.eu\/fr\/produit\/eau-de-visage-cristal-de-roche-150ml\/","title":{"rendered":"Sanoll Eau de Visage Cristal de Roche, 150ml"},"content":{"rendered":"<p>L&rsquo;\u00e9nergie du cristal de roche, la combinaison des essences des fleures et les herbes organiques nettoient en profondeur les pores de la peau. L&rsquo;anacyclus et l&rsquo;echinac\u00e9e pr\u00e9viennent les inflammations de la peau.<\/p>\n<p>Certifi\u00e9:<br \/>\n* 100 % organique<br \/>\n* Austria Bio Garantie (cosm\u00e9tique bio)<br \/>\n* Sans parfum, colorant ni conservateur issu de la chimie de synth\u00e8se<br \/>\n* Sans technologies g\u00e9n\u00e9tiques<br \/>\n* Der Gr\u00fcne Punkt<br \/>\n* Vier Pfoten (pas de tests sur animaux)<\/p>\n<p>Fabriqu\u00e9 en Autriche<\/p>\n<p><strong>Conseils d&rsquo;utilisation<\/strong><br \/>\nApr\u00e8s le nettoyage profond avec le gel Cristal de roche, pulv\u00e9riser sur le visage et essuyer avec du coton. Finir la procedure en appliquant la cr\u00e8me de beaut\u00e9 Sanoll. \u00c9viter le contact direct avec les yeux! Agiter avant utilisation.<\/p>\n","protected":false},"excerpt":{"rendered":"<p>L&rsquo;\u00e9nergie du cristal de roche, la combinaison des essences des fleures et les herbes organiques nettoient en profondeur les pores de la peau.Conseils d&rsquo;utilisation<\/p>\n","protected":false},"featured_media":0,"template":"","meta":{"_kad_post_transparent":"","_kad_post_title":"","_kad_post_layout":"","_kad_post_sidebar_id":"","_kad_post_content_style":"","_kad_post_vertical_padding":"","_kad_post_feature":"","_kad_post_feature_position":"","_kad_post_header":false,"_kad_post_footer":false,"_kad_post_classname":""},"product_brand":[],"product_cat":[132,197,93],"product_tag":[],"class_list":{"0":"post-2309","1":"product","2":"type-product","3":"status-publish","5":"product_cat-sanoll-fr","6":"product_cat-soins-nettoyants","7":"product_cat-visage","9":"first","10":"instock","11":"shipping-taxable","12":"purchasable","13":"product-type-simple","14":"entry","15":"content-bg","16":"loop-entry"},"_links":{"self":[{"href":"https:\/\/sourcenaturelle.eu\/fr\/wp-json\/wp\/v2\/product\/2309","targetHints":{"allow":["GET"]}}],"collection":[{"href":"https:\/\/sourcenaturelle.eu\/fr\/wp-json\/wp\/v2\/product"}],"about":[{"href":"https:\/\/sourcenaturelle.eu\/fr\/wp-json\/wp\/v2\/types\/product"}],"wp:attachment":[{"href":"https:\/\/sourcenaturelle.eu\/fr\/wp-json\/wp\/v2\/media?parent=2309"}],"wp:term":[{"taxonomy":"product_brand","embeddable":true,"href":"https:\/\/sourcenaturelle.eu\/fr\/wp-json\/wp\/v2\/product_brand?post=2309"},{"taxonomy":"product_cat","embeddable":true,"href":"https:\/\/sourcenaturelle.eu\/fr\/wp-json\/wp\/v2\/product_cat?post=2309"},{"taxonomy":"product_tag","embeddable":true,"href":"https:\/\/sourcenaturelle.eu\/fr\/wp-json\/wp\/v2\/product_tag?post=2309"}],"curies":[{"name":"wp","href":"https:\/\/api.w.org\/{rel}","templated":true}]}}