{"id":2299,"date":"2021-05-31T12:58:14","date_gmt":"2021-05-31T12:58:14","guid":{"rendered":"https:\/\/sourcenaturelle.eu\/product\/marias-creme-contour-des-yeux-eglantine-bio-15ml\/"},"modified":"2021-06-22T21:48:46","modified_gmt":"2021-06-22T21:48:46","slug":"marias-creme-contour-des-yeux-eglantier-bio-15ml","status":"publish","type":"product","link":"https:\/\/sourcenaturelle.eu\/fr\/produit\/marias-creme-contour-des-yeux-eglantier-bio-15ml\/","title":{"rendered":"MARIAS Cr\u00e8me Contour des Yeux Eglantier Bio, 15ml"},"content":{"rendered":"<p>Certaines parties du visage n\u00e9cessitent plus de soins que d&rsquo;autres. La peau autour des yeux a peu de s\u00e9bum, elle est sensible et fine. La stress, fatigue et l&rsquo;\u00e2ge montre ici le plus. Cette cr\u00e8me est d\u00e9velopp\u00e9e pour les soins de la peau d\u00e9licate du contour des yeux. Euphraise et camomille r\u00e9duit poches et les cernes, la vitamine E emp\u00eache de rides pr\u00e9matures, beurre de karit\u00e9 adoucit la peau, les huiles de l&rsquo;Eglantine, d&rsquo;onagre, d&rsquo;argan et rose dans l&rsquo;huile de jojoba adducent la peau et donnent l&rsquo;\u00e9lasticit\u00e9. Une caract\u00e9ristique particuli\u00e8re de cette creme: Il contient un extrait de Pongam &#8211; La protection naturelle contre le soleil. La cr\u00e8me est tr\u00e8s douce et ne contient pas les huiles \u00e9th\u00e9riques.<\/p>\n<p>* 100% d&rsquo;ingr\u00e9dients d&rsquo;origine naturelle<br \/>\n* sans parfum, colorant ni conservateur issu de la chimie de synth\u00e8se<br \/>\n* sans PEG, sans parabens<br \/>\n* non test\u00e9 sur les animaux<br \/>\n* certifi\u00e9 Bio Austria Garantie<\/p>\n","protected":false},"excerpt":{"rendered":"<p>Certaines parties du visage n\u00e9cessitent plus de soins que d&rsquo;autres.<\/p>\n","protected":false},"featured_media":0,"template":"","meta":{"_kad_post_transparent":"","_kad_post_title":"","_kad_post_layout":"","_kad_post_sidebar_id":"","_kad_post_content_style":"","_kad_post_vertical_padding":"","_kad_post_feature":"","_kad_post_feature_position":"","_kad_post_header":false,"_kad_post_footer":false,"_kad_post_classname":""},"product_brand":[],"product_cat":[126,93,200],"product_tag":[],"class_list":{"0":"post-2299","1":"product","2":"type-product","3":"status-publish","5":"product_cat-marias-fr","6":"product_cat-visage","7":"product_cat-yeuxlevres","9":"first","10":"instock","11":"shipping-taxable","12":"purchasable","13":"product-type-simple","14":"entry","15":"content-bg","16":"loop-entry"},"_links":{"self":[{"href":"https:\/\/sourcenaturelle.eu\/fr\/wp-json\/wp\/v2\/product\/2299","targetHints":{"allow":["GET"]}}],"collection":[{"href":"https:\/\/sourcenaturelle.eu\/fr\/wp-json\/wp\/v2\/product"}],"about":[{"href":"https:\/\/sourcenaturelle.eu\/fr\/wp-json\/wp\/v2\/types\/product"}],"wp:attachment":[{"href":"https:\/\/sourcenaturelle.eu\/fr\/wp-json\/wp\/v2\/media?parent=2299"}],"wp:term":[{"taxonomy":"product_brand","embeddable":true,"href":"https:\/\/sourcenaturelle.eu\/fr\/wp-json\/wp\/v2\/product_brand?post=2299"},{"taxonomy":"product_cat","embeddable":true,"href":"https:\/\/sourcenaturelle.eu\/fr\/wp-json\/wp\/v2\/product_cat?post=2299"},{"taxonomy":"product_tag","embeddable":true,"href":"https:\/\/sourcenaturelle.eu\/fr\/wp-json\/wp\/v2\/product_tag?post=2299"}],"curies":[{"name":"wp","href":"https:\/\/api.w.org\/{rel}","templated":true}]}}