{"id":2294,"date":"2021-05-31T12:53:27","date_gmt":"2021-05-31T12:53:27","guid":{"rendered":"https:\/\/sourcenaturelle.eu\/product\/marias-bio-shampoing-avoine-250ml-fr\/"},"modified":"2021-06-22T21:49:28","modified_gmt":"2021-06-22T21:49:28","slug":"marias-bio-shampoing-avoine-250ml-fr","status":"publish","type":"product","link":"https:\/\/sourcenaturelle.eu\/fr\/produit\/marias-bio-shampoing-avoine-250ml-fr\/","title":{"rendered":"MARIAS Bio Shampoing Avoine, 250ml"},"content":{"rendered":"<p>MAR\u00edAS Bio Shampoing Avoine nettoie en douceur avec des tensioactifs purement v\u00e9g\u00e9taux, tandis que le lait d&rsquo;avoine, l&rsquo;huile de tournesol et de graines de pavot d&rsquo;Autriche lissent la surface des cheveux et r\u00e9duisent la casse et les pointes fourchues &#8211; le r\u00e9sultat: les cheveux lisses, beaux et brillants. La vanille, le c\u00e8dre, le benjoin et l&rsquo;orange conf\u00e8rent au shampooing un parfum doux et doux.<\/p>\n","protected":false},"excerpt":{"rendered":"<p>MAR\u00edAS Bio Shampoing Avoine nettoie en douceur avec des tensioactifs purement v\u00e9g\u00e9taux, tandis que le lait d&rsquo;avoine, l&rsquo;huile de tournesol et de graines de pavot d&rsquo;Autriche.<\/p>\n","protected":false},"featured_media":0,"template":"","meta":{"_kad_post_transparent":"","_kad_post_title":"","_kad_post_layout":"","_kad_post_sidebar_id":"","_kad_post_content_style":"","_kad_post_vertical_padding":"","_kad_post_feature":"","_kad_post_feature_position":"","_kad_post_header":false,"_kad_post_footer":false,"_kad_post_classname":""},"product_brand":[],"product_cat":[105,126,209],"product_tag":[],"class_list":{"0":"post-2294","1":"product","2":"type-product","3":"status-publish","5":"product_cat-cheveux","6":"product_cat-marias-fr","7":"product_cat-shampoings-apres-shampoings","9":"first","10":"instock","11":"shipping-taxable","12":"purchasable","13":"product-type-simple","14":"entry","15":"content-bg","16":"loop-entry"},"_links":{"self":[{"href":"https:\/\/sourcenaturelle.eu\/fr\/wp-json\/wp\/v2\/product\/2294","targetHints":{"allow":["GET"]}}],"collection":[{"href":"https:\/\/sourcenaturelle.eu\/fr\/wp-json\/wp\/v2\/product"}],"about":[{"href":"https:\/\/sourcenaturelle.eu\/fr\/wp-json\/wp\/v2\/types\/product"}],"wp:attachment":[{"href":"https:\/\/sourcenaturelle.eu\/fr\/wp-json\/wp\/v2\/media?parent=2294"}],"wp:term":[{"taxonomy":"product_brand","embeddable":true,"href":"https:\/\/sourcenaturelle.eu\/fr\/wp-json\/wp\/v2\/product_brand?post=2294"},{"taxonomy":"product_cat","embeddable":true,"href":"https:\/\/sourcenaturelle.eu\/fr\/wp-json\/wp\/v2\/product_cat?post=2294"},{"taxonomy":"product_tag","embeddable":true,"href":"https:\/\/sourcenaturelle.eu\/fr\/wp-json\/wp\/v2\/product_tag?post=2294"}],"curies":[{"name":"wp","href":"https:\/\/api.w.org\/{rel}","templated":true}]}}