{"id":2094,"date":"2021-05-30T17:15:44","date_gmt":"2021-05-30T17:15:44","guid":{"rendered":"https:\/\/sourcenaturelle.eu\/product\/sanoll-creme-de-change-bebe-50ml-fr\/"},"modified":"2021-06-04T16:50:16","modified_gmt":"2021-06-04T16:50:16","slug":"sanoll-creme-de-change-bebe-50ml-fr","status":"publish","type":"product","link":"https:\/\/sourcenaturelle.eu\/fr\/produit\/sanoll-creme-de-change-bebe-50ml-fr\/","title":{"rendered":"Sanoll cr\u00e8me de change b\u00e9b\u00e9, 50ml"},"content":{"rendered":"<p>La zone sensible de la couche est probablement l&rsquo;un des principaux probl\u00e8mes de bons soins pour b\u00e9b\u00e9. D&rsquo;une part, une cr\u00e8me pour les fesses doit offrir une bonne protection contre l&rsquo;humidit\u00e9 et, d&rsquo;autre part, lutter contre les irritations et les inflammations cutan\u00e9es. L&rsquo;argile, l&rsquo;extrait de pens\u00e9e, l&rsquo;huile d&rsquo;amande et d&rsquo;autres cadeaux de la nature s&rsquo;av\u00e8rent \u00eatre de bonnes aides ici. Dans ce produit, nous \u00e9vitons consciemment l&rsquo;alcool et les huiles essentielles afin d&rsquo;\u00e9viter une sensation de br\u00fblure sur la peau irrit\u00e9e ou \u00ab\u00a0douloureuse\u00a0\u00bb. Cette cr\u00e8me tr\u00e8s riche nourrit, prot\u00e8ge et aide la peau \u00e0 retrouver son \u00e9quilibre naturel.<\/p>\n<p><strong>TIP<\/strong><br \/>\nElle peut \u00e9galement \u00eatre utilis\u00e9 sur d&rsquo;autres parties du corps et dans les soins aux personnes \u00e2g\u00e9es selon les besoins. Nous recommandons fortement la combinaison avec une couche naturelle respirante!<\/p>\n","protected":false},"excerpt":{"rendered":"<p>Elle peut \u00e9galement \u00eatre utilis\u00e9 sur d&rsquo;autres parties du corps et dans les soins aux personnes \u00e2g\u00e9es selon les besoins. <\/p>\n","protected":false},"featured_media":0,"template":"","meta":{"_kad_post_transparent":"","_kad_post_title":"","_kad_post_layout":"","_kad_post_sidebar_id":"","_kad_post_content_style":"","_kad_post_vertical_padding":"","_kad_post_feature":"","_kad_post_feature_position":"","_kad_post_header":false,"_kad_post_footer":false,"_kad_post_classname":""},"product_brand":[],"product_cat":[117,132,120],"product_tag":[],"class_list":{"0":"post-2094","1":"product","2":"type-product","3":"status-publish","5":"product_cat-enfants","6":"product_cat-sanoll-fr","7":"product_cat-soin-du-corps","9":"first","10":"instock","11":"shipping-taxable","12":"purchasable","13":"product-type-simple","14":"entry","15":"content-bg","16":"loop-entry"},"_links":{"self":[{"href":"https:\/\/sourcenaturelle.eu\/fr\/wp-json\/wp\/v2\/product\/2094","targetHints":{"allow":["GET"]}}],"collection":[{"href":"https:\/\/sourcenaturelle.eu\/fr\/wp-json\/wp\/v2\/product"}],"about":[{"href":"https:\/\/sourcenaturelle.eu\/fr\/wp-json\/wp\/v2\/types\/product"}],"wp:attachment":[{"href":"https:\/\/sourcenaturelle.eu\/fr\/wp-json\/wp\/v2\/media?parent=2094"}],"wp:term":[{"taxonomy":"product_brand","embeddable":true,"href":"https:\/\/sourcenaturelle.eu\/fr\/wp-json\/wp\/v2\/product_brand?post=2094"},{"taxonomy":"product_cat","embeddable":true,"href":"https:\/\/sourcenaturelle.eu\/fr\/wp-json\/wp\/v2\/product_cat?post=2094"},{"taxonomy":"product_tag","embeddable":true,"href":"https:\/\/sourcenaturelle.eu\/fr\/wp-json\/wp\/v2\/product_tag?post=2094"}],"curies":[{"name":"wp","href":"https:\/\/api.w.org\/{rel}","templated":true}]}}