{"id":2999,"date":"2021-06-14T12:17:21","date_gmt":"2021-06-14T12:17:21","guid":{"rendered":"https:\/\/sourcenaturelle.eu\/a-propos\/"},"modified":"2021-06-26T09:34:08","modified_gmt":"2021-06-26T09:34:08","slug":"a-propos","status":"publish","type":"page","link":"https:\/\/sourcenaturelle.eu\/fr\/a-propos\/","title":{"rendered":"\u00c0 propos"},"content":{"rendered":"\t\t<div data-elementor-type=\"wp-page\" data-elementor-id=\"2999\" class=\"elementor elementor-2999 elementor-492\">\n\t\t\t\t\t\t<section class=\"elementor-section elementor-top-section elementor-element elementor-element-447bb11 elementor-section-height-min-height elementor-section-items-bottom elementor-section-boxed elementor-section-height-default\" data-id=\"447bb11\" data-element_type=\"section\" data-e-type=\"section\" data-settings=\"{&quot;background_background&quot;:&quot;classic&quot;}\">\n\t\t\t\t\t\t\t<div class=\"elementor-background-overlay\"><\/div>\n\t\t\t\t\t\t\t<div class=\"elementor-container elementor-column-gap-default\">\n\t\t\t\t\t<div class=\"elementor-column elementor-col-100 elementor-top-column elementor-element elementor-element-01b2a2e\" data-id=\"01b2a2e\" data-element_type=\"column\" data-e-type=\"column\">\n\t\t\t<div class=\"elementor-widget-wrap elementor-element-populated\">\n\t\t\t\t\t\t<div class=\"elementor-element elementor-element-5cf34b4 elementor-widget elementor-widget-heading\" data-id=\"5cf34b4\" data-element_type=\"widget\" data-e-type=\"widget\" data-widget_type=\"heading.default\">\n\t\t\t\t<div class=\"elementor-widget-container\">\n\t\t\t\t\t<h2 class=\"elementor-heading-title elementor-size-default\">\u00c0 propos<\/h2>\t\t\t\t<\/div>\n\t\t\t\t<\/div>\n\t\t\t\t\t<\/div>\n\t\t<\/div>\n\t\t\t\t\t<\/div>\n\t\t<\/section>\n\t\t\t\t<section class=\"elementor-section elementor-top-section elementor-element elementor-element-7f6ceda elementor-section-boxed elementor-section-height-default elementor-section-height-default\" data-id=\"7f6ceda\" data-element_type=\"section\" data-e-type=\"section\">\n\t\t\t\t\t\t<div class=\"elementor-container elementor-column-gap-default\">\n\t\t\t\t\t<div class=\"elementor-column elementor-col-100 elementor-top-column elementor-element elementor-element-8f095c6\" data-id=\"8f095c6\" data-element_type=\"column\" data-e-type=\"column\">\n\t\t\t<div class=\"elementor-widget-wrap elementor-element-populated\">\n\t\t\t\t\t\t<div class=\"elementor-element elementor-element-0417317 elementor-widget elementor-widget-heading\" data-id=\"0417317\" data-element_type=\"widget\" data-e-type=\"widget\" data-widget_type=\"heading.default\">\n\t\t\t\t<div class=\"elementor-widget-container\">\n\t\t\t\t\t<h5 class=\"elementor-heading-title elementor-size-default\">Notre histoire<\/h5>\t\t\t\t<\/div>\n\t\t\t\t<\/div>\n\t\t\t\t<div class=\"elementor-element elementor-element-59203da elementor-widget elementor-widget-heading\" data-id=\"59203da\" data-element_type=\"widget\" data-e-type=\"widget\" data-widget_type=\"heading.default\">\n\t\t\t\t<div class=\"elementor-widget-container\">\n\t\t\t\t\t<h3 class=\"elementor-heading-title elementor-size-default\">Bienvenue \u00e0 Source Naturelle !<\/h3>\t\t\t\t<\/div>\n\t\t\t\t<\/div>\n\t\t\t\t<div class=\"elementor-element elementor-element-2583fa7 elementor-widget elementor-widget-text-editor\" data-id=\"2583fa7\" data-element_type=\"widget\" data-e-type=\"widget\" data-widget_type=\"text-editor.default\">\n\t\t\t\t<div class=\"elementor-widget-container\">\n\t\t\t\t\t\t\t\t\t<p>Je m&rsquo;appelle Nina et je vis en Autriche.<\/p>\n<p>Pendant ma premi\u00e8re grossesse, j&rsquo;ai voulu manger plus sainement et j&rsquo;ai commenc\u00e9 \u00e0 acheter plus d&rsquo;aliments biologiques. Comme toutes les mamans, je ne voulais que le meilleur pour mon enfant. Lorsque j&rsquo;ai fait une r\u00e9action cutan\u00e9e \u00e0 une huile pour b\u00e9b\u00e9 d&rsquo;une marque populaire, j&rsquo;ai fait des recherches et j&rsquo;ai r\u00e9alis\u00e9 que la plupart des produits de soins pour enfants contiennent des ingr\u00e9dients chimiques potentiellement dangereux.<\/p>\n<p>\u00c9tant moi-m\u00eame m\u00e9decin, je sais que les cosm\u00e9tiques que nous utilisons n&rsquo;agissent pas seulement sur la peau mais la p\u00e9n\u00e8trent \u00e9galement. J&rsquo;ai donc d\u00e9cid\u00e9 de chercher des cosm\u00e9tiques biologiques pour mon enfant. Puis, petit \u00e0 petit, j&rsquo;ai chang\u00e9 tous les produits de soin. Ma famille et mes amis m&rsquo;ont demand\u00e9 mes recommandations pour des cosm\u00e9tiques naturels et j&rsquo;ai eu cette id\u00e9e d&rsquo;une petite boutique internet de cosm\u00e9tiques bio pour l&rsquo;entourage proche. <\/p>\n<p>J&rsquo;ai choisi des petites marques locales autrichiennes et allemandes de cosm\u00e9tiques bio certifi\u00e9s avec 100% d&rsquo;ingr\u00e9dients naturels. Je teste moi-m\u00eame chaque produit avant de l&rsquo;ajouter \u00e0 la boutique et je peux sinc\u00e8rement le recommander.<\/p>\n<p>J&rsquo;esp\u00e8re que vous appr\u00e9cierez de faire partie du cercle ! \ud83d\udc9a<\/p>\n<p>Source Naturelle &#8211; votre source de beaut\u00e9 naturelle !<\/p>\n\t\t\t\t\t\t\t\t<\/div>\n\t\t\t\t<\/div>\n\t\t\t\t\t<\/div>\n\t\t<\/div>\n\t\t\t\t\t<\/div>\n\t\t<\/section>\n\t\t\t\t<\/div>\n\t\t","protected":false},"excerpt":{"rendered":"<p>\u00c0 propos Notre histoire Bienvenue \u00e0 Source Naturelle ! Je m&rsquo;appelle Nina et je vis en Autriche. Pendant ma premi\u00e8re grossesse, j&rsquo;ai voulu manger plus sainement et j&rsquo;ai commenc\u00e9 \u00e0 acheter plus d&rsquo;aliments biologiques. Comme toutes les mamans, je ne voulais que le meilleur pour mon enfant. Lorsque j&rsquo;ai fait une r\u00e9action cutan\u00e9e \u00e0 une&#8230;<\/p>\n","protected":false},"author":1,"featured_media":0,"parent":0,"menu_order":0,"comment_status":"closed","ping_status":"closed","template":"","meta":{"_kad_post_transparent":"","_kad_post_title":"","_kad_post_layout":"","_kad_post_sidebar_id":"","_kad_post_content_style":"","_kad_post_vertical_padding":"","_kad_post_feature":"","_kad_post_feature_position":"","_kad_post_header":false,"_kad_post_footer":false,"_kad_post_classname":"","footnotes":""},"class_list":["post-2999","page","type-page","status-publish","hentry"],"_links":{"self":[{"href":"https:\/\/sourcenaturelle.eu\/fr\/wp-json\/wp\/v2\/pages\/2999","targetHints":{"allow":["GET"]}}],"collection":[{"href":"https:\/\/sourcenaturelle.eu\/fr\/wp-json\/wp\/v2\/pages"}],"about":[{"href":"https:\/\/sourcenaturelle.eu\/fr\/wp-json\/wp\/v2\/types\/page"}],"author":[{"embeddable":true,"href":"https:\/\/sourcenaturelle.eu\/fr\/wp-json\/wp\/v2\/users\/1"}],"replies":[{"embeddable":true,"href":"https:\/\/sourcenaturelle.eu\/fr\/wp-json\/wp\/v2\/comments?post=2999"}],"version-history":[{"count":0,"href":"https:\/\/sourcenaturelle.eu\/fr\/wp-json\/wp\/v2\/pages\/2999\/revisions"}],"wp:attachment":[{"href":"https:\/\/sourcenaturelle.eu\/fr\/wp-json\/wp\/v2\/media?parent=2999"}],"curies":[{"name":"wp","href":"https:\/\/api.w.org\/{rel}","templated":true}]}}