{"id":4826,"date":"2021-08-01T15:34:40","date_gmt":"2021-08-01T15:34:40","guid":{"rendered":"https:\/\/sourcenaturelle.eu\/product\/eco-cosmetics-haarspulung-125ml\/"},"modified":"2021-08-01T15:38:30","modified_gmt":"2021-08-01T15:38:30","slug":"eco-cosmetics-haarspulung-125ml","status":"publish","type":"product","link":"https:\/\/sourcenaturelle.eu\/de\/produkt\/eco-cosmetics-haarspulung-125ml\/","title":{"rendered":"Eco cosmetics Haarsp\u00fclung, 125ml"},"content":{"rendered":"<p>Mit Jojoba und gr\u00fcnem Tee, f\u00fcr jeden Haartyp<\/p>\n<p>Seidiger Glanz und Pflege f\u00fcr jeden Haartyp \u2013 jeden Tag! Die Haarsp\u00fclung gl\u00e4ttet das Haar und verleiht ihm seidigen Glanz ohne es zu beschweren. Die antioxidante und stimulierende Eigenschaft des Gr\u00fcnen Tees* sch\u00fctzt das Haar. Als fl\u00fcssiges Wachs und reich an unges\u00e4ttigten Fetts\u00e4uren, Vitamin E und Spurenelementen hinterl\u00e4sst Jojoba \u00d6l* einen feinen Film auf Kopfhaut und Haaren und sch\u00fctzt so vor Feuchtigkeitsverlust. Das Haar f\u00fchlt sich geschmeidig und weich an.<\/p>\n","protected":false},"excerpt":{"rendered":"<p>F\u00fcr jeden Hauttyp<\/p>\n","protected":false},"featured_media":4824,"template":"","meta":{"_kad_post_transparent":"","_kad_post_title":"","_kad_post_layout":"","_kad_post_sidebar_id":"","_kad_post_content_style":"","_kad_post_vertical_padding":"","_kad_post_feature":"","_kad_post_feature_position":"","_kad_post_header":false,"_kad_post_footer":false,"_kad_post_classname":""},"product_brand":[],"product_cat":[91,106,210],"product_tag":[],"class_list":{"0":"post-4826","1":"product","2":"type-product","3":"status-publish","4":"has-post-thumbnail","6":"product_cat-eco-cosmetics-de","7":"product_cat-haare","8":"product_cat-shampoo-spulung","10":"first","11":"instock","12":"shipping-taxable","13":"purchasable","14":"product-type-simple","15":"entry","16":"content-bg","17":"loop-entry"},"_links":{"self":[{"href":"https:\/\/sourcenaturelle.eu\/de\/wp-json\/wp\/v2\/product\/4826","targetHints":{"allow":["GET"]}}],"collection":[{"href":"https:\/\/sourcenaturelle.eu\/de\/wp-json\/wp\/v2\/product"}],"about":[{"href":"https:\/\/sourcenaturelle.eu\/de\/wp-json\/wp\/v2\/types\/product"}],"wp:featuredmedia":[{"embeddable":true,"href":"https:\/\/sourcenaturelle.eu\/de\/wp-json\/wp\/v2\/media\/4824"}],"wp:attachment":[{"href":"https:\/\/sourcenaturelle.eu\/de\/wp-json\/wp\/v2\/media?parent=4826"}],"wp:term":[{"taxonomy":"product_brand","embeddable":true,"href":"https:\/\/sourcenaturelle.eu\/de\/wp-json\/wp\/v2\/product_brand?post=4826"},{"taxonomy":"product_cat","embeddable":true,"href":"https:\/\/sourcenaturelle.eu\/de\/wp-json\/wp\/v2\/product_cat?post=4826"},{"taxonomy":"product_tag","embeddable":true,"href":"https:\/\/sourcenaturelle.eu\/de\/wp-json\/wp\/v2\/product_tag?post=4826"}],"curies":[{"name":"wp","href":"https:\/\/api.w.org\/{rel}","templated":true}]}}