{"id":4743,"date":"2021-07-05T15:26:59","date_gmt":"2021-07-05T15:26:59","guid":{"rendered":"https:\/\/sourcenaturelle.eu\/product\/sanoll-bergkristall-gesichtspeeling-30ml\/"},"modified":"2021-07-05T15:26:59","modified_gmt":"2021-07-05T15:26:59","slug":"sanoll-bergkristall-gesichtspeeling-30ml","status":"publish","type":"product","link":"https:\/\/sourcenaturelle.eu\/de\/produkt\/sanoll-bergkristall-gesichtspeeling-30ml\/","title":{"rendered":"Sanoll Bergkristall GesichtsPeeling, 30ml"},"content":{"rendered":"<p>f\u00fcr ein individuelles Peeling<\/p>\n<p>Zur individuellen Anwendung durch das kreative Abmischen mit den SANOLL TEM-Essenzen und dem Gold\u00d6l. Als sanfter Peeling-K\u00f6rper kommt Quarz-Glimmer zur Anwendung. Die Peeling-Intensit\u00e4t steuern Sie durch entsprechende Intensit\u00e4t bei der Massage<\/p>\n<p>Bio-%: 98 %<br \/>\npH-Wert (ca.): 7,2<br \/>\nTier-Philosophie: vegan<br \/>\nGlutenFREI: ja<br \/>\nLaktoseFREI: ja<\/p>\n<p>Ehrliche VOLLdeklaration: Bergkristallwasser, Kokos\u00f6l*, Lavendel Hydrolat*, Jojoba\u00f6l*, Quarz-Glimmer, Echinacea Tinktur*, Sonnenblumen\u00f6l*, Carnaubawachs*, Kakaobutter*, Akazienharz*, Benzoe\u00f6l, franz\u00f6sische Algen, pflanzliches Vitamin E, Pottasche, Lavendel\u00f6l*, Kristallessenz Bergkristall. Landwirtschaftlicher Bioanteil 98 %.<\/p>\n","protected":false},"excerpt":{"rendered":"<p>f\u00fcr ein idividuelles Peeling<\/p>\n","protected":false},"featured_media":4741,"template":"","meta":{"_kad_post_transparent":"","_kad_post_title":"","_kad_post_layout":"","_kad_post_sidebar_id":"","_kad_post_content_style":"","_kad_post_vertical_padding":"","_kad_post_feature":"","_kad_post_feature_position":"","_kad_post_header":false,"_kad_post_footer":false,"_kad_post_classname":""},"product_brand":[],"product_cat":[94,198,133],"product_tag":[],"class_list":{"0":"post-4743","1":"product","2":"type-product","3":"status-publish","4":"has-post-thumbnail","6":"product_cat-gesicht","7":"product_cat-gesichtsreinigung","8":"product_cat-sanoll-de","10":"first","11":"instock","12":"shipping-taxable","13":"purchasable","14":"product-type-simple","15":"entry","16":"content-bg","17":"loop-entry"},"_links":{"self":[{"href":"https:\/\/sourcenaturelle.eu\/de\/wp-json\/wp\/v2\/product\/4743","targetHints":{"allow":["GET"]}}],"collection":[{"href":"https:\/\/sourcenaturelle.eu\/de\/wp-json\/wp\/v2\/product"}],"about":[{"href":"https:\/\/sourcenaturelle.eu\/de\/wp-json\/wp\/v2\/types\/product"}],"wp:featuredmedia":[{"embeddable":true,"href":"https:\/\/sourcenaturelle.eu\/de\/wp-json\/wp\/v2\/media\/4741"}],"wp:attachment":[{"href":"https:\/\/sourcenaturelle.eu\/de\/wp-json\/wp\/v2\/media?parent=4743"}],"wp:term":[{"taxonomy":"product_brand","embeddable":true,"href":"https:\/\/sourcenaturelle.eu\/de\/wp-json\/wp\/v2\/product_brand?post=4743"},{"taxonomy":"product_cat","embeddable":true,"href":"https:\/\/sourcenaturelle.eu\/de\/wp-json\/wp\/v2\/product_cat?post=4743"},{"taxonomy":"product_tag","embeddable":true,"href":"https:\/\/sourcenaturelle.eu\/de\/wp-json\/wp\/v2\/product_tag?post=4743"}],"curies":[{"name":"wp","href":"https:\/\/api.w.org\/{rel}","templated":true}]}}