{"id":4735,"date":"2021-07-05T15:08:53","date_gmt":"2021-07-05T15:08:53","guid":{"rendered":"https:\/\/sourcenaturelle.eu\/product\/sanoll-bergkristall-maske-peeling-nahrend-30ml\/"},"modified":"2021-07-05T15:08:53","modified_gmt":"2021-07-05T15:08:53","slug":"sanoll-bergkristall-maske-peeling-nahrend-30ml","status":"publish","type":"product","link":"https:\/\/sourcenaturelle.eu\/de\/produkt\/sanoll-bergkristall-maske-peeling-nahrend-30ml\/","title":{"rendered":"Sanoll Bergkristall Maske &#038; Peeling n\u00e4hrend, 30ml"},"content":{"rendered":"<p>f\u00fcr trockene und pflegebed\u00fcrftige Haut<\/p>\n<p>Schwarzk\u00fcmmel-, Jojoba- und Kokos\u00f6l verw\u00f6hnen und pflegen die anspruchsvolle Haut. Biologische Kr\u00e4uterausz\u00fcge aus Rosenbl\u00fcten, Verbene und K\u00f6nigskerze stimulieren zusammen mit der Kraft des Bergkristalls die hauteigenen Funktionen. Traubenkernmehl und Glimmer geben bei sanftem Einmassieren einen wohltuenden Peeling Effekt, ohne die Haut zu reizen. Anwendung: Die Maske 5-15 Minuten einwirken lassen, dann gr\u00fcndlich abwaschen. So kommen die wertvollen Bio-Wirkstoffe voll zur Geltung.<\/p>\n<p>Bio-%: 99 %<br \/>\npH-Wert (ca.): 6,2<br \/>\nTier-Philosophie: vegan<br \/>\nGlutenFREI: ja<br \/>\nLaktoseFREI: ja<\/p>\n<p>Ehrliche VOLLdeklaration: Bergkristallwasser, Kokos\u00f6l*, Rosen Hydrolat*, Jojoba\u00f6l*, Sonnenblumen\u00f6l*, Traubenkernmehl*, Carnaubawachs*, Verbene Tinktur*, Quarz-Glimmer, K\u00f6nigskerze Tinktur*, Mohn\u00f6l*, Oliven\u00f6l*, Rosenbl\u00fcten Tinktur*, Akazienharz*, Schwarzk\u00fcmmel\u00f6l*, pflanzliches Vitamin E, Rosengeranie*, Mandarin\u00f6l*, Kristallessenz Bergkristall. Landwirtschaftlicher Bioanteil 99 %.<\/p>\n","protected":false},"excerpt":{"rendered":"<p>f\u00fcr trockene und pflegebed\u00fcrftige Haut<\/p>\n","protected":false},"featured_media":4733,"template":"","meta":{"_kad_post_transparent":"","_kad_post_title":"","_kad_post_layout":"","_kad_post_sidebar_id":"","_kad_post_content_style":"","_kad_post_vertical_padding":"","_kad_post_feature":"","_kad_post_feature_position":"","_kad_post_header":false,"_kad_post_footer":false,"_kad_post_classname":""},"product_brand":[],"product_cat":[204,94,198,133],"product_tag":[],"class_list":{"0":"post-4735","1":"product","2":"type-product","3":"status-publish","4":"has-post-thumbnail","6":"product_cat-feuchtigkeitspflege","7":"product_cat-gesicht","8":"product_cat-gesichtsreinigung","9":"product_cat-sanoll-de","11":"first","12":"instock","13":"shipping-taxable","14":"purchasable","15":"product-type-simple","16":"entry","17":"content-bg","18":"loop-entry"},"_links":{"self":[{"href":"https:\/\/sourcenaturelle.eu\/de\/wp-json\/wp\/v2\/product\/4735","targetHints":{"allow":["GET"]}}],"collection":[{"href":"https:\/\/sourcenaturelle.eu\/de\/wp-json\/wp\/v2\/product"}],"about":[{"href":"https:\/\/sourcenaturelle.eu\/de\/wp-json\/wp\/v2\/types\/product"}],"wp:featuredmedia":[{"embeddable":true,"href":"https:\/\/sourcenaturelle.eu\/de\/wp-json\/wp\/v2\/media\/4733"}],"wp:attachment":[{"href":"https:\/\/sourcenaturelle.eu\/de\/wp-json\/wp\/v2\/media?parent=4735"}],"wp:term":[{"taxonomy":"product_brand","embeddable":true,"href":"https:\/\/sourcenaturelle.eu\/de\/wp-json\/wp\/v2\/product_brand?post=4735"},{"taxonomy":"product_cat","embeddable":true,"href":"https:\/\/sourcenaturelle.eu\/de\/wp-json\/wp\/v2\/product_cat?post=4735"},{"taxonomy":"product_tag","embeddable":true,"href":"https:\/\/sourcenaturelle.eu\/de\/wp-json\/wp\/v2\/product_tag?post=4735"}],"curies":[{"name":"wp","href":"https:\/\/api.w.org\/{rel}","templated":true}]}}