{"id":4725,"date":"2021-07-05T07:57:15","date_gmt":"2021-07-05T07:57:15","guid":{"rendered":"https:\/\/sourcenaturelle.eu\/product\/sanoll-aventurin-maske-klarend-ziehend-30ml\/"},"modified":"2021-07-05T07:57:15","modified_gmt":"2021-07-05T07:57:15","slug":"sanoll-aventurin-maske-klarend-ziehend-30ml","status":"publish","type":"product","link":"https:\/\/sourcenaturelle.eu\/de\/produkt\/sanoll-aventurin-maske-klarend-ziehend-30ml\/","title":{"rendered":"Sanoll Aventurin Maske kl\u00e4rend &#038; ziehend, 30ml"},"content":{"rendered":"<p>f\u00fcr fettige oder unreine Haut<\/p>\n<p>Besonders empfehlenswert f\u00fcr fettige und\/oder unreine Haut. Echt stark zur Pflege der jungen unreinen \u201eAkne-Haut\u201c! Der gr\u00fcne Aventurin sorgt gemeinsam mit dem beruhigenden Lavendel-Hydrolat und der ziehenden Heilerde f\u00fcr eine porentiefe Reinigung. Echinacea und Akazienharz k\u00f6nnen Entz\u00fcndungen vorbeugen und die Zellregenerierung f\u00f6rdern.<\/p>\n<p>Bio-%: 95 %<br \/>\npH-Wert (ca.): 7,3<br \/>\nTier-Philosophie: vegan<br \/>\nGlutenFREI: ja<br \/>\nLaktoseFREI: ja<\/p>\n<p>Ehrliche VOLLdeklaration: Aventurinwasser, Heilerde wei\u00df, Jojoba\u00f6l*, Kreide, Birkenbl\u00e4tter Tinktur*, Echinacea Tinktur*, L\u00e4rchenharz**, Lavendel*, Ringelblume*, pflanzliches Vitamin E, Xanthan, Blutorangen\u00f6l*, Mandarin\u00f6l*, Lavendel\u00f6l*, Palmarosa\u00f6l*, Rosengeranie*, Zitronen\u00f6l*, Pfefferminze\u00f6l*, Grapefruit\u00f6l*, Kristallessenz Aventurin. Landwirtschaftlicher Bioanteil 95 %.<\/p>\n","protected":false},"excerpt":{"rendered":"<p>f\u00fcr fettige oder unreine Haut<\/p>\n","protected":false},"featured_media":4722,"template":"","meta":{"_kad_post_transparent":"","_kad_post_title":"","_kad_post_layout":"","_kad_post_sidebar_id":"","_kad_post_content_style":"","_kad_post_vertical_padding":"","_kad_post_feature":"","_kad_post_feature_position":"","_kad_post_header":false,"_kad_post_footer":false,"_kad_post_classname":""},"product_brand":[],"product_cat":[94,198,133],"product_tag":[],"class_list":{"0":"post-4725","1":"product","2":"type-product","3":"status-publish","4":"has-post-thumbnail","6":"product_cat-gesicht","7":"product_cat-gesichtsreinigung","8":"product_cat-sanoll-de","10":"first","11":"instock","12":"shipping-taxable","13":"purchasable","14":"product-type-simple","15":"entry","16":"content-bg","17":"loop-entry"},"_links":{"self":[{"href":"https:\/\/sourcenaturelle.eu\/de\/wp-json\/wp\/v2\/product\/4725","targetHints":{"allow":["GET"]}}],"collection":[{"href":"https:\/\/sourcenaturelle.eu\/de\/wp-json\/wp\/v2\/product"}],"about":[{"href":"https:\/\/sourcenaturelle.eu\/de\/wp-json\/wp\/v2\/types\/product"}],"wp:featuredmedia":[{"embeddable":true,"href":"https:\/\/sourcenaturelle.eu\/de\/wp-json\/wp\/v2\/media\/4722"}],"wp:attachment":[{"href":"https:\/\/sourcenaturelle.eu\/de\/wp-json\/wp\/v2\/media?parent=4725"}],"wp:term":[{"taxonomy":"product_brand","embeddable":true,"href":"https:\/\/sourcenaturelle.eu\/de\/wp-json\/wp\/v2\/product_brand?post=4725"},{"taxonomy":"product_cat","embeddable":true,"href":"https:\/\/sourcenaturelle.eu\/de\/wp-json\/wp\/v2\/product_cat?post=4725"},{"taxonomy":"product_tag","embeddable":true,"href":"https:\/\/sourcenaturelle.eu\/de\/wp-json\/wp\/v2\/product_tag?post=4725"}],"curies":[{"name":"wp","href":"https:\/\/api.w.org\/{rel}","templated":true}]}}