{"id":4715,"date":"2021-07-05T00:34:51","date_gmt":"2021-07-05T00:34:51","guid":{"rendered":"https:\/\/sourcenaturelle.eu\/product\/sanoll-bergkristall-reinigungsgel-150ml-de\/"},"modified":"2021-07-05T00:42:38","modified_gmt":"2021-07-05T00:42:38","slug":"sanoll-bergkristall-reinigungsgel-150ml-de","status":"publish","type":"product","link":"https:\/\/sourcenaturelle.eu\/de\/produkt\/sanoll-bergkristall-reinigungsgel-150ml-de\/","title":{"rendered":"Sanoll Bergkristall ReinigungsGel, 150ml"},"content":{"rendered":"<p>f\u00fcr alle Hauttypen &#8211; zur Gesichtsreinigung<\/p>\n<p>ReinigungsGel f\u00fcr alle Hauttypen! Gr\u00fcndliche porentiefe Hautreinigung durch das besonders milde Zuckertensid. Das Rosen Hydrolat, auch &#8222;Rosenwasser&#8220; genannt, ist ein seit Jahrtausenden verwendetes Sch\u00f6nheitsmittel. In Kombination mit dem schwingungsvollen Edelsteinwasser wird ein ausgeglichenes Hautbild unterst\u00fctzt.<\/p>\n<p>Bio-%: 96 %<br \/>\npH-Wert (ca.): 4,5<br \/>\nTier-Philosophie: vegan<br \/>\nGlutenFREI: ja<br \/>\nLaktoseFREI: ja<\/p>\n<p>Ehrliche VOLLdeklaration: Bergkristallwasser, Zuckertensid, Sonnenblumen\u00f6l*, Rosen Hydrolat*, Rosenbl\u00fcten Tinktur*, pflanzliches Vitamin E, Sclerotiumgum, Xanthan, Zitronens\u00e4ure, Rosen\u00f6l, Rosengeranie*, Kristallessenz Amethyst, Bl\u00fctenessenz Crab Apple &#038; Larch. Landwirtschaftlicher Bioanteil 96 %.<\/p>\n","protected":false},"excerpt":{"rendered":"<p>f\u00fcr alle Hauttypen &#8211; zur Gesichtsreinigung<\/p>\n<p>.<\/p>\n","protected":false},"featured_media":4713,"template":"","meta":{"_kad_post_transparent":"","_kad_post_title":"","_kad_post_layout":"","_kad_post_sidebar_id":"","_kad_post_content_style":"","_kad_post_vertical_padding":"","_kad_post_feature":"","_kad_post_feature_position":"","_kad_post_header":false,"_kad_post_footer":false,"_kad_post_classname":""},"product_brand":[],"product_cat":[94,198,133],"product_tag":[],"class_list":{"0":"post-4715","1":"product","2":"type-product","3":"status-publish","4":"has-post-thumbnail","6":"product_cat-gesicht","7":"product_cat-gesichtsreinigung","8":"product_cat-sanoll-de","10":"first","11":"instock","12":"shipping-taxable","13":"purchasable","14":"product-type-simple","15":"entry","16":"content-bg","17":"loop-entry"},"_links":{"self":[{"href":"https:\/\/sourcenaturelle.eu\/de\/wp-json\/wp\/v2\/product\/4715","targetHints":{"allow":["GET"]}}],"collection":[{"href":"https:\/\/sourcenaturelle.eu\/de\/wp-json\/wp\/v2\/product"}],"about":[{"href":"https:\/\/sourcenaturelle.eu\/de\/wp-json\/wp\/v2\/types\/product"}],"wp:featuredmedia":[{"embeddable":true,"href":"https:\/\/sourcenaturelle.eu\/de\/wp-json\/wp\/v2\/media\/4713"}],"wp:attachment":[{"href":"https:\/\/sourcenaturelle.eu\/de\/wp-json\/wp\/v2\/media?parent=4715"}],"wp:term":[{"taxonomy":"product_brand","embeddable":true,"href":"https:\/\/sourcenaturelle.eu\/de\/wp-json\/wp\/v2\/product_brand?post=4715"},{"taxonomy":"product_cat","embeddable":true,"href":"https:\/\/sourcenaturelle.eu\/de\/wp-json\/wp\/v2\/product_cat?post=4715"},{"taxonomy":"product_tag","embeddable":true,"href":"https:\/\/sourcenaturelle.eu\/de\/wp-json\/wp\/v2\/product_tag?post=4715"}],"curies":[{"name":"wp","href":"https:\/\/api.w.org\/{rel}","templated":true}]}}