{"id":4707,"date":"2021-07-05T00:22:08","date_gmt":"2021-07-05T00:22:08","guid":{"rendered":"https:\/\/sourcenaturelle.eu\/product\/sanoll-bergkristall-reinigungsschaum-150ml\/"},"modified":"2021-07-05T00:22:08","modified_gmt":"2021-07-05T00:22:08","slug":"sanoll-bergkristall-reinigungsschaum-150ml","status":"publish","type":"product","link":"https:\/\/sourcenaturelle.eu\/de\/produkt\/sanoll-bergkristall-reinigungsschaum-150ml\/","title":{"rendered":"Sanoll Bergkristall ReinigungsSchaum, 150ml"},"content":{"rendered":"<p>f\u00fcr alle Hauttypen &#8211; zur Gesichtsreinigung<\/p>\n<p>ReinigungsSchaum f\u00fcr alle Hauttypen! Bergkristallwasser und Rosen-Hydrolat bringen gute Energie und einen herrlichen Duft. Eine besonders sch\u00f6ne Schaum-Performance wird durch die Kombination von heimischem Seifenkraut und dem milden Zuckertensid erreicht. Durch den feinen Schaum wird die Haut porentief gereinigt, Umwelteinfl\u00fcsse und R\u00fcckst\u00e4nde von Kosmetikprodukten k\u00f6nnen gr\u00fcndlich entfernt werden.<\/p>\n<p>Bio-%: 99 %<br \/>\npH-Wert (ca.): 4,5<br \/>\nTier-Philosophie: vegan<br \/>\nGlutenFREI: ja<br \/>\nLaktoseFREI: ja<\/p>\n<p>Ehrliche VOLLdeklaration: Bergkristallwasser, Rosen Hydrolat*, Zuckertensid, Jojoba\u00f6l*, Weingeist*, Malven Tinktur*, Akazienharz*, Seifenkraut*, Zitronens\u00e4ure, pflanzliches Vitamin E. Landwirtschaftlicher Bioanteil 99 %.<\/p>\n","protected":false},"excerpt":{"rendered":"<p>f\u00fcr alle Hauttypen &#8211; zur Gesichtsreinigung<\/p>\n","protected":false},"featured_media":4705,"template":"","meta":{"_kad_post_transparent":"","_kad_post_title":"","_kad_post_layout":"","_kad_post_sidebar_id":"","_kad_post_content_style":"","_kad_post_vertical_padding":"","_kad_post_feature":"","_kad_post_feature_position":"","_kad_post_header":false,"_kad_post_footer":false,"_kad_post_classname":""},"product_brand":[],"product_cat":[94,198,133],"product_tag":[],"class_list":{"0":"post-4707","1":"product","2":"type-product","3":"status-publish","4":"has-post-thumbnail","6":"product_cat-gesicht","7":"product_cat-gesichtsreinigung","8":"product_cat-sanoll-de","10":"first","11":"instock","12":"shipping-taxable","13":"purchasable","14":"product-type-simple","15":"entry","16":"content-bg","17":"loop-entry"},"_links":{"self":[{"href":"https:\/\/sourcenaturelle.eu\/de\/wp-json\/wp\/v2\/product\/4707","targetHints":{"allow":["GET"]}}],"collection":[{"href":"https:\/\/sourcenaturelle.eu\/de\/wp-json\/wp\/v2\/product"}],"about":[{"href":"https:\/\/sourcenaturelle.eu\/de\/wp-json\/wp\/v2\/types\/product"}],"wp:featuredmedia":[{"embeddable":true,"href":"https:\/\/sourcenaturelle.eu\/de\/wp-json\/wp\/v2\/media\/4705"}],"wp:attachment":[{"href":"https:\/\/sourcenaturelle.eu\/de\/wp-json\/wp\/v2\/media?parent=4707"}],"wp:term":[{"taxonomy":"product_brand","embeddable":true,"href":"https:\/\/sourcenaturelle.eu\/de\/wp-json\/wp\/v2\/product_brand?post=4707"},{"taxonomy":"product_cat","embeddable":true,"href":"https:\/\/sourcenaturelle.eu\/de\/wp-json\/wp\/v2\/product_cat?post=4707"},{"taxonomy":"product_tag","embeddable":true,"href":"https:\/\/sourcenaturelle.eu\/de\/wp-json\/wp\/v2\/product_tag?post=4707"}],"curies":[{"name":"wp","href":"https:\/\/api.w.org\/{rel}","templated":true}]}}