{"id":4699,"date":"2021-07-05T00:09:43","date_gmt":"2021-07-05T00:09:43","guid":{"rendered":"https:\/\/sourcenaturelle.eu\/product\/sanoll-bergkristall-make-up-entferner-100ml\/"},"modified":"2021-07-05T00:09:43","modified_gmt":"2021-07-05T00:09:43","slug":"sanoll-bergkristall-make-up-entferner-100ml","status":"publish","type":"product","link":"https:\/\/sourcenaturelle.eu\/de\/produkt\/sanoll-bergkristall-make-up-entferner-100ml\/","title":{"rendered":"Sanoll Bergkristall Make-up Entferner, 100ml"},"content":{"rendered":"<p>f\u00fcr alle Hauttypen &#8211; zur Make-up Entfernung<br \/>\nDurch die ausgewogene Mischung aus heimischem Seifenkraut und besonders hautmildem Zuckertensid wird ein sanftes und gr\u00fcndliches Entfernen von Make-up gew\u00e4hrleistet. Kein Brennen in den Augen! Biologisches Mandel\u00f6l pflegt die Haut zus\u00e4tzlich.<br \/>\nBio-%: 98 %<br \/>\npH-Wert (ca.): 5,8<br \/>\nTier-Philosophie: vegan<br \/>\nGlutenFREI: ja<br \/>\nLaktoseFREI: ja<br \/>\nEhrliche VOLLdeklaration: Bergkristallwasser, Rosen Hydrolat*, Zuckertensid, Mandel\u00f6l*, Weingeist*, Augentrost*, Seifenkraut*, Sclerotiumgum, Zitronens\u00e4ure, Bl\u00fctenessenz Larch. Landwirtschaftlicher Bioanteil 98 %.<\/p>\n","protected":false},"excerpt":{"rendered":"<p>f\u00fcr alle Hauttypen &#8211; zur Make-up Entfernung<\/p>\n","protected":false},"featured_media":4697,"template":"","meta":{"_kad_post_transparent":"","_kad_post_title":"","_kad_post_layout":"","_kad_post_sidebar_id":"","_kad_post_content_style":"","_kad_post_vertical_padding":"","_kad_post_feature":"","_kad_post_feature_position":"","_kad_post_header":false,"_kad_post_footer":false,"_kad_post_classname":""},"product_brand":[],"product_cat":[94,198,133],"product_tag":[],"class_list":{"0":"post-4699","1":"product","2":"type-product","3":"status-publish","4":"has-post-thumbnail","6":"product_cat-gesicht","7":"product_cat-gesichtsreinigung","8":"product_cat-sanoll-de","10":"first","11":"instock","12":"shipping-taxable","13":"purchasable","14":"product-type-simple","15":"entry","16":"content-bg","17":"loop-entry"},"_links":{"self":[{"href":"https:\/\/sourcenaturelle.eu\/de\/wp-json\/wp\/v2\/product\/4699","targetHints":{"allow":["GET"]}}],"collection":[{"href":"https:\/\/sourcenaturelle.eu\/de\/wp-json\/wp\/v2\/product"}],"about":[{"href":"https:\/\/sourcenaturelle.eu\/de\/wp-json\/wp\/v2\/types\/product"}],"wp:featuredmedia":[{"embeddable":true,"href":"https:\/\/sourcenaturelle.eu\/de\/wp-json\/wp\/v2\/media\/4697"}],"wp:attachment":[{"href":"https:\/\/sourcenaturelle.eu\/de\/wp-json\/wp\/v2\/media?parent=4699"}],"wp:term":[{"taxonomy":"product_brand","embeddable":true,"href":"https:\/\/sourcenaturelle.eu\/de\/wp-json\/wp\/v2\/product_brand?post=4699"},{"taxonomy":"product_cat","embeddable":true,"href":"https:\/\/sourcenaturelle.eu\/de\/wp-json\/wp\/v2\/product_cat?post=4699"},{"taxonomy":"product_tag","embeddable":true,"href":"https:\/\/sourcenaturelle.eu\/de\/wp-json\/wp\/v2\/product_tag?post=4699"}],"curies":[{"name":"wp","href":"https:\/\/api.w.org\/{rel}","templated":true}]}}