{"id":4691,"date":"2021-07-04T22:47:56","date_gmt":"2021-07-04T22:47:56","guid":{"rendered":"https:\/\/sourcenaturelle.eu\/product\/sanoll-aventurin-gesichtscreme-50ml\/"},"modified":"2021-07-04T22:47:56","modified_gmt":"2021-07-04T22:47:56","slug":"sanoll-aventurin-gesichtscreme-50ml","status":"publish","type":"product","link":"https:\/\/sourcenaturelle.eu\/de\/produkt\/sanoll-aventurin-gesichtscreme-50ml\/","title":{"rendered":"Sanoll Aventurin GesichtsCreme, 50ml"},"content":{"rendered":"<p>f\u00fcr junge oder unreine Haut<\/p>\n<p>Diese hochwertige Gesichtscreme besticht durch ihre Leichtigkeit und ist speziell f\u00fcr die hohen Anspr\u00fcche junger Haut konzipiert. Sie ist sparsam in der Anwendung und schont somit Deine Finanzen. Das Aprikosenkern\u00f6l, ein besonderes leichtes \u00d6l f\u00fcr die junge oder unreine Haut, ist im wahrsten Sinn des Wortes \u201eKernkraft\u201d f\u00fcr ein gesundes Hautbild. Jojoba\u00f6l ist eigentlich ein fl\u00fcssiges Wachs und bringt dir einen nachhaltigen atmungsaktiven Hautschutz. Biologische Kr\u00e4uterwirkstoffe wie z.B. Echinacea und Ringelblume k\u00f6nnen Entz\u00fcndungen wirksam vorbeugen. F\u00fcr einen ausgeglichenen Feuchtigkeitshaushalt sorgen das Lavendel Hydrolat, die Johannisbeer-Knospen und die Birkenbl\u00e4tter.<\/p>\n<p>Bio-%: 98 %<br \/>\npH-Wert (ca.): 7,5<br \/>\nTier-Philosophie: vegan<br \/>\nGlutenFREI: ja<br \/>\nLaktoseFREI: ja<\/p>\n<p>Ehrliche VOLLdeklaration: Aventurinwasser, Jojoba\u00f6l*, Lavendel Hydrolat*, Aprikosenkern\u00f6l*, Echinacea Tinktur*, Heilerde wei\u00df, Carnaubawachs*, Kokos\u00f6l*, Rizinus\u00f6l*, Kakaobutter*, Akazienharz*, Ringelblume*, Benzoe\u00f6l, Birkenbl\u00e4tter*, franz\u00f6sische Algen, pflanzliches Vitamin E, Pottasche, Johannisbeerknospen Essenz, Lavendel\u00f6l*, Bl\u00fctenessenz Larch, Kristallessenz Bergkristall und Aventurin. Landwirtschaftlicher Bioanteil 98 %.<\/p>\n","protected":false},"excerpt":{"rendered":"<p>f\u00fcr junge oder unreine Haut<\/p>\n","protected":false},"featured_media":4689,"template":"","meta":{"_kad_post_transparent":"","_kad_post_title":"","_kad_post_layout":"","_kad_post_sidebar_id":"","_kad_post_content_style":"","_kad_post_vertical_padding":"","_kad_post_feature":"","_kad_post_feature_position":"","_kad_post_header":false,"_kad_post_footer":false,"_kad_post_classname":""},"product_brand":[],"product_cat":[204,94,133],"product_tag":[],"class_list":{"0":"post-4691","1":"product","2":"type-product","3":"status-publish","4":"has-post-thumbnail","6":"product_cat-feuchtigkeitspflege","7":"product_cat-gesicht","8":"product_cat-sanoll-de","10":"first","11":"instock","12":"shipping-taxable","13":"purchasable","14":"product-type-simple","15":"entry","16":"content-bg","17":"loop-entry"},"_links":{"self":[{"href":"https:\/\/sourcenaturelle.eu\/de\/wp-json\/wp\/v2\/product\/4691","targetHints":{"allow":["GET"]}}],"collection":[{"href":"https:\/\/sourcenaturelle.eu\/de\/wp-json\/wp\/v2\/product"}],"about":[{"href":"https:\/\/sourcenaturelle.eu\/de\/wp-json\/wp\/v2\/types\/product"}],"wp:featuredmedia":[{"embeddable":true,"href":"https:\/\/sourcenaturelle.eu\/de\/wp-json\/wp\/v2\/media\/4689"}],"wp:attachment":[{"href":"https:\/\/sourcenaturelle.eu\/de\/wp-json\/wp\/v2\/media?parent=4691"}],"wp:term":[{"taxonomy":"product_brand","embeddable":true,"href":"https:\/\/sourcenaturelle.eu\/de\/wp-json\/wp\/v2\/product_brand?post=4691"},{"taxonomy":"product_cat","embeddable":true,"href":"https:\/\/sourcenaturelle.eu\/de\/wp-json\/wp\/v2\/product_cat?post=4691"},{"taxonomy":"product_tag","embeddable":true,"href":"https:\/\/sourcenaturelle.eu\/de\/wp-json\/wp\/v2\/product_tag?post=4691"}],"curies":[{"name":"wp","href":"https:\/\/api.w.org\/{rel}","templated":true}]}}