{"id":4683,"date":"2021-07-04T22:36:07","date_gmt":"2021-07-04T22:36:07","guid":{"rendered":"https:\/\/sourcenaturelle.eu\/product\/sanoll-lippenpflege-balsam-4g\/"},"modified":"2021-07-04T22:36:07","modified_gmt":"2021-07-04T22:36:07","slug":"sanoll-lippenpflege-balsam-4g","status":"publish","type":"product","link":"https:\/\/sourcenaturelle.eu\/de\/produkt\/sanoll-lippenpflege-balsam-4g\/","title":{"rendered":"Sanoll Lippenpflege Balsam, 4g"},"content":{"rendered":"<p>Sinnliche Verf\u00fchrung &#8211; f\u00fcr sinnliche Lippen<\/p>\n<p>Gut pflegender Lippenpflege-Balsam im Tiegel. Biologische Inhaltsstoffe wie Kokos- und Sonnenblumen\u00f6l pflegen die Lippen nachhaltig. Edelwei\u00df bringt leichten nat\u00fcrlichen Sonnenschutz. Optimal auch f\u00fcr eine hygienische Anwendung in der Kosmetik-Kabine, zum Auftragen mit einem Lippenpinsel! Tipp: Beachten Sie bitte unser Kosmetik-Pinsel-Sortiment der Firma Kost-Kamm!<\/p>\n<p>Bio-%: 99 %<br \/>\nTier-Philosophie: vegan<br \/>\nGlutenFREI: ja<br \/>\nLaktoseFREI: ja<\/p>\n<p>Ehrliche VOLLdeklaration: Kokos\u00f6l*, Sonnenblumen\u00f6l*, Carnaubawachs*, Blutorangen\u00f6l*, Edelwei\u00df*, Lavendel*, Sanddornfrucht\u00f6l*, pflanzliches Vitamin E, Kristallessenz Opal. Landwirtschaftlicher Bioanteil 99 %.<\/p>\n","protected":false},"excerpt":{"rendered":"<p>Sinnliche Verf\u00fchrung &#8211; f\u00fcr sinnliche Lippen<\/p>\n","protected":false},"featured_media":4681,"template":"","meta":{"_kad_post_transparent":"","_kad_post_title":"","_kad_post_layout":"","_kad_post_sidebar_id":"","_kad_post_content_style":"","_kad_post_vertical_padding":"","_kad_post_feature":"","_kad_post_feature_position":"","_kad_post_header":false,"_kad_post_footer":false,"_kad_post_classname":""},"product_brand":[],"product_cat":[201,94],"product_tag":[],"class_list":{"0":"post-4683","1":"product","2":"type-product","3":"status-publish","4":"has-post-thumbnail","6":"product_cat-augen-lippen","7":"product_cat-gesicht","9":"first","10":"instock","11":"shipping-taxable","12":"purchasable","13":"product-type-simple","14":"entry","15":"content-bg","16":"loop-entry"},"_links":{"self":[{"href":"https:\/\/sourcenaturelle.eu\/de\/wp-json\/wp\/v2\/product\/4683","targetHints":{"allow":["GET"]}}],"collection":[{"href":"https:\/\/sourcenaturelle.eu\/de\/wp-json\/wp\/v2\/product"}],"about":[{"href":"https:\/\/sourcenaturelle.eu\/de\/wp-json\/wp\/v2\/types\/product"}],"wp:featuredmedia":[{"embeddable":true,"href":"https:\/\/sourcenaturelle.eu\/de\/wp-json\/wp\/v2\/media\/4681"}],"wp:attachment":[{"href":"https:\/\/sourcenaturelle.eu\/de\/wp-json\/wp\/v2\/media?parent=4683"}],"wp:term":[{"taxonomy":"product_brand","embeddable":true,"href":"https:\/\/sourcenaturelle.eu\/de\/wp-json\/wp\/v2\/product_brand?post=4683"},{"taxonomy":"product_cat","embeddable":true,"href":"https:\/\/sourcenaturelle.eu\/de\/wp-json\/wp\/v2\/product_cat?post=4683"},{"taxonomy":"product_tag","embeddable":true,"href":"https:\/\/sourcenaturelle.eu\/de\/wp-json\/wp\/v2\/product_tag?post=4683"}],"curies":[{"name":"wp","href":"https:\/\/api.w.org\/{rel}","templated":true}]}}