{"id":4667,"date":"2021-07-04T21:57:36","date_gmt":"2021-07-04T21:57:36","guid":{"rendered":"https:\/\/sourcenaturelle.eu\/product\/sanoll-opal-augenfaltchen-creme-15ml\/"},"modified":"2021-07-04T21:57:36","modified_gmt":"2021-07-04T21:57:36","slug":"sanoll-opal-augenfaltchen-creme-15ml","status":"publish","type":"product","link":"https:\/\/sourcenaturelle.eu\/de\/produkt\/sanoll-opal-augenfaltchen-creme-15ml\/","title":{"rendered":"Sanoll Opal Augenf\u00e4ltchen Creme, 15ml"},"content":{"rendered":"<p>Sinnliche Verf\u00fchrung &#8211; zur Pflege der empfindlichen Haut um die Augen<\/p>\n<p>Wertvolles zartes Rosen\u00f6l und Avocado\u00f6l pflegen die sensible Augenpartie intensiv und nachhaltig. Avocado\u00f6l zeichnet sich durch zahlreiche bioaktive Wirkstoffe wie z.B. Lecithin und fettl\u00f6sliche Vitamine A, E und D aus. Die Kraft des Opals kann laut Edelstein-Literatur vor Hautalterung und Faltenbildung sch\u00fctzen.<\/p>\n<p>Bio-%: 99 %<br \/>\nTier-Philosophie: vegan<br \/>\nGlutenFREI: ja<br \/>\nLaktoseFREI: ja<\/p>\n<p>Ehrliche VOLLdeklaration: Aprikosenkern\u00f6l*, Kreide, Sesam\u00f6l*, Carnaubawachs*, Avokado\u00f6l*, Malven Tinktur*, pflanzliches Vitamin E, Rosen\u00f6l-Damascena*, Rosen\u00f6l-Gallica, Bl\u00fctenessenz Goldmohn, Kristallessenz Opal und Rubin. Landwirtschaftlicher Bioanteil 99 %.<\/p>\n","protected":false},"excerpt":{"rendered":"<p>Sinnliche Verf\u00fchrung &#8211; zur Pflege der empfindlichen Haut um die Augen<\/p>\n","protected":false},"featured_media":4665,"template":"","meta":{"_kad_post_transparent":"","_kad_post_title":"","_kad_post_layout":"","_kad_post_sidebar_id":"","_kad_post_content_style":"","_kad_post_vertical_padding":"","_kad_post_feature":"","_kad_post_feature_position":"","_kad_post_header":false,"_kad_post_footer":false,"_kad_post_classname":""},"product_brand":[],"product_cat":[201,94,133],"product_tag":[],"class_list":{"0":"post-4667","1":"product","2":"type-product","3":"status-publish","4":"has-post-thumbnail","6":"product_cat-augen-lippen","7":"product_cat-gesicht","8":"product_cat-sanoll-de","10":"first","11":"instock","12":"shipping-taxable","13":"purchasable","14":"product-type-simple","15":"entry","16":"content-bg","17":"loop-entry"},"_links":{"self":[{"href":"https:\/\/sourcenaturelle.eu\/de\/wp-json\/wp\/v2\/product\/4667","targetHints":{"allow":["GET"]}}],"collection":[{"href":"https:\/\/sourcenaturelle.eu\/de\/wp-json\/wp\/v2\/product"}],"about":[{"href":"https:\/\/sourcenaturelle.eu\/de\/wp-json\/wp\/v2\/types\/product"}],"wp:featuredmedia":[{"embeddable":true,"href":"https:\/\/sourcenaturelle.eu\/de\/wp-json\/wp\/v2\/media\/4665"}],"wp:attachment":[{"href":"https:\/\/sourcenaturelle.eu\/de\/wp-json\/wp\/v2\/media?parent=4667"}],"wp:term":[{"taxonomy":"product_brand","embeddable":true,"href":"https:\/\/sourcenaturelle.eu\/de\/wp-json\/wp\/v2\/product_brand?post=4667"},{"taxonomy":"product_cat","embeddable":true,"href":"https:\/\/sourcenaturelle.eu\/de\/wp-json\/wp\/v2\/product_cat?post=4667"},{"taxonomy":"product_tag","embeddable":true,"href":"https:\/\/sourcenaturelle.eu\/de\/wp-json\/wp\/v2\/product_tag?post=4667"}],"curies":[{"name":"wp","href":"https:\/\/api.w.org\/{rel}","templated":true}]}}