{"id":4660,"date":"2021-07-04T21:38:59","date_gmt":"2021-07-04T21:38:59","guid":{"rendered":"https:\/\/sourcenaturelle.eu\/product\/sanoll-opal-feuchtigkeitsfluid-30ml\/"},"modified":"2021-07-04T21:38:59","modified_gmt":"2021-07-04T21:38:59","slug":"sanoll-opal-feuchtigkeitsfluid-30ml","status":"publish","type":"product","link":"https:\/\/sourcenaturelle.eu\/de\/produkt\/sanoll-opal-feuchtigkeitsfluid-30ml\/","title":{"rendered":"Sanoll Opal FeuchtigkeitsFluid, 30ml"},"content":{"rendered":"<p>Sinnliche Verf\u00fchrung &#8211; f\u00fcr alle Hauttypen<\/p>\n<p>Rosen Hydrolat und Aloe Vera Ursaft k\u00f6nnen den Feuchtigkeitshaushalt unserer Haut unterst\u00fctzen. Augentrost kann bei dunklen Schatten unter den Augen hilfreich sein. Dieses Fluid dient als Feuchtigkeit spendende Creme-Grundlage oder als \u201eleichte k\u00fchlende Pflege\u201d, z.B. an hei\u00dfen Sommertagen.<\/p>\n<p>Bio-%: 96 %<br \/>\npH-Wert (ca.): 3,8<br \/>\nTier-Philosophie: vegan<br \/>\nGlutenFREI: ja<br \/>\nLaktoseFREI: ja<\/p>\n<p>Ehrliche VOLLdeklaration: Opalwasser, Aloe Vera Ursaft*, Rosen Hydrolat*, Goldmelisse Tinktur*, Malven Tinktur*, Sesam\u00f6l*, Nachtkerzen\u00f6l*, Sclerotiumgum, Akazienharz*, Augentrost*, pflanzliches Vitamin E, Amyris\u00f6l, Shiu\u00f6l, Rosengeranie*, Bergamotte*, Bl\u00fctenessenz Crab Apple &#038; Larch. Landwirtschaftlicher Bioanteil 96 %.<\/p>\n","protected":false},"excerpt":{"rendered":"<p>Sinnliche Verf\u00fchrung &#8211; f\u00fcr alle Hauttypen<\/p>\n","protected":false},"featured_media":4657,"template":"","meta":{"_kad_post_transparent":"","_kad_post_title":"","_kad_post_layout":"","_kad_post_sidebar_id":"","_kad_post_content_style":"","_kad_post_vertical_padding":"","_kad_post_feature":"","_kad_post_feature_position":"","_kad_post_header":false,"_kad_post_footer":false,"_kad_post_classname":""},"product_brand":[],"product_cat":[204,94,133],"product_tag":[],"class_list":{"0":"post-4660","1":"product","2":"type-product","3":"status-publish","4":"has-post-thumbnail","6":"product_cat-feuchtigkeitspflege","7":"product_cat-gesicht","8":"product_cat-sanoll-de","10":"first","11":"instock","12":"shipping-taxable","13":"purchasable","14":"product-type-simple","15":"entry","16":"content-bg","17":"loop-entry"},"_links":{"self":[{"href":"https:\/\/sourcenaturelle.eu\/de\/wp-json\/wp\/v2\/product\/4660","targetHints":{"allow":["GET"]}}],"collection":[{"href":"https:\/\/sourcenaturelle.eu\/de\/wp-json\/wp\/v2\/product"}],"about":[{"href":"https:\/\/sourcenaturelle.eu\/de\/wp-json\/wp\/v2\/types\/product"}],"wp:featuredmedia":[{"embeddable":true,"href":"https:\/\/sourcenaturelle.eu\/de\/wp-json\/wp\/v2\/media\/4657"}],"wp:attachment":[{"href":"https:\/\/sourcenaturelle.eu\/de\/wp-json\/wp\/v2\/media?parent=4660"}],"wp:term":[{"taxonomy":"product_brand","embeddable":true,"href":"https:\/\/sourcenaturelle.eu\/de\/wp-json\/wp\/v2\/product_brand?post=4660"},{"taxonomy":"product_cat","embeddable":true,"href":"https:\/\/sourcenaturelle.eu\/de\/wp-json\/wp\/v2\/product_cat?post=4660"},{"taxonomy":"product_tag","embeddable":true,"href":"https:\/\/sourcenaturelle.eu\/de\/wp-json\/wp\/v2\/product_tag?post=4660"}],"curies":[{"name":"wp","href":"https:\/\/api.w.org\/{rel}","templated":true}]}}