{"id":4640,"date":"2021-07-04T20:24:25","date_gmt":"2021-07-04T20:24:25","guid":{"rendered":"https:\/\/sourcenaturelle.eu\/product\/sanoll-aquamarin-gesichtscreme-50ml\/"},"modified":"2021-07-04T20:24:25","modified_gmt":"2021-07-04T20:24:25","slug":"sanoll-aquamarin-gesichtscreme-50ml","status":"publish","type":"product","link":"https:\/\/sourcenaturelle.eu\/de\/produkt\/sanoll-aquamarin-gesichtscreme-50ml\/","title":{"rendered":"Sanoll Aquamarin GesichtsCreme, 50ml"},"content":{"rendered":"<p>Quelle der Nat\u00fcrlichkeit &#8211; f\u00fcr trockene Haut<br \/>\nAquamarin bedeutet \u201eMeerwasser\u201d und der Aquamarin gilt als Schutzstein der Meerjungfrauen. Wenn trockener Haut etwas fehlt, kann die Kristallkraft des Aquamarins gemeinsam mit der Aloe Vera, sowie den Birnen- und Sanddorn-Knospen das Zusammenwirken aller K\u00f6rpers\u00e4fte regulieren. So kann trockene Haut oft nachhaltig die fehlenden Substanzen aufnehmen und die k\u00f6rpereigenen Regulationsmechanismen finden ins Gleichgewicht<\/p>\n<p>Bio-%: 98 %<br \/>\npH-Wert (ca.): 7,3<br \/>\nTier-Philosophie: vegan<br \/>\nGlutenFREI: ja<br \/>\nLaktoseFREI: ja<\/p>\n<p>Ehrliche VOLLdeklaration: Rosenquarzwasser, Jojoba\u00f6l*, Aloe Vera Ursaft*, Mandel\u00f6l*, Lavendel Hydrolat*, Oliven\u00f6l*, K\u00f6nigskerze Tinktur*, Sonnenblumen\u00f6l*, Carnaubawachs*, Kokos\u00f6l*, Kakaobutter*, Akazienharz*, pflanzliches Vitamin E, franz\u00f6sische Algen, Blutorangen\u00f6l*, Pottasche, Grapefruit\u00f6l *, Limette*, Birnenknospen Essenz, Copaibabalsam, Sanddornknospen Essenz, Lavendel\u00f6l*, Bl\u00fctenessenz Centaury, Kristallessenz Rosenquarz, -Amethyst, -Aquamarin. Landwirtschaftlicher Bioanteil 98 %.<\/p>\n","protected":false},"excerpt":{"rendered":"<p>Quelle der Nat\u00fcrlichkeit &#8211; f\u00fcr trockene Haut<\/p>\n","protected":false},"featured_media":4638,"template":"","meta":{"_kad_post_transparent":"","_kad_post_title":"","_kad_post_layout":"","_kad_post_sidebar_id":"","_kad_post_content_style":"","_kad_post_vertical_padding":"","_kad_post_feature":"","_kad_post_feature_position":"","_kad_post_header":false,"_kad_post_footer":false,"_kad_post_classname":""},"product_brand":[],"product_cat":[204,94,133],"product_tag":[],"class_list":{"0":"post-4640","1":"product","2":"type-product","3":"status-publish","4":"has-post-thumbnail","6":"product_cat-feuchtigkeitspflege","7":"product_cat-gesicht","8":"product_cat-sanoll-de","10":"first","11":"instock","12":"shipping-taxable","13":"purchasable","14":"product-type-simple","15":"entry","16":"content-bg","17":"loop-entry"},"_links":{"self":[{"href":"https:\/\/sourcenaturelle.eu\/de\/wp-json\/wp\/v2\/product\/4640","targetHints":{"allow":["GET"]}}],"collection":[{"href":"https:\/\/sourcenaturelle.eu\/de\/wp-json\/wp\/v2\/product"}],"about":[{"href":"https:\/\/sourcenaturelle.eu\/de\/wp-json\/wp\/v2\/types\/product"}],"wp:featuredmedia":[{"embeddable":true,"href":"https:\/\/sourcenaturelle.eu\/de\/wp-json\/wp\/v2\/media\/4638"}],"wp:attachment":[{"href":"https:\/\/sourcenaturelle.eu\/de\/wp-json\/wp\/v2\/media?parent=4640"}],"wp:term":[{"taxonomy":"product_brand","embeddable":true,"href":"https:\/\/sourcenaturelle.eu\/de\/wp-json\/wp\/v2\/product_brand?post=4640"},{"taxonomy":"product_cat","embeddable":true,"href":"https:\/\/sourcenaturelle.eu\/de\/wp-json\/wp\/v2\/product_cat?post=4640"},{"taxonomy":"product_tag","embeddable":true,"href":"https:\/\/sourcenaturelle.eu\/de\/wp-json\/wp\/v2\/product_tag?post=4640"}],"curies":[{"name":"wp","href":"https:\/\/api.w.org\/{rel}","templated":true}]}}