{"id":4632,"date":"2021-07-04T18:34:08","date_gmt":"2021-07-04T18:34:08","guid":{"rendered":"https:\/\/sourcenaturelle.eu\/product\/sanoll-bergkristall-gesichtscreme-30ml\/"},"modified":"2021-07-04T18:34:08","modified_gmt":"2021-07-04T18:34:08","slug":"sanoll-bergkristall-gesichtscreme-30ml","status":"publish","type":"product","link":"https:\/\/sourcenaturelle.eu\/de\/produkt\/sanoll-bergkristall-gesichtscreme-30ml\/","title":{"rendered":"Sanoll Bergkristall GesichtsCreme, 30ml"},"content":{"rendered":"<p>Klarheit &#038; Freude &#8211; f\u00fcr normale Haut<\/p>\n<p>Bio-Vegane Gesichtscreme bei normaler gesunder Haut. Feine Inhaltsstoffe wie Aprikosenkern\u00f6l und die G\u00e4nsebl\u00fcmchen-Tinktur vermittelt ein sanft-gepflegtes Hautgef\u00fchl. Tipp: Optimal auch als \u201eBasis-Creme\u201c in der Kosmetik-Kabine, zum individuellen Beimischen von 10-20 Tropfen passender TEM-Essenzen, Hydrolat oder Gold\u00d6l. So k\u00f6nnen auf Wunsch individuelle Gesichtscremen f\u00fcr Sie oder Ihre Kunden entstehen!<\/p>\n<p>Bio-%: 98 %<br \/>\npH-Wert (ca.): 5,8<br \/>\nTier-Philosophie: vegan<br \/>\nGlutenFREI: ja<br \/>\nLaktoseFREI: ja<\/p>\n<p>Ehrliche VOLLdeklaration: Bergkristallwasser, Kokos\u00f6l*, Rosen Hydrolat*, Jojoba\u00f6l*, Mandel\u00f6l*, Carnaubawachs*, Weingeist*, Aprikosenkern\u00f6l*, Sonnenblumen\u00f6l*, Akazienharz*, G\u00e4nsebl\u00fcmchentinktur*, franz\u00f6sische Algen, pflanzliches Vitamin E, Shiu\u00f6l, Kristallessenz Bergkristall. Landwirtschaftlicher Bioanteil 98 %.<\/p>\n","protected":false},"excerpt":{"rendered":"<p>Klarheit &#038; Freude &#8211; f\u00fcr normale Haut<\/p>\n","protected":false},"featured_media":4630,"template":"","meta":{"_kad_post_transparent":"","_kad_post_title":"","_kad_post_layout":"","_kad_post_sidebar_id":"","_kad_post_content_style":"","_kad_post_vertical_padding":"","_kad_post_feature":"","_kad_post_feature_position":"","_kad_post_header":false,"_kad_post_footer":false,"_kad_post_classname":""},"product_brand":[],"product_cat":[204,94,133],"product_tag":[],"class_list":{"0":"post-4632","1":"product","2":"type-product","3":"status-publish","4":"has-post-thumbnail","6":"product_cat-feuchtigkeitspflege","7":"product_cat-gesicht","8":"product_cat-sanoll-de","10":"first","11":"instock","12":"shipping-taxable","13":"purchasable","14":"product-type-simple","15":"entry","16":"content-bg","17":"loop-entry"},"_links":{"self":[{"href":"https:\/\/sourcenaturelle.eu\/de\/wp-json\/wp\/v2\/product\/4632","targetHints":{"allow":["GET"]}}],"collection":[{"href":"https:\/\/sourcenaturelle.eu\/de\/wp-json\/wp\/v2\/product"}],"about":[{"href":"https:\/\/sourcenaturelle.eu\/de\/wp-json\/wp\/v2\/types\/product"}],"wp:featuredmedia":[{"embeddable":true,"href":"https:\/\/sourcenaturelle.eu\/de\/wp-json\/wp\/v2\/media\/4630"}],"wp:attachment":[{"href":"https:\/\/sourcenaturelle.eu\/de\/wp-json\/wp\/v2\/media?parent=4632"}],"wp:term":[{"taxonomy":"product_brand","embeddable":true,"href":"https:\/\/sourcenaturelle.eu\/de\/wp-json\/wp\/v2\/product_brand?post=4632"},{"taxonomy":"product_cat","embeddable":true,"href":"https:\/\/sourcenaturelle.eu\/de\/wp-json\/wp\/v2\/product_cat?post=4632"},{"taxonomy":"product_tag","embeddable":true,"href":"https:\/\/sourcenaturelle.eu\/de\/wp-json\/wp\/v2\/product_tag?post=4632"}],"curies":[{"name":"wp","href":"https:\/\/api.w.org\/{rel}","templated":true}]}}