{"id":4624,"date":"2021-07-04T17:28:05","date_gmt":"2021-07-04T17:28:05","guid":{"rendered":"https:\/\/sourcenaturelle.eu\/product\/sanoll-aventurine-hair-body-shampoo-200ml-de\/"},"modified":"2021-07-04T17:28:05","modified_gmt":"2021-07-04T17:28:05","slug":"sanoll-aventurine-hair-body-shampoo-200ml-de","status":"publish","type":"product","link":"https:\/\/sourcenaturelle.eu\/de\/produkt\/sanoll-aventurine-hair-body-shampoo-200ml-de\/","title":{"rendered":"Sanoll Aventurine Hair &#038; Body Shampoo, 200ml"},"content":{"rendered":"<p>zum Duschen und Haare waschen<\/p>\n<p>Damit Deine Haut und Dein Haar in ihr Gleichgewicht finden k\u00f6nnen, sollen sie t\u00e4glich mit hautschonenden milden Pflegeprodukten verw\u00f6hnt werden. Milde Reinigung ist f\u00fcr die sensible junge Haut von besonderer Bedeutung und der Schl\u00fcssel f\u00fcr ein gesundes, sch\u00f6nes und ausgeglichenes Erscheinungsbild. Das biologische Jojoba\u00f6l, welches eigentlich ein fl\u00fcssiges Pflanzenwachs ist, bringt Deiner sensiblen Haut schon beim Duschen eine leichte, atmungsaktive und doch nachhaltige Pflege. Einfach nach dem Motto: \u201eDuschen und Lotion in Einem\u201d. Tipp: Dieses Hair &#038; Body Shampoo f\u00f6rdert bei normalem bis trockenem Haar gesunden Glanz und Elastizit\u00e4t. F\u00fcr andere Haartypen bieten wir im breiten Sanoll-Sortiment das passende Haarshampoo an.<\/p>\n<p>Bio-%: 98 %<br \/>\npH-Wert (ca.): 5,0<br \/>\nTier-Philosophie: vegan<br \/>\nGlutenFREI: ja<br \/>\nLaktoseFREI: ja<\/p>\n<p>Ehrliche VOLLdeklaration: Bergkristall- und Aventurinwasser, Zuckertensid, Sonnenblumen\u00f6l*, Zitronens\u00e4ure, Jojoba\u00f6l*, Ringelblumen Tinktur*, Xanthan, Weingeist*, pflanzliches Vitamin E, Grapefruit\u00f6l*, Bl\u00fctenessenz Crab Apple und Larch. Landwirtschaftlicher Bioanteil 98 %.<\/p>\n","protected":false},"excerpt":{"rendered":"<p>zum Duschen und Haare waschen<\/p>\n","protected":false},"featured_media":4622,"template":"","meta":{"_kad_post_transparent":"","_kad_post_title":"","_kad_post_layout":"","_kad_post_sidebar_id":"","_kad_post_content_style":"","_kad_post_vertical_padding":"","_kad_post_feature":"","_kad_post_feature_position":"","_kad_post_header":false,"_kad_post_footer":false,"_kad_post_classname":""},"product_brand":[],"product_cat":[189,106,76,133,210],"product_tag":[],"class_list":{"0":"post-4624","1":"product","2":"type-product","3":"status-publish","4":"has-post-thumbnail","6":"product_cat-bad-dusche","7":"product_cat-haare","8":"product_cat-koerper","9":"product_cat-sanoll-de","10":"product_cat-shampoo-spulung","12":"first","13":"instock","14":"shipping-taxable","15":"purchasable","16":"product-type-simple","17":"entry","18":"content-bg","19":"loop-entry"},"_links":{"self":[{"href":"https:\/\/sourcenaturelle.eu\/de\/wp-json\/wp\/v2\/product\/4624","targetHints":{"allow":["GET"]}}],"collection":[{"href":"https:\/\/sourcenaturelle.eu\/de\/wp-json\/wp\/v2\/product"}],"about":[{"href":"https:\/\/sourcenaturelle.eu\/de\/wp-json\/wp\/v2\/types\/product"}],"wp:featuredmedia":[{"embeddable":true,"href":"https:\/\/sourcenaturelle.eu\/de\/wp-json\/wp\/v2\/media\/4622"}],"wp:attachment":[{"href":"https:\/\/sourcenaturelle.eu\/de\/wp-json\/wp\/v2\/media?parent=4624"}],"wp:term":[{"taxonomy":"product_brand","embeddable":true,"href":"https:\/\/sourcenaturelle.eu\/de\/wp-json\/wp\/v2\/product_brand?post=4624"},{"taxonomy":"product_cat","embeddable":true,"href":"https:\/\/sourcenaturelle.eu\/de\/wp-json\/wp\/v2\/product_cat?post=4624"},{"taxonomy":"product_tag","embeddable":true,"href":"https:\/\/sourcenaturelle.eu\/de\/wp-json\/wp\/v2\/product_tag?post=4624"}],"curies":[{"name":"wp","href":"https:\/\/api.w.org\/{rel}","templated":true}]}}